{"id":1110,"date":"2020-08-10T21:39:19","date_gmt":"2020-08-10T21:39:19","guid":{"rendered":"http:\/\/www.geekecuador.com\/redd\/?page_id=1110"},"modified":"2024-07-22T19:35:30","modified_gmt":"2024-07-22T19:35:30","slug":"mesa-de-trabajo-redd","status":"publish","type":"page","link":"https:\/\/reddecuador.ambiente.gob.ec\/redd\/?page_id=1110","title":{"rendered":"Mesa de Trabajo REDD+"},"content":{"rendered":"<h4>\n<p><img loading=\"lazy\" decoding=\"async\" class=\"alignnone size-full wp-image-393\" src=\"\/redd\/wp-content\/uploads\/01bullet_blanca.png\" alt=\"\" width=\"12\" height=\"60\" \/> Mesa de Trabajo REDD+<\/p>\n<p><\/h4>\n<p><img decoding=\"async\" src=\"\/redd\/wp-content\/uploads\/Image-2024-07-12-at-11.33.36.jpeg\" alt=\"\"><\/p>\n<div>\n<p>Se convoca a las organizaciones sociales del Ecuador continental, colectivos y organizaciones de mujeres, j\u00f3venes, organizaciones de pueblos y nacionalidades ind\u00edgenas a participar de la convocatoria del 4to periodo de la Mesa de Trabajo REDD+<\/p>\n<p>Recuerda, <strong>tienes hasta el 31 de julio para que tu organizaci\u00f3n forme parte del cuarto periodo<\/strong> de la Mesa de Trabajo REDD+.<\/p>\n<p style=\"text-align: center;\">Descarga la informaci\u00f3n aqu\u00ed:<\/p>\n<\/div>\n<h1><b><em><a href=\"https:\/\/drive.google.com\/drive\/u\/0\/folders\/1P-bXJWPioCfC2N2LdiDSOANnZh4Z1Q4n\">BASES DE POSTULACI\u00d3N<\/a><\/em><\/b><\/h1>\n<div>\n<p style=\"text-align: justify;\"><strong>El MAATE a trav\u00e9s de la Subsecretar\u00eda de Cambio Clim\u00e1tico<\/strong>, lidera desde el 2009 el proceso de construcci\u00f3n e implementaci\u00f3n del Plan de Acci\u00f3n REDD+: Bosques para el Buen Vivir 2016-2025 (PA REDD+), el cual constituye el instrumento de pol\u00edtica p\u00fablica nacional que da las directrices y lineamientos que atiendan de forma directa las causas de la deforestaci\u00f3n y degradaci\u00f3n de bosques, considerando las necesidades locales y sus prioridades de desarrollo.<\/p>\n<\/div>\n<div>\n<p style=\"text-align: justify;\"><strong>La participaci\u00f3n de actores relevantes<\/strong> como comunidades, pueblos y nacionalidades ind\u00edgenas que dependen de los bosques para su subsistencia, ONG, sector privado, resulta fundamental para el \u00e9xito de REDD+, tanto en la fase de preparaci\u00f3n como en la de implementaci\u00f3n. Durante la etapa de preparaci\u00f3n, es importante crear las condiciones necesarias que permitan en el futuro el establecimiento de espacios de di\u00e1logo para una efectiva participaci\u00f3n de actores.<\/p>\n<\/div>\n<ul>\n<li>\n<p>        <img decoding=\"async\" src=\"\/redd\/wp-content\/uploads\/mesaredd3.jpg\" alt=\"\"><\/p>\n<h3>Mesa REDD+<\/h3>\n<\/li>\n<li>\n<p>        <img decoding=\"async\" src=\"\/redd\/wp-content\/uploads\/mesaredd2.jpg\" alt=\"\"><\/p>\n<h3>Mesa REDD+<\/h3>\n<\/li>\n<li>\n<p>        <img decoding=\"async\" src=\"\/redd\/wp-content\/uploads\/mesaredd1.jpg\" alt=\"\"><\/p>\n<h3>Mesa REDD+<\/h3>\n<\/li>\n<\/ul>\n<h1>Mesa de Trabajo REDD+, un espacio formal de di\u00e1logo nacional<\/h1>\n<div>\n<p style=\"text-align: center;\"><strong>La Mesa de Trabajo REDD+<\/strong> se constituye en la actualidad como uno de los espacios de involucramiento y participaci\u00f3n ciudadana del sector ambiental m\u00e1s importantes y sostenidos del pa\u00eds, siendo un canal de di\u00e1logo directo y abierto entre la Autoridad Nacional REDD+ de Ecuador y la sociedad civil, pueblos y nacionalidades ind\u00edgenas, afros, montubios, mujeres y j\u00f3venes, que desde el 2012 ha incidido en la pol\u00edtica p\u00fablica que gu\u00eda las acciones para la Reducci\u00f3n de Emisiones por Deforestaci\u00f3n y Degradaci\u00f3n de Bosques \u2013 REDD+.<\/p>\n<\/div>\n<h1><span style=\"color: #993300;\"><strong>MESA DE TRABAJO REDD+<\/strong><\/span><\/h1>\n<div>\n<p style=\"text-align: justify;\"><strong>La Mesa de Trabajo REDD+<\/strong> es un espacio formal de di\u00e1logo, involucramiento, participaci\u00f3n, deliberaci\u00f3n, consulta y seguimiento de los actores clave, en los procesos que lleva adelante el Ministerio del Ambiente y Agua, en el marco de la fase de preparaci\u00f3n nacional e implementaci\u00f3n de REDD+, creado en el 2012 e institucionalizado por el MAATE bajo Acuerdo Ministerial No. 049, en julio del 2017, con el apoyo t\u00e9cnico y financiero del <strong>Programa de las Naciones Unidas para el Desarrollo (PNUD).<\/strong><\/p>\n<p style=\"text-align: justify;\"><strong>La Mesa de Trabajo REDD+<\/strong> cuenta con 3 per\u00edodos de funcionamiento, a partir del a\u00f1o 2013 al 2015 (primer per\u00edodo), del 2016 al 2019 (segundo per\u00edodo) y del 2020 al 2022 (tercer per\u00edodo) .<\/p>\n<\/div>\n<p>\n    <a href=\"http:\/\/localhost\/mesareddmas\">Ir al Micrositio de la Mesa de Trabajo REDD+<\/a>\n<\/p>\n<h1>CONVOCATORIA Cuarto Periodo de la Mesa de Trabajo REDD+<\/h1>\n<p><!--more--><br \/>\n<!-- {\"children\":[{\"name\":\"Hero\",\"type\":\"section\",\"props\":{\"style\":\"default\",\"width\":\"\",\"vertical_align\":\"\",\"title_position\":\"top-left\",\"title_rotation\":\"left\",\"title_breakpoint\":\"xl\",\"image_position\":\"center-center\",\"padding_remove_top\":true,\"padding\":\"none\",\"image\":\"wp-content\\\/uploads\\\/foto_ama.jpg\",\"media_overlay\":\"rgba(0, 0, 0, 0.34)\",\"image_parallax_easing\":\"0\",\"media_blend_mode\":\"overlay\",\"animation\":\"slide-top-medium\",\"animation_delay\":\"200\",\"image_size\":\"cover\"},\"children\":[{\"name\":\"\",\"type\":\"row\",\"children\":[{\"name\":\"\",\"type\":\"column\",\"props\":{\"image_position\":\"center-center\",\"media_overlay_gradient\":\"\",\"width_medium\":\"1-1\"},\"children\":[{\"type\":\"headline\",\"props\":{\"title_element\":\"h4\",\"text_align\":\"center\",\"title_style\":\"h4\",\"title_font_family\":\"primary\",\"css\":\".el-element {color: #fff;}\",\"content\":\"<br \\\/><br \\\/><img class=\\\"alignnone size-full wp-image-393\\\" src=\\\"wp-content\\\/uploads\\\/01bullet_blanca.png\\\" alt=\\\"\\\" width=\\\"12\\\" height=\\\"60\\\" \\\/> Mesa de Trabajo REDD+<br \\\/><br \\\/><br \\\/>\"}}]}]}]},{\"name\":\"About\",\"type\":\"section\",\"props\":{\"style\":\"default\",\"width\":\"large\",\"vertical_align\":\"\",\"title_position\":\"top-left\",\"title_rotation\":\"left\",\"title_breakpoint\":\"xl\",\"image_position\":\"center-center\",\"padding\":\"small\",\"padding_remove_bottom\":false,\"padding_remove_top\":false,\"animation\":\"slide-top-medium\",\"animation_delay\":\"200\"},\"children\":[{\"name\":\"\",\"type\":\"row\",\"props\":{\"margin\":\"large\",\"layout\":\"1-2,1-2\",\"column_gap\":\"large\",\"divider\":true},\"children\":[{\"name\":\"\",\"type\":\"column\",\"props\":{\"image_position\":\"center-center\",\"media_overlay_gradient\":\"\",\"width_medium\":\"1-2\"},\"children\":[{\"type\":\"image\",\"props\":{\"margin\":\"default\",\"image_svg_color\":\"emphasis\",\"image\":\"wp-content\\\/uploads\\\/Image-2024-07-12-at-11.33.36.jpeg\",\"image_width\":\"500\",\"image_height\":\"500\",\"position\":\"relative\",\"position_right\":\"-130\"}}]},{\"type\":\"column\",\"props\":{\"image_position\":\"center-center\",\"media_overlay_gradient\":\"\",\"width_medium\":\"1-2\"},\"children\":[{\"name\":\"\",\"type\":\"text\",\"props\":{\"margin\":\"\",\"column_breakpoint\":\"m\",\"content\":\"\n\n<p>Se convoca a las organizaciones sociales del Ecuador continental, colectivos y organizaciones de mujeres, j\\u00f3venes, organizaciones de pueblos y nacionalidades ind\\u00edgenas a participar de la convocatoria del 4to periodo de la Mesa de Trabajo REDD+<\\\/p>\\n\n\n<p>Recuerda, <strong>tienes hasta el 31 de julio para que tu organizaci\\u00f3n forme parte del cuarto periodo<\\\/strong> de la Mesa de Trabajo REDD+.<\\\/p>\\n\n\n<p style=\\\"text-align: center;\\\">Descarga la informaci\\u00f3n aqu\\u00ed:<\\\/p>\",\"column_divider\":false,\"text_size\":\"large\",\"text_color\":\"emphasis\",\"text_style\":\"lead\",\"position\":\"relative\",\"position_right\":\"30\",\"text_align\":\"center\",\"position_top\":\"120\"}},{\"type\":\"headline\",\"props\":{\"title_element\":\"h1\",\"content\":\"<b><em><a href=\\\"https:\\\/\\\/drive.google.com\\\/drive\\\/u\\\/0\\\/folders\\\/1P-bXJWPioCfC2N2LdiDSOANnZh4Z1Q4n\\\">BASES DE POSTULACI\\u00d3N<\\\/a><\\\/em><\\\/b>\",\"text_align\":\"center\",\"title_style\":\"h5\",\"title_font_family\":\"primary\",\"position\":\"relative\",\"position_top\":\"140\",\"position_right\":\"30\",\"title_color\":\"warning\",\"title_decoration\":\"line\"}}]}]}]},{\"type\":\"section\",\"props\":{\"style\":\"secondary\",\"width\":\"default\",\"vertical_align\":\"middle\",\"title_position\":\"top-left\",\"title_rotation\":\"left\",\"title_breakpoint\":\"xl\",\"image_position\":\"center-center\",\"preserve_color\":false,\"overlap\":false,\"padding_remove_bottom\":true,\"padding\":\"xsmall\",\"css\":\".el-section {background-color:#949300;}\"},\"children\":[{\"type\":\"row\",\"children\":[{\"type\":\"column\",\"props\":{\"image_position\":\"center-center\",\"media_overlay_gradient\":\"\"},\"children\":[]}]}]},{\"name\":\"About\",\"type\":\"section\",\"props\":{\"style\":\"default\",\"width\":\"large\",\"vertical_align\":\"\",\"title_position\":\"top-left\",\"title_rotation\":\"left\",\"title_breakpoint\":\"xl\",\"image_position\":\"center-center\",\"padding\":\"small\",\"padding_remove_bottom\":false,\"padding_remove_top\":false,\"animation\":\"slide-top-medium\",\"animation_delay\":\"200\"},\"children\":[{\"name\":\"\",\"type\":\"row\",\"props\":{\"margin\":\"large\",\"layout\":\"1-2,1-2\",\"column_gap\":\"large\",\"divider\":true},\"children\":[{\"name\":\"\",\"type\":\"column\",\"props\":{\"image_position\":\"center-center\",\"media_overlay_gradient\":\"\",\"width_medium\":\"1-2\"},\"children\":[{\"name\":\"\",\"type\":\"text\",\"props\":{\"margin\":\"\",\"column_breakpoint\":\"m\",\"content\":\"\n\n<p style=\\\"text-align: justify;\\\"><strong>El MAATE a trav\\u00e9s de la Subsecretar\\u00eda de Cambio Clim\\u00e1tico<\\\/strong>, lidera desde el 2009 el proceso de construcci\\u00f3n e implementaci\\u00f3n del Plan de Acci\\u00f3n REDD+: Bosques para el Buen Vivir 2016-2025 (PA REDD+), el cual constituye el instrumento de pol\\u00edtica p\\u00fablica nacional que da las directrices y lineamientos que atiendan de forma directa las causas de la deforestaci\\u00f3n y degradaci\\u00f3n de bosques, considerando las necesidades locales y sus prioridades de desarrollo.<\\\/p>\",\"column_divider\":false}}]},{\"type\":\"column\",\"props\":{\"image_position\":\"center-center\",\"media_overlay_gradient\":\"\",\"width_medium\":\"1-2\"},\"children\":[{\"name\":\"\",\"type\":\"text\",\"props\":{\"margin\":\"\",\"column_breakpoint\":\"m\",\"content\":\"\n\n<p style=\\\"text-align: justify;\\\"><strong>La participaci\\u00f3n de actores relevantes<\\\/strong> como comunidades, pueblos y nacionalidades ind\\u00edgenas que dependen de los bosques para su subsistencia, ONG, sector privado, resulta fundamental para el \\u00e9xito de REDD+, tanto en la fase de preparaci\\u00f3n como en la de implementaci\\u00f3n. Durante la etapa de preparaci\\u00f3n, es importante crear las condiciones necesarias que permitan en el futuro el establecimiento de espacios de di\\u00e1logo para una efectiva participaci\\u00f3n de actores.<\\\/p>\",\"column_divider\":false}}]}]}]},{\"type\":\"section\",\"props\":{\"style\":\"default\",\"width\":\"large\",\"vertical_align\":\"middle\",\"title_position\":\"top-left\",\"title_rotation\":\"left\",\"title_breakpoint\":\"xl\",\"image_position\":\"center-center\",\"padding\":\"xsmall\",\"padding_remove_top\":true,\"animation\":\"slide-top-medium\",\"animation_delay\":\"200\"},\"children\":[{\"type\":\"row\",\"children\":[{\"type\":\"column\",\"props\":{\"image_position\":\"center-center\",\"media_overlay_gradient\":\"\"},\"children\":[{\"type\":\"gallery\",\"props\":{\"show_title\":false,\"show_meta\":true,\"show_content\":true,\"show_link\":true,\"show_hover_image\":true,\"grid_default\":\"1\",\"grid_medium\":\"3\",\"filter_style\":\"tab\",\"filter_all\":true,\"filter_position\":\"top\",\"filter_align\":\"left\",\"filter_grid_width\":\"auto\",\"overlay_mode\":\"cover\",\"overlay_hover\":true,\"overlay_style\":\"\",\"text_color\":\"light\",\"overlay_position\":\"center\",\"overlay_transition\":\"fade\",\"title_element\":\"h3\",\"meta_style\":\"meta\",\"meta_align\":\"below-title\",\"link_text\":\"\",\"link_style\":\"default\",\"text_align\":\"center\",\"margin\":\"\",\"item_animation\":true,\"image_width\":\"900\",\"parallax_breakpoint\":\"m\",\"parallax_y_start\":\"40\",\"parallax_y_end\":\"0\",\"parallax_opacity_start\":\"0.7\",\"parallax_opacity_end\":\"1\",\"parallax_viewport\":\"0.3\",\"grid_column_gap\":\"small\",\"grid_row_gap\":\"small\",\"filter_grid_breakpoint\":\"m\",\"title_hover_style\":\"reset\",\"overlay_link\":true,\"meta_element\":\"div\",\"animation\":\"slide-top-medium\"},\"children\":[{\"type\":\"gallery_item\",\"props\":{\"title\":\"Mesa REDD+\",\"image\":\"wp-content\\\/uploads\\\/mesaredd3.jpg\",\"hover_image\":null}},{\"type\":\"gallery_item\",\"props\":{\"title\":\"Mesa REDD+\",\"image\":\"wp-content\\\/uploads\\\/mesaredd2.jpg\",\"hover_image\":null}},{\"type\":\"gallery_item\",\"props\":{\"title\":\"Mesa REDD+\",\"image\":\"wp-content\\\/uploads\\\/mesaredd1.jpg\",\"hover_image\":null}}]}]}]}]},{\"type\":\"section\",\"props\":{\"style\":\"secondary\",\"width\":\"large\",\"vertical_align\":\"middle\",\"title_position\":\"top-left\",\"title_rotation\":\"left\",\"title_breakpoint\":\"xl\",\"image_position\":\"center-center\",\"padding\":\"xsmall\",\"padding_remove_top\":false,\"animation\":\"slide-top-medium\",\"animation_delay\":\"200\"},\"children\":[{\"type\":\"row\",\"children\":[{\"type\":\"column\",\"props\":{\"image_position\":\"center-center\",\"media_overlay_gradient\":\"\"},\"children\":[{\"type\":\"headline\",\"props\":{\"title_element\":\"h1\",\"content\":\"Mesa de Trabajo REDD+, un espacio formal de di\\u00e1logo nacional\",\"text_align\":\"center\",\"title_style\":\"h5\",\"title_font_family\":\"primary\",\"title_color\":\"emphasis\",\"title_decoration\":\"bullet\"}}]}]}]},{\"type\":\"section\",\"props\":{\"style\":\"default\",\"width\":\"large\",\"vertical_align\":\"middle\",\"title_position\":\"top-left\",\"title_rotation\":\"left\",\"title_breakpoint\":\"xl\",\"image_position\":\"center-center\",\"padding\":\"xsmall\",\"animation\":\"slide-top-medium\"},\"children\":[{\"type\":\"row\",\"children\":[{\"type\":\"column\",\"props\":{\"image_position\":\"center-center\",\"media_overlay_gradient\":\"\"},\"children\":[{\"type\":\"text\",\"props\":{\"margin\":\"default\",\"column_breakpoint\":\"m\",\"content\":\"\n\n<p style=\\\"text-align: center;\\\"><strong>La Mesa de Trabajo REDD+<\\\/strong> se constituye en la actualidad como uno de los espacios de involucramiento y participaci\\u00f3n ciudadana del sector ambiental m\\u00e1s importantes y sostenidos del pa\\u00eds, siendo un canal de di\\u00e1logo directo y abierto entre la Autoridad Nacional REDD+ de Ecuador y la sociedad civil, pueblos y nacionalidades ind\\u00edgenas, afros, montubios, mujeres y j\\u00f3venes, que desde el 2012 ha incidido en la pol\\u00edtica p\\u00fablica que gu\\u00eda las acciones para la Reducci\\u00f3n de Emisiones por Deforestaci\\u00f3n y Degradaci\\u00f3n de Bosques \\u2013 REDD+.<\\\/p>\"}}]}]}]},{\"type\":\"section\",\"props\":{\"style\":\"default\",\"width\":\"large\",\"vertical_align\":\"middle\",\"title_position\":\"top-left\",\"title_rotation\":\"left\",\"title_breakpoint\":\"xl\",\"image_position\":\"center-center\",\"padding\":\"xsmall\",\"animation\":\"slide-top-medium\",\"animation_delay\":\"200\"},\"children\":[{\"type\":\"row\",\"children\":[{\"type\":\"column\",\"props\":{\"image_position\":\"center-center\",\"media_overlay_gradient\":\"\",\"width_medium\":\"1-2\"},\"children\":[{\"type\":\"headline\",\"props\":{\"title_element\":\"h1\",\"content\":\"<span style=\\\"color: #993300;\\\"><strong>MESA DE TRABAJO REDD+<\\\/strong><\\\/span>\",\"title_style\":\"h5\",\"title_font_family\":\"primary\",\"text_align\":\"center\"}},{\"type\":\"text\",\"props\":{\"margin\":\"default\",\"column_breakpoint\":\"m\",\"content\":\"\n\n<p style=\\\"text-align: justify;\\\"><strong>La Mesa de Trabajo REDD+<\\\/strong> es un espacio formal de di\\u00e1logo, involucramiento, participaci\\u00f3n, deliberaci\\u00f3n, consulta y seguimiento de los actores clave, en los procesos que lleva adelante el Ministerio del Ambiente y Agua, en el marco de la fase de preparaci\\u00f3n nacional e implementaci\\u00f3n de REDD+, creado en el 2012 e institucionalizado por el MAATE bajo Acuerdo Ministerial No. 049, en julio del 2017, con el apoyo t\\u00e9cnico y financiero del <strong>Programa de las Naciones Unidas para el Desarrollo (PNUD).<\\\/strong><\\\/p>\\n\n\n<p style=\\\"text-align: justify;\\\"><strong>La Mesa de Trabajo REDD+<\\\/strong> cuenta con 3 per\\u00edodos de funcionamiento, a partir del a\\u00f1o 2013 al 2015 (primer per\\u00edodo), del 2016 al 2019 (segundo per\\u00edodo) y del 2020 al 2022 (tercer per\\u00edodo) .<\\\/p>\",\"text_align\":\"justify\",\"position_left\":\"-550\"}}]},{\"type\":\"column\",\"props\":{\"image_position\":\"center-center\",\"media_overlay_gradient\":\"\",\"width_medium\":\"1-2\",\"image\":\"wp-content\\\/uploads\\\/nf2.jpg\",\"media_overlay\":\"rgba(0, 0, 0, 0.52)\",\"image_size\":\"cover\",\"vertical_align\":\"middle\"},\"children\":[{\"type\":\"text\",\"props\":{\"margin\":\"default\",\"column_breakpoint\":\"m\",\"content\":\"\",\"text_color\":\"muted\",\"text_align\":\"center\"}},{\"type\":\"button\",\"props\":{\"grid_column_gap\":\"small\",\"grid_row_gap\":\"small\",\"margin\":\"default\",\"text_align\":\"center\",\"css\":\".el-content {color:#fff;}\"},\"children\":[{\"type\":\"button_item\",\"props\":{\"button_style\":\"default\",\"icon_align\":\"left\",\"icon\":\"forward\",\"content\":\"Ir al Micrositio de la Mesa de Trabajo REDD+\",\"link\":\"http:\\\/\\\/localhost\\\/mesareddmas\",\"link_target\":\"blank\"}}]}]}],\"props\":{\"layout\":\"1-2,1-2\",\"row_gap\":\"collapse\"}}]},{\"type\":\"section\",\"props\":{\"style\":\"secondary\",\"width\":\"large\",\"vertical_align\":\"middle\",\"title_position\":\"top-left\",\"title_rotation\":\"left\",\"title_breakpoint\":\"xl\",\"image_position\":\"center-center\",\"padding\":\"xsmall\",\"padding_remove_top\":false,\"animation\":\"slide-top-medium\",\"animation_delay\":\"200\"},\"children\":[{\"type\":\"row\",\"children\":[{\"type\":\"column\",\"props\":{\"image_position\":\"center-center\",\"media_overlay_gradient\":\"\"},\"children\":[{\"type\":\"headline\",\"props\":{\"title_element\":\"h1\",\"content\":\"CONVOCATORIA Cuarto Periodo de la Mesa de Trabajo REDD+\",\"text_align\":\"center\",\"title_style\":\"h5\",\"title_font_family\":\"primary\"}}]}]}]}],\"version\":\"2.4.16\",\"type\":\"layout\"} --><\/p>\n","protected":false},"excerpt":{"rendered":"<p>Mesa de Trabajo REDD+ Se convoca a las organizaciones sociales del Ecuador continental, colectivos y organizaciones de mujeres, j\u00f3venes, organizaciones de pueblos y nacionalidades ind\u00edgenas a participar de la convocatoria del 4to periodo de la Mesa de Trabajo REDD+ Recuerda, tienes hasta el 31 de julio para que tu organizaci\u00f3n forme parte del cuarto periodo [&hellip;]<\/p>\n","protected":false},"author":1,"featured_media":0,"parent":267,"menu_order":0,"comment_status":"closed","ping_status":"closed","template":"","meta":{"_monsterinsights_skip_tracking":false,"_monsterinsights_sitenote_active":false,"_monsterinsights_sitenote_note":"","_monsterinsights_sitenote_category":0,"footnotes":""},"class_list":["post-1110","page","type-page","status-publish","hentry"],"_links":{"self":[{"href":"https:\/\/reddecuador.ambiente.gob.ec\/redd\/index.php?rest_route=\/wp\/v2\/pages\/1110","targetHints":{"allow":["GET"]}}],"collection":[{"href":"https:\/\/reddecuador.ambiente.gob.ec\/redd\/index.php?rest_route=\/wp\/v2\/pages"}],"about":[{"href":"https:\/\/reddecuador.ambiente.gob.ec\/redd\/index.php?rest_route=\/wp\/v2\/types\/page"}],"author":[{"embeddable":true,"href":"https:\/\/reddecuador.ambiente.gob.ec\/redd\/index.php?rest_route=\/wp\/v2\/users\/1"}],"replies":[{"embeddable":true,"href":"https:\/\/reddecuador.ambiente.gob.ec\/redd\/index.php?rest_route=%2Fwp%2Fv2%2Fcomments&post=1110"}],"version-history":[{"count":83,"href":"https:\/\/reddecuador.ambiente.gob.ec\/redd\/index.php?rest_route=\/wp\/v2\/pages\/1110\/revisions"}],"predecessor-version":[{"id":2527,"href":"https:\/\/reddecuador.ambiente.gob.ec\/redd\/index.php?rest_route=\/wp\/v2\/pages\/1110\/revisions\/2527"}],"up":[{"embeddable":true,"href":"https:\/\/reddecuador.ambiente.gob.ec\/redd\/index.php?rest_route=\/wp\/v2\/pages\/267"}],"wp:attachment":[{"href":"https:\/\/reddecuador.ambiente.gob.ec\/redd\/index.php?rest_route=%2Fwp%2Fv2%2Fmedia&parent=1110"}],"curies":[{"name":"wp","href":"https:\/\/api.w.org\/{rel}","templated":true}]}}