{"id":17,"date":"2018-02-09T09:54:06","date_gmt":"2018-02-09T09:54:06","guid":{"rendered":"http:\/\/localhost\/themes\/Pro\/Pinewood-Lake\/Website_WP\/index.php\/getting-started\/"},"modified":"2025-02-20T20:33:20","modified_gmt":"2025-02-20T20:33:20","slug":"getting-started","status":"publish","type":"page","link":"https:\/\/reddecuador.ambiente.gob.ec\/redd\/","title":{"rendered":"INICIO"},"content":{"rendered":"<h1><img loading=\"lazy\" decoding=\"async\" class=\"alignnone size-full wp-image-297\" src=\"\/redd\/wp-content\/uploads\/01bullet_naranja.png\" alt=\"\" width=\"12\" height=\"60\" \/> REDD+ Ecuador<\/h1>\n<div>\n<p style=\"text-align: justify;\"><strong>REDD+<\/strong> es un enfoque para mitigar el cambio clim\u00e1tico y frenar la deforestaci\u00f3n y degradaci\u00f3n de los bosques, impulsa actividades que reducen las causas de la deforestaci\u00f3n y promueven la conservaci\u00f3n, el manejo forestal sostenible y la recuperaci\u00f3n de los bosques y sus reservas de carbono.<\/p>\n<p style=\"text-align: justify;\">Este enfoque se enmarca en la Convenci\u00f3n Marco de Naciones Unidas sobre el Cambio Clim\u00e1tico, en el compromiso de retribuci\u00f3n a los pa\u00edses en desarrollo que realizan esfuerzos para mantener sus bosques.<\/p>\n<p style=\"text-align: center;\"><a href=\"\/redd\/index.php?page_id=378\" data-wplink-url-error=\"true\"><img loading=\"lazy\" decoding=\"async\" class=\"alignnone size-full wp-image-300\" src=\"\/redd\/wp-content\/uploads\/leer_mas.png\" alt=\"\" width=\"123\" height=\"41\" \/><\/a><\/p>\n<\/div>\n<div>\n<div id=\"metaslider-id-370\" style=\"width: 100%;\" class=\"ml-slider-3-102-0 metaslider metaslider-flex metaslider-370 ml-slider ms-theme-default nav-hidden\" role=\"region\" aria-label=\"Nueva presentaci\u00f3n de diapositivas\" data-height=\"450\" data-width=\"800\">\n    <div id=\"metaslider_container_370\">\n        <div id=\"metaslider_370\">\n            <ul class='slides'>\n                <li style=\"display: block; width: 100%;\" class=\"slide-1458 ms-image \" aria-roledescription=\"slide\" data-date=\"2020-09-23 14:12:27\" data-slide-type=\"image\"><a href=\"index.php?p=1931\" target=\"_self\" aria-label=\"Ver detalles de la diapositiva\" class=\"metaslider_image_link\"><img loading=\"lazy\" decoding=\"async\" src=\"https:\/\/reddecuador.ambiente.gob.ec\/redd\/wp-content\/uploads\/mesaredd1-800x450.jpg\" height=\"450\" width=\"800\" alt=\"\" class=\"slider-370 slide-1458 msDefaultImage\" title=\"mesaredd1\" \/><\/a><div class=\"caption-wrap\"><div class=\"caption\">Mesa de Trabajo REDD+ realiza el 2do intercambio de experiencias<\/div><\/div><\/li>\n            <\/ul>\n        <\/div>\n        \n    <\/div>\n<\/div><\/div>\n<hr>\n<h1><img loading=\"lazy\" decoding=\"async\" class=\"alignnone size-full wp-image-311\" src=\"\/redd\/wp-content\/uploads\/01bullet_azul.png\" alt=\"\" width=\"12\" height=\"60\" \/> Medidas y Acciones <strong>REDD+ ECUADOR<\/strong><\/h1>\n<ul>\n<li>\n<p>        <img decoding=\"async\" src=\"\/redd\/wp-content\/uploads\/boton1.png\" alt=\"\"><\/p>\n<p><img decoding=\"async\" src=\"\/redd\/wp-content\/uploads\/over.png\" alt><\/p>\n<h3>Pol\u00edticas e Institucionalidad<\/h3>\n<p><a href=\"\/redd\/index.php?page_id=562\"><\/a><\/p>\n<\/li>\n<li>\n<p>        <img decoding=\"async\" src=\"\/redd\/wp-content\/uploads\/produccion_sostenible.png\" alt=\"\"><\/p>\n<p><img decoding=\"async\" src=\"\/redd\/wp-content\/uploads\/produccion_sostenible1.png\" alt><\/p>\n<h3>Producci\u00f3n Sostenible<\/h3>\n<p><a href=\"\/redd\/index.php?page_id=564\"><\/a><\/p>\n<\/li>\n<li>\n<p>        <img decoding=\"async\" src=\"\/redd\/wp-content\/uploads\/conservacion.png\" alt=\"\"><\/p>\n<p><img decoding=\"async\" src=\"\/redd\/wp-content\/uploads\/conservacion1.png\" alt><\/p>\n<h3>Conservaci\u00f3n y MFS<\/h3>\n<p><a href=\"\/redd\/index.php?page_id=566\"><\/a><\/p>\n<\/li>\n<li>\n<p>        <img decoding=\"async\" src=\"\/redd\/wp-content\/uploads\/restauracion_forestal.png\" alt=\"\"><\/p>\n<p><img decoding=\"async\" src=\"\/redd\/wp-content\/uploads\/restauracion_forestal1.png\" alt><\/p>\n<h3>Restauraci\u00f3n Forestal<\/h3>\n<p><a href=\"\/redd\/index.php?page_id=568\"><\/a><\/p>\n<\/li>\n<li>\n<p>        <img decoding=\"async\" src=\"\/redd\/wp-content\/uploads\/sistema.png\" alt=\"\"><\/p>\n<p><img decoding=\"async\" src=\"\/redd\/wp-content\/uploads\/sistema1.png\" alt><\/p>\n<h3>Sistema de Gesti\u00f3n<\/h3>\n<p><a href=\"\/redd\/index.php?page_id=570\"><\/a><\/p>\n<\/li>\n<\/ul>\n<hr>\n<h1><img loading=\"lazy\" decoding=\"async\" class=\"alignnone size-full wp-image-311\" src=\"\/redd\/wp-content\/uploads\/01bullet_azul.png\" alt=\"\" width=\"12\" height=\"60\" \/> Mecanismo de Quejas <strong>REDD+\u00a0<\/strong><\/h1>\n<p><a href=\"https:\/\/form.jotform.com\/210984731577061\"><img decoding=\"async\" src=\"\/redd\/wp-content\/uploads\/Banner_01.jpg\" alt=\"\"><\/a><br \/>\n<a href=\"http:\/\/maetransparente.ambiente.gob.ec\/otrs\/customer.pl\"><img decoding=\"async\" src=\"\/redd\/wp-content\/uploads\/Banner_02.jpg\" alt=\"\"><\/a><br \/>\n<a href=\"https:\/\/nextcloud.ambiente.gob.ec\/index.php\/s\/xfmqqHszqekKcqt\"><img decoding=\"async\" src=\"\/redd\/wp-content\/uploads\/Banner_03_-scaled.jpg\" alt=\"Manual MAATE transparente\"><\/a><\/p>\n<p><!--more--><br \/>\n<!-- {\"type\":\"layout\",\"children\":[{\"type\":\"section\",\"props\":{\"animation\":\"slide-top-medium\",\"animation_delay\":\"200\",\"image_position\":\"center-center\",\"overlap\":false,\"padding\":\"xsmall\",\"padding_remove_top\":false,\"style\":\"muted\",\"title_breakpoint\":\"xl\",\"title_position\":\"top-left\",\"title_rotation\":\"left\",\"vertical_align\":\"\",\"width\":\"large\"},\"children\":[{\"type\":\"row\",\"props\":{\"layout\":\"1-2,1-2\"},\"children\":[{\"type\":\"column\",\"props\":{\"image_position\":\"center-center\",\"position_sticky_breakpoint\":\"m\",\"width_medium\":\"1-2\"},\"children\":[{\"type\":\"headline\",\"props\":{\"content\":\"<img class=\\\"alignnone size-full wp-image-297\\\" src=\\\"wp-content\\\/uploads\\\/01bullet_naranja.png\\\" alt=\\\"\\\" width=\\\"12\\\" height=\\\"60\\\" \\\/> REDD+ Ecuador\",\"margin_remove_bottom\":false,\"margin_remove_top\":false,\"text_align\":\"center\",\"title_element\":\"h1\",\"title_font_family\":\"primary\",\"title_style\":\"h4\"}},{\"type\":\"text\",\"props\":{\"column_breakpoint\":\"m\",\"content\":\"\n\n<p style=\\\"text-align: justify;\\\"><strong>REDD+<\\\/strong> es un enfoque para mitigar el cambio clim\\u00e1tico y frenar la deforestaci\\u00f3n y degradaci\\u00f3n de los bosques, impulsa actividades que reducen las causas de la deforestaci\\u00f3n y promueven la conservaci\\u00f3n, el manejo forestal sostenible y la recuperaci\\u00f3n de los bosques y sus reservas de carbono.<\\\/p>\\n\n\n<p style=\\\"text-align: justify;\\\">Este enfoque se enmarca en la Convenci\\u00f3n Marco de Naciones Unidas sobre el Cambio Clim\\u00e1tico, en el compromiso de retribuci\\u00f3n a los pa\\u00edses en desarrollo que realizan esfuerzos para mantener sus bosques.<\\\/p>\\n\n\n<p style=\\\"text-align: center;\\\"><a href=\\\"index.php?page_id=378\\\" data-wplink-url-error=\\\"true\\\"><img class=\\\"alignnone size-full wp-image-300\\\" src=\\\"wp-content\\\/uploads\\\/leer_mas.png\\\" alt=\\\"\\\" width=\\\"123\\\" height=\\\"41\\\" \\\/><\\\/a><\\\/p>\",\"margin\":\"default\"}}]},{\"type\":\"column\",\"props\":{\"image_position\":\"center-center\",\"position_sticky_breakpoint\":\"m\",\"width_medium\":\"1-2\"},\"children\":[{\"type\":\"html\",\"props\":{\"content\":\"[metaslider id=\\\"370\\\"]\"}}]}]}],\"name\":\"REDD+\"},{\"type\":\"section\",\"props\":{\"animation\":\"slide-top-medium\",\"animation_delay\":\"200\",\"image_position\":\"center-center\",\"padding\":\"none\",\"style\":\"default\",\"title_breakpoint\":\"xl\",\"title_position\":\"top-left\",\"title_rotation\":\"left\",\"vertical_align\":\"\",\"width\":\"\"},\"children\":[{\"type\":\"row\",\"children\":[{\"type\":\"column\",\"props\":{\"image_position\":\"center-center\",\"position_sticky_breakpoint\":\"m\",\"width_medium\":\"1-1\"},\"children\":[{\"type\":\"divider\",\"props\":{\"css\":\".el-element {\\nborder: 8px solid #8A8000;\\n}\",\"divider_element\":\"hr\"},\"name\":\"Separador\"}]}]}],\"name\":\"SEPARADOR\"},{\"type\":\"section\",\"props\":{\"animation\":\"slide-top-medium\",\"animation_delay\":\"200\",\"image_position\":\"bottom-center\",\"padding\":\"small\",\"style\":\"default\",\"title_breakpoint\":\"xl\",\"title_position\":\"top-left\",\"title_rotation\":\"left\",\"vertical_align\":\"\",\"width\":\"large\"},\"children\":[{\"type\":\"row\",\"children\":[{\"type\":\"column\",\"props\":{\"image_position\":\"center-center\",\"position_sticky_breakpoint\":\"m\",\"width_medium\":\"1-1\"},\"children\":[{\"type\":\"headline\",\"props\":{\"content\":\"<img class=\\\"alignnone size-full wp-image-311\\\" src=\\\"wp-content\\\/uploads\\\/01bullet_azul.png\\\" alt=\\\"\\\" width=\\\"12\\\" height=\\\"60\\\" \\\/> Medidas y Acciones <strong>REDD+ ECUADOR<\\\/strong>\",\"text_align\":\"center\",\"title_element\":\"h1\",\"title_style\":\"h4\"}}]}]}],\"name\":\"Medidas y Acciones\"},{\"type\":\"section\",\"props\":{\"animation\":\"slide-top-medium\",\"animation_delay\":\"200\",\"image\":\"wp-content\\\/uploads\\\/cierre_foto2.png\",\"image_parallax_easing\":\"0\",\"image_position\":\"bottom-center\",\"overlap\":false,\"padding\":\"xlarge\",\"padding_remove_top\":true,\"style\":\"default\",\"title_breakpoint\":\"xl\",\"title_position\":\"top-left\",\"title_rotation\":\"left\",\"vertical_align\":\"\",\"width\":\"large\"},\"children\":[{\"type\":\"row\",\"children\":[{\"type\":\"column\",\"props\":{\"image_position\":\"center-center\",\"position_sticky_breakpoint\":\"m\",\"width_medium\":\"1-1\"},\"children\":[{\"type\":\"gallery\",\"props\":{\"filter_align\":\"left\",\"filter_all\":true,\"filter_grid_breakpoint\":\"m\",\"filter_grid_width\":\"auto\",\"filter_position\":\"top\",\"filter_style\":\"tab\",\"grid_default\":\"1\",\"grid_large\":\"5\",\"grid_medium\":\"3\",\"grid_small\":\"1\",\"grid_xlarge\":\"5\",\"item_animation\":true,\"link_style\":\"default\",\"link_text\":\"\",\"margin\":\"default\",\"meta_align\":\"below-title\",\"meta_element\":\"div\",\"meta_style\":\"text-meta\",\"overlay_hover\":true,\"overlay_link\":true,\"overlay_mode\":\"caption\",\"overlay_position\":\"center\",\"overlay_style\":\"overlay-default\",\"overlay_transition\":\"slide-top-medium\",\"parallax_easing\":\"1\",\"show_content\":true,\"show_hover_image\":true,\"show_hover_video\":true,\"show_link\":true,\"show_meta\":false,\"show_title\":false,\"text_align\":\"center\",\"text_color\":\"light\",\"title_element\":\"h3\",\"title_hover_style\":\"reset\"},\"children\":[{\"type\":\"gallery_item\",\"props\":{\"hover_image\":\"wp-content\\\/uploads\\\/over.png\",\"image\":\"wp-content\\\/uploads\\\/boton1.png\",\"link\":\"index.php?page_id=562\",\"title\":\"Pol\\u00edticas e Institucionalidad\"}},{\"type\":\"gallery_item\",\"props\":{\"hover_image\":\"wp-content\\\/uploads\\\/produccion_sostenible1.png\",\"image\":\"wp-content\\\/uploads\\\/produccion_sostenible.png\",\"link\":\"index.php?page_id=564\",\"title\":\"Producci\\u00f3n Sostenible\"}},{\"type\":\"gallery_item\",\"props\":{\"hover_image\":\"wp-content\\\/uploads\\\/conservacion1.png\",\"image\":\"wp-content\\\/uploads\\\/conservacion.png\",\"link\":\"index.php?page_id=566\",\"title\":\"Conservaci\\u00f3n y MFS\"}},{\"type\":\"gallery_item\",\"props\":{\"hover_image\":\"wp-content\\\/uploads\\\/restauracion_forestal1.png\",\"image\":\"wp-content\\\/uploads\\\/restauracion_forestal.png\",\"link\":\"index.php?page_id=568\",\"title\":\"Restauraci\\u00f3n Forestal\"}},{\"type\":\"gallery_item\",\"props\":{\"hover_image\":\"wp-content\\\/uploads\\\/sistema1.png\",\"image\":\"wp-content\\\/uploads\\\/sistema.png\",\"link\":\"index.php?page_id=570\",\"title\":\"Sistema de Gesti\\u00f3n\"}}]}]}]}],\"name\":\"MEDIDAS Y ACCIONES\"},{\"type\":\"section\",\"props\":{\"image_position\":\"center-center\",\"padding_remove_bottom\":true,\"padding_remove_top\":false,\"style\":\"default\",\"title_breakpoint\":\"xl\",\"title_position\":\"top-left\",\"title_rotation\":\"left\",\"vertical_align\":\"\",\"width\":\"xsmall\"},\"children\":[{\"type\":\"row\",\"children\":[{\"type\":\"column\",\"props\":{\"image_position\":\"center-center\",\"position_sticky_breakpoint\":\"m\"},\"children\":[{\"type\":\"divider\",\"props\":{\"css\":\".el-element {\\nborder: 8px solid #8A8000;\\n}\",\"divider_element\":\"hr\"},\"name\":\"Separador\"},{\"type\":\"headline\",\"props\":{\"content\":\"<img class=\\\"alignnone size-full wp-image-311\\\" src=\\\"wp-content\\\/uploads\\\/01bullet_azul.png\\\" alt=\\\"\\\" width=\\\"12\\\" height=\\\"60\\\" \\\/> Mecanismo de Quejas <strong>REDD+\\u00a0<\\\/strong>\",\"text_align\":\"center\",\"title_element\":\"h1\",\"title_style\":\"h4\"}},{\"type\":\"image\",\"props\":{\"image\":\"wp-content\\\/uploads\\\/Banner_01.jpg\",\"image_svg_color\":\"emphasis\",\"link\":\"https:\\\/\\\/form.jotform.com\\\/210984731577061\",\"link_target\":\"blank\",\"margin\":\"default\"}}]}],\"props\":{\"divider\":false,\"row_gap\":\"small\"}}],\"name\":\"MECANISMO DE QUEJAS\"},{\"type\":\"section\",\"props\":{\"image_position\":\"center-center\",\"padding_remove_top\":true,\"style\":\"default\",\"title_breakpoint\":\"xl\",\"title_position\":\"top-left\",\"title_rotation\":\"left\",\"vertical_align\":\"\",\"width\":\"xsmall\"},\"children\":[{\"type\":\"row\",\"children\":[{\"type\":\"column\",\"props\":{\"image_position\":\"center-center\",\"position_sticky_breakpoint\":\"m\",\"width_medium\":\"1-2\"},\"children\":[{\"type\":\"image\",\"props\":{\"image\":\"wp-content\\\/uploads\\\/Banner_02.jpg\",\"image_svg_color\":\"emphasis\",\"link\":\"http:\\\/\\\/maetransparente.ambiente.gob.ec\\\/otrs\\\/customer.pl\",\"margin\":\"default\"}}]},{\"type\":\"column\",\"props\":{\"image_position\":\"center-center\",\"position_sticky_breakpoint\":\"m\",\"width_medium\":\"1-2\"},\"children\":[{\"type\":\"image\",\"props\":{\"image\":\"wp-content\\\/uploads\\\/Banner_03_-scaled.jpg\",\"image_alt\":\"Manual MAATE transparente\",\"image_svg_color\":\"emphasis\",\"link\":\"https:\\\/\\\/nextcloud.ambiente.gob.ec\\\/index.php\\\/s\\\/xfmqqHszqekKcqt\",\"link_aria_label\":\"Manual\",\"margin\":\"default\"}}]}],\"props\":{\"divider\":false,\"layout\":\"1-2,1-2\",\"margin_remove_top\":false,\"row_gap\":\"small\"}}],\"name\":\"MECANISMO DE QUEJAS\"}],\"version\":\"4.4.9\"} --><\/p>\n","protected":false},"excerpt":{"rendered":"<p>REDD+ Ecuador REDD+ es un enfoque para mitigar el cambio clim\u00e1tico y frenar la deforestaci\u00f3n y degradaci\u00f3n de los bosques, impulsa actividades que reducen las causas de la deforestaci\u00f3n y promueven la conservaci\u00f3n, el manejo forestal sostenible y la recuperaci\u00f3n de los bosques y sus reservas de carbono. Este enfoque se enmarca en la Convenci\u00f3n [&hellip;]<\/p>\n","protected":false},"author":1,"featured_media":0,"parent":0,"menu_order":9,"comment_status":"closed","ping_status":"closed","template":"","meta":{"_monsterinsights_skip_tracking":false,"_monsterinsights_sitenote_active":false,"_monsterinsights_sitenote_note":"","_monsterinsights_sitenote_category":0,"footnotes":""},"class_list":["post-17","page","type-page","status-publish","hentry"],"_links":{"self":[{"href":"https:\/\/reddecuador.ambiente.gob.ec\/redd\/index.php?rest_route=\/wp\/v2\/pages\/17","targetHints":{"allow":["GET"]}}],"collection":[{"href":"https:\/\/reddecuador.ambiente.gob.ec\/redd\/index.php?rest_route=\/wp\/v2\/pages"}],"about":[{"href":"https:\/\/reddecuador.ambiente.gob.ec\/redd\/index.php?rest_route=\/wp\/v2\/types\/page"}],"author":[{"embeddable":true,"href":"https:\/\/reddecuador.ambiente.gob.ec\/redd\/index.php?rest_route=\/wp\/v2\/users\/1"}],"replies":[{"embeddable":true,"href":"https:\/\/reddecuador.ambiente.gob.ec\/redd\/index.php?rest_route=%2Fwp%2Fv2%2Fcomments&post=17"}],"version-history":[{"count":95,"href":"https:\/\/reddecuador.ambiente.gob.ec\/redd\/index.php?rest_route=\/wp\/v2\/pages\/17\/revisions"}],"predecessor-version":[{"id":2572,"href":"https:\/\/reddecuador.ambiente.gob.ec\/redd\/index.php?rest_route=\/wp\/v2\/pages\/17\/revisions\/2572"}],"wp:attachment":[{"href":"https:\/\/reddecuador.ambiente.gob.ec\/redd\/index.php?rest_route=%2Fwp%2Fv2%2Fmedia&parent=17"}],"curies":[{"name":"wp","href":"https:\/\/api.w.org\/{rel}","templated":true}]}}