{"id":1700,"date":"2020-11-30T18:16:38","date_gmt":"2020-11-30T18:16:38","guid":{"rendered":"http:\/\/geekecuador.com\/portal_redd\/?page_id=1700"},"modified":"2021-10-22T23:49:19","modified_gmt":"2021-10-22T23:49:19","slug":"cartillas-espanol","status":"publish","type":"page","link":"https:\/\/reddecuador.ambiente.gob.ec\/redd\/?page_id=1700","title":{"rendered":"Cartillas Espa\u00f1ol"},"content":{"rendered":"<h4>\n<p><img loading=\"lazy\" decoding=\"async\" class=\"alignnone size-full wp-image-393\" src=\"\/redd\/wp-content\/uploads\/01bullet_blanca.png\" alt=\"\" width=\"12\" height=\"60\" \/> Fortalecimiento de Capacidades<\/p>\n<p><\/h4>\n<div>\n<p style=\"text-align: justify;\">Los procesos de desarrollo de capacidades y gesti\u00f3n del conocimiento son claves para potenciar y facilitar la implementaci\u00f3n de las medidas y acciones REDD+. Tienen por objetivos asegurar que los actores clave para las medidas y acciones REDD+ cuenten con las capacidades necesarias, e impulsar procesos de innovaci\u00f3n y gesti\u00f3n del conocimiento que aseguren la sostenibilidad a largo plazo para una efectiva implementaci\u00f3n del Plan de Acci\u00f3n REDD+.<\/p>\n<p style=\"text-align: justify;\"><strong>En el marco del Plan de Acci\u00f3n REDD+<\/strong>, en complemento a los procesos de fortalecimiento de capacidades se desarrolla la gesti\u00f3n del conocimiento, que permitir\u00e1<\/p>\n<\/div>\n<div>\n<p style=\"text-align: justify;\">contar con informaci\u00f3n cient\u00edfica para desarrollar normativas que respondan a la realidad y necesidades del pa\u00eds en temas forestales y de cambio clim\u00e1tico; incidir en la toma de decisiones para la construcci\u00f3n de pol\u00edticas p\u00fablicas referentes a la mitigaci\u00f3n del cambio clim\u00e1tico; apoyar a los Gobiernos Aut\u00f3nomos Descentralizados en sus procesos de ordenamiento territorial; identificar las caracter\u00edsticas y el potencial de especies forestales y productos forestales no maderables para la inserci\u00f3n de estos en cadenas de valor; reconocer y potenciar los saberes ancestrales propios de las comunidades y nacionalidades ind\u00edgenas que se relacionan con los bosques, y garantizar la propiedad intelectual sobre esos saberes.<\/p>\n<\/div>\n<div>\n<p style=\"text-align: center;\"><strong>El pa\u00eds cuenta con materiales y herramientas para el fortalecimiento de capacidades en cambio clim\u00e1tico y REDD+; estas se comparten a continuaci\u00f3n.<\/strong><\/p>\n<\/div>\n<div>\n<div>\n<p>Cartillas Espa\u00f1ol<\/p>\n<\/div>\n<p><a href=\"\/redd\/index.php?page_id=1700\"><\/a><\/p>\n<\/div>\n<div>\n<div>\n<p>Cartillas Shuar<\/p>\n<\/div>\n<p><a href=\"\/redd\/index.php?page_id=1702\"><\/a><\/p>\n<\/div>\n<div>\n<div>\n<p>Cartillas Kichwa<\/p>\n<\/div>\n<p><a href=\"\/redd\/index.php?page_id=1704\"><\/a><\/p>\n<\/div>\n<ul>\n<li>\n<p>        <img decoding=\"async\" src=\"\/redd\/wp-content\/uploads\/1_Cartilla_REDD_es.jpg\" alt=\"\"><\/p>\n<p><a href=\"\/redd\/wp-content\/uploads\/CARTILLA-1-V13_17_feb_2021_2-compressed.pdf\">Abrir PDF<\/a><\/p>\n<\/li>\n<li>\n<p>        <img decoding=\"async\" src=\"\/redd\/wp-content\/uploads\/2_Cartilla_REDD_es.jpg\" alt=\"\"><\/p>\n<p><a href=\"\/redd\/wp-content\/uploads\/CARTILLA-2-V14_17_feb_2021-4.pdf\">Abrir PDF<\/a><\/p>\n<\/li>\n<li>\n<p>        <img decoding=\"async\" src=\"\/redd\/wp-content\/uploads\/3_Cartilla_REDD_es.jpg\" alt=\"\"><\/p>\n<p><a href=\"\/redd\/wp-content\/uploads\/CARTILLA-3-V13-_17_feb_2021-compressed.pdf\">Abrir PDF<\/a><\/p>\n<\/li>\n<li>\n<p>        <img decoding=\"async\" src=\"\/redd\/wp-content\/uploads\/4_Cartilla_REDD_es.jpg\" alt=\"\"><\/p>\n<p><a href=\"\/redd\/wp-content\/uploads\/CARTILLA-4-V16_17_feb_2021-4.pdf\">Abrir PDF<\/a><\/p>\n<\/li>\n<\/ul>\n<h1>Las acciones encaminadas al fortalecimiento de capacidades se vinculan con el rescate, mantenimiento y protecci\u00f3n de los conocimientos colectivos, y sus ciencias, tecnolog\u00edas y saberes ancestrales, en un marco de respeto a las condiciones culturales.<\/h1>\n<p><iframe src=\"https:\/\/youtu.be\/vS2XpmPs7HE\"><\/iframe><br \/>\n<iframe src=\"https:\/\/youtu.be\/cxZ9gWv8JY4\"><\/iframe><br \/>\n<iframe src=\"https:\/\/youtu.be\/Ae7wmrJyre0\"><\/iframe><br \/>\n<iframe src=\"https:\/\/youtu.be\/NdMRoZz3a3E\"><\/iframe><br \/>\n<iframe src=\"https:\/\/youtu.be\/2pFY3vsxBIU\"><\/iframe><\/p>\n<p><!--more--><br \/>\n<!-- {\"name\":\"Fortalecimiento\",\"type\":\"layout\",\"children\":[{\"name\":\"Hero\",\"type\":\"section\",\"props\":{\"style\":\"default\",\"width\":\"\",\"vertical_align\":\"\",\"title_position\":\"top-left\",\"title_rotation\":\"left\",\"title_breakpoint\":\"xl\",\"image_position\":\"center-center\",\"padding_remove_top\":true,\"padding\":\"none\",\"image\":\"wp-content\\\/uploads\\\/foto_ama.jpg\",\"media_overlay\":\"rgba(0, 0, 0, 0.34)\",\"image_parallax_easing\":\"0\",\"media_blend_mode\":\"overlay\",\"animation\":\"slide-top-medium\",\"animation_delay\":\"200\",\"image_size\":\"cover\"},\"children\":[{\"name\":\"\",\"type\":\"row\",\"children\":[{\"name\":\"\",\"type\":\"column\",\"props\":{\"image_position\":\"center-center\",\"media_overlay_gradient\":\"\",\"width_medium\":\"1-1\"},\"children\":[{\"type\":\"headline\",\"props\":{\"title_element\":\"h4\",\"text_align\":\"center\",\"title_style\":\"h4\",\"title_font_family\":\"primary\",\"css\":\".el-element {color: #fff;}\",\"content\":\"<br \\\/><br \\\/><img class=\\\"alignnone size-full wp-image-393\\\" src=\\\"wp-content\\\/uploads\\\/01bullet_blanca.png\\\" alt=\\\"\\\" width=\\\"12\\\" height=\\\"60\\\" \\\/> Fortalecimiento de Capacidades<br \\\/><br \\\/><br \\\/>\"}}]}]}]},{\"type\":\"section\",\"props\":{\"style\":\"secondary\",\"width\":\"default\",\"vertical_align\":\"middle\",\"title_position\":\"top-left\",\"title_rotation\":\"left\",\"title_breakpoint\":\"xl\",\"image_position\":\"center-center\",\"preserve_color\":false,\"overlap\":false,\"padding_remove_bottom\":true,\"padding\":\"xsmall\",\"css\":\".el-section {background-color:#E04403;}\"},\"children\":[{\"type\":\"row\",\"children\":[{\"type\":\"column\",\"props\":{\"image_position\":\"center-center\",\"media_overlay_gradient\":\"\"},\"children\":[]}]}]},{\"name\":\"About\",\"type\":\"section\",\"props\":{\"style\":\"default\",\"width\":\"large\",\"vertical_align\":\"\",\"title_position\":\"top-left\",\"title_rotation\":\"left\",\"title_breakpoint\":\"xl\",\"image_position\":\"center-center\",\"padding\":\"small\",\"padding_remove_bottom\":false,\"padding_remove_top\":false,\"animation\":\"slide-top-medium\",\"animation_delay\":\"200\"},\"children\":[{\"name\":\"\",\"type\":\"row\",\"props\":{\"margin\":\"large\",\"layout\":\"1-2,1-2\",\"column_gap\":\"large\",\"divider\":true},\"children\":[{\"name\":\"\",\"type\":\"column\",\"props\":{\"image_position\":\"center-center\",\"media_overlay_gradient\":\"\",\"width_medium\":\"1-2\"},\"children\":[{\"name\":\"\",\"type\":\"text\",\"props\":{\"margin\":\"\",\"column_breakpoint\":\"m\",\"content\":\"\n\n<p style=\\\"text-align: justify;\\\">Los procesos de desarrollo de capacidades y gesti\\u00f3n del conocimiento son claves para potenciar y facilitar la implementaci\\u00f3n de las medidas y acciones REDD+. Tienen por objetivos asegurar que los actores clave para las medidas y acciones REDD+ cuenten con las capacidades necesarias, e impulsar procesos de innovaci\\u00f3n y gesti\\u00f3n del conocimiento que aseguren la sostenibilidad a largo plazo para una efectiva implementaci\\u00f3n del Plan de Acci\\u00f3n REDD+.<\\\/p>\\n\n\n<p style=\\\"text-align: justify;\\\"><strong>En el marco del Plan de Acci\\u00f3n REDD+<\\\/strong>, en complemento a los procesos de fortalecimiento de capacidades se desarrolla la gesti\\u00f3n del conocimiento, que permitir\\u00e1<\\\/p>\",\"column_divider\":false}}]},{\"type\":\"column\",\"props\":{\"image_position\":\"center-center\",\"media_overlay_gradient\":\"\",\"width_medium\":\"1-2\"},\"children\":[{\"name\":\"\",\"type\":\"text\",\"props\":{\"margin\":\"\",\"column_breakpoint\":\"m\",\"animation\":\"slide-top-medium\",\"content\":\"\n\n<p style=\\\"text-align: justify;\\\">contar con informaci\\u00f3n cient\\u00edfica para desarrollar normativas que respondan a la realidad y necesidades del pa\\u00eds en temas forestales y de cambio clim\\u00e1tico; incidir en la toma de decisiones para la construcci\\u00f3n de pol\\u00edticas p\\u00fablicas referentes a la mitigaci\\u00f3n del cambio clim\\u00e1tico; apoyar a los Gobiernos Aut\\u00f3nomos Descentralizados en sus procesos de ordenamiento territorial; identificar las caracter\\u00edsticas y el potencial de especies forestales y productos forestales no maderables para la inserci\\u00f3n de estos en cadenas de valor; reconocer y potenciar los saberes ancestrales propios de las comunidades y nacionalidades ind\\u00edgenas que se relacionan con los bosques, y garantizar la propiedad intelectual sobre esos saberes.<\\\/p>\",\"column_divider\":false}}]}]}]},{\"type\":\"section\",\"props\":{\"style\":\"default\",\"width\":\"default\",\"vertical_align\":\"middle\",\"title_position\":\"top-left\",\"title_rotation\":\"left\",\"title_breakpoint\":\"xl\",\"image_position\":\"center-center\",\"css\":\".el-section {background-color: #546608; color: #fff; font-size: 18px;}\",\"padding_remove_top\":false,\"padding_remove_bottom\":false,\"padding\":\"xsmall\"},\"children\":[{\"type\":\"row\",\"children\":[{\"type\":\"column\",\"props\":{\"image_position\":\"center-center\",\"media_overlay_gradient\":\"\"},\"children\":[{\"type\":\"text\",\"props\":{\"margin\":\"default\",\"column_breakpoint\":\"m\",\"content\":\"\n\n<p style=\\\"text-align: center;\\\"><strong>El pa\\u00eds cuenta con materiales y herramientas para el fortalecimiento de capacidades en cambio clim\\u00e1tico y REDD+; estas se comparten a continuaci\\u00f3n.<\\\/strong><\\\/p>\"}}]}]}]},{\"type\":\"section\",\"props\":{\"style\":\"default\",\"width\":\"large\",\"vertical_align\":\"middle\",\"title_position\":\"top-left\",\"title_rotation\":\"left\",\"title_breakpoint\":\"xl\",\"image_position\":\"center-center\"},\"children\":[{\"type\":\"row\",\"props\":{\"layout\":\"1-3,1-3,1-3\"},\"children\":[{\"type\":\"column\",\"props\":{\"image_position\":\"center-center\",\"media_overlay_gradient\":\"\",\"width_medium\":\"1-3\",\"image\":\"\"},\"children\":[{\"type\":\"panel\",\"props\":{\"link_text\":\"\",\"title_hover_style\":\"reset\",\"title_element\":\"h3\",\"title_align\":\"top\",\"title_grid_width\":\"1-2\",\"title_grid_breakpoint\":\"m\",\"meta_style\":\"meta\",\"meta_align\":\"below-title\",\"meta_element\":\"div\",\"content_column_breakpoint\":\"m\",\"icon_width\":80,\"image_align\":\"top\",\"image_grid_width\":\"1-2\",\"image_grid_breakpoint\":\"m\",\"image_svg_color\":\"emphasis\",\"link_style\":\"default\",\"margin\":\"default\",\"title\":\"\",\"content\":\"\n\n<p>Cartillas Espa\\u00f1ol<\\\/p>\",\"panel_style\":\"card-primary\",\"text_align\":\"center\",\"icon\":\"file-pdf\",\"content_style\":\"lead\",\"link\":\"index.php?page_id=1700\",\"panel_link\":true}}]},{\"type\":\"column\",\"props\":{\"image_position\":\"center-center\",\"media_overlay_gradient\":\"\",\"width_medium\":\"1-3\",\"image\":\"\"},\"children\":[{\"type\":\"panel\",\"props\":{\"link_text\":\"\",\"title_hover_style\":\"reset\",\"title_element\":\"h3\",\"title_align\":\"top\",\"title_grid_width\":\"1-2\",\"title_grid_breakpoint\":\"m\",\"meta_style\":\"meta\",\"meta_align\":\"below-title\",\"meta_element\":\"div\",\"content_column_breakpoint\":\"m\",\"icon_width\":80,\"image_align\":\"top\",\"image_grid_width\":\"1-2\",\"image_grid_breakpoint\":\"m\",\"image_svg_color\":\"emphasis\",\"link_style\":\"default\",\"margin\":\"default\",\"title\":\"\",\"content\":\"\n\n<p>Cartillas Shuar<\\\/p>\",\"panel_style\":\"card-secondary\",\"text_align\":\"center\",\"icon\":\"file-pdf\",\"content_style\":\"lead\",\"link\":\"index.php?page_id=1702\",\"panel_link\":true}}]},{\"type\":\"column\",\"props\":{\"image_position\":\"center-center\",\"media_overlay_gradient\":\"\",\"width_medium\":\"1-3\",\"image\":\"\"},\"children\":[{\"type\":\"panel\",\"props\":{\"link_text\":\"\",\"title_hover_style\":\"reset\",\"title_element\":\"h3\",\"title_align\":\"top\",\"title_grid_width\":\"1-2\",\"title_grid_breakpoint\":\"m\",\"meta_style\":\"meta\",\"meta_align\":\"below-title\",\"meta_element\":\"div\",\"content_column_breakpoint\":\"m\",\"icon_width\":80,\"image_align\":\"top\",\"image_grid_width\":\"1-2\",\"image_grid_breakpoint\":\"m\",\"image_svg_color\":\"emphasis\",\"link_style\":\"default\",\"margin\":\"default\",\"title\":\"\",\"content\":\"\n\n<p>Cartillas Kichwa<\\\/p>\",\"panel_style\":\"card-default\",\"text_align\":\"center\",\"icon\":\"file-pdf\",\"content_style\":\"lead\",\"link\":\"index.php?page_id=1704\",\"panel_link\":true}}]}]}]},{\"type\":\"section\",\"props\":{\"style\":\"default\",\"width\":\"large\",\"vertical_align\":\"middle\",\"title_position\":\"top-left\",\"title_rotation\":\"left\",\"title_breakpoint\":\"xl\",\"image_position\":\"center-center\",\"padding_remove_top\":false,\"padding\":\"small\",\"animation\":\"slide-top-medium\",\"animation_delay\":\"200\"},\"children\":[{\"type\":\"row\",\"children\":[{\"type\":\"column\",\"props\":{\"image_position\":\"center-center\",\"media_overlay_gradient\":\"\"},\"children\":[{\"type\":\"gallery\",\"props\":{\"show_title\":true,\"show_meta\":true,\"show_content\":true,\"show_link\":true,\"show_hover_image\":true,\"grid_default\":\"1\",\"grid_medium\":\"3\",\"filter_style\":\"tab\",\"filter_all\":true,\"filter_position\":\"top\",\"filter_align\":\"left\",\"filter_grid_width\":\"auto\",\"filter_grid_breakpoint\":\"m\",\"overlay_mode\":\"cover\",\"overlay_hover\":true,\"overlay_style\":\"overlay-primary\",\"text_color\":\"light\",\"overlay_position\":\"center\",\"overlay_transition\":\"fade\",\"title_hover_style\":\"reset\",\"title_element\":\"h3\",\"meta_style\":\"meta\",\"meta_align\":\"below-title\",\"meta_element\":\"div\",\"link_text\":\"Abrir PDF\",\"link_style\":\"default\",\"text_align\":\"center\",\"margin\":\"default\",\"item_animation\":true,\"grid_small\":\"1\",\"grid_large\":\"6\",\"grid_xlarge\":\"6\",\"link_target\":true},\"children\":[{\"type\":\"gallery_item\",\"props\":{\"image\":\"wp-content\\\/uploads\\\/1_Cartilla_REDD_es.jpg\",\"link\":\"wp-content\\\/uploads\\\/CARTILLA-1-V13_17_feb_2021_2-compressed.pdf\"}},{\"type\":\"gallery_item\",\"props\":{\"image\":\"wp-content\\\/uploads\\\/2_Cartilla_REDD_es.jpg\",\"link\":\"wp-content\\\/uploads\\\/CARTILLA-2-V14_17_feb_2021-4.pdf\",\"link_text\":\"\",\"content\":\"\"}},{\"type\":\"gallery_item\",\"props\":{\"image\":\"wp-content\\\/uploads\\\/3_Cartilla_REDD_es.jpg\",\"link\":\"wp-content\\\/uploads\\\/CARTILLA-3-V13-_17_feb_2021-compressed.pdf\"}},{\"type\":\"gallery_item\",\"props\":{\"image\":\"wp-content\\\/uploads\\\/4_Cartilla_REDD_es.jpg\",\"link\":\"wp-content\\\/uploads\\\/CARTILLA-4-V16_17_feb_2021-4.pdf\"}}]}]}]}]},{\"type\":\"section\",\"props\":{\"style\":\"secondary\",\"width\":\"large\",\"vertical_align\":\"middle\",\"title_position\":\"top-left\",\"title_rotation\":\"left\",\"title_breakpoint\":\"xl\",\"image_position\":\"center-center\",\"padding\":\"xsmall\",\"padding_remove_top\":false,\"animation\":\"slide-top-medium\",\"animation_delay\":\"200\"},\"children\":[{\"type\":\"row\",\"children\":[{\"type\":\"column\",\"props\":{\"image_position\":\"center-center\",\"media_overlay_gradient\":\"\"},\"children\":[{\"type\":\"headline\",\"props\":{\"title_element\":\"h1\",\"content\":\"Las acciones encaminadas al fortalecimiento de capacidades se vinculan con el rescate, mantenimiento y protecci\\u00f3n de los conocimientos colectivos, y sus ciencias, tecnolog\\u00edas y saberes ancestrales, en un marco de respeto a las condiciones culturales.\",\"text_align\":\"center\",\"title_style\":\"h5\",\"title_font_family\":\"primary\"}}]}]}]},{\"type\":\"section\",\"props\":{\"style\":\"default\",\"width\":\"large\",\"vertical_align\":\"middle\",\"title_position\":\"top-left\",\"title_rotation\":\"left\",\"title_breakpoint\":\"xl\",\"image_position\":\"center-center\",\"padding\":\"xsmall\",\"animation\":\"slide-top-medium\",\"animation_delay\":\"200\"},\"children\":[{\"type\":\"row\",\"children\":[{\"type\":\"column\",\"props\":{\"image_position\":\"center-center\",\"media_overlay_gradient\":\"\",\"width_medium\":\"1-3\"},\"children\":[{\"type\":\"video\",\"props\":{\"video_controls\":true,\"margin\":\"default\",\"video\":\"https:\\\/\\\/youtu.be\\\/vS2XpmPs7HE\",\"video_loop\":true,\"video_playsinline\":true,\"video_autoplay\":\"\",\"video_width\":\"350\",\"video_height\":\"250\"}}]},{\"type\":\"column\",\"props\":{\"image_position\":\"center-center\",\"media_overlay_gradient\":\"\",\"width_medium\":\"1-3\",\"image\":\"\",\"media_overlay\":\"rgba(0, 0, 0, 0.52)\",\"image_size\":\"cover\"},\"children\":[{\"type\":\"video\",\"props\":{\"video_controls\":true,\"margin\":\"default\",\"video\":\"https:\\\/\\\/youtu.be\\\/cxZ9gWv8JY4\",\"video_loop\":true,\"video_playsinline\":true,\"video_autoplay\":\"\",\"video_width\":\"350\",\"video_height\":\"250\"}}]},{\"type\":\"column\",\"props\":{\"image_position\":\"center-center\",\"media_overlay_gradient\":\"\",\"width_medium\":\"1-3\"},\"children\":[{\"type\":\"video\",\"props\":{\"video_controls\":true,\"margin\":\"default\",\"video\":\"https:\\\/\\\/youtu.be\\\/Ae7wmrJyre0\",\"video_loop\":true,\"video_playsinline\":true,\"video_autoplay\":\"\",\"video_width\":\"350\",\"video_height\":\"250\"}}]}],\"props\":{\"layout\":\"1-3,1-3,1-3\",\"row_gap\":\"collapse\"}},{\"type\":\"row\",\"props\":{\"layout\":\"1-3,1-3,1-3\"},\"children\":[{\"type\":\"column\",\"props\":{\"image_position\":\"center-center\",\"media_overlay_gradient\":\"\",\"width_medium\":\"1-3\"},\"children\":[{\"type\":\"video\",\"props\":{\"video_controls\":true,\"margin\":\"default\",\"video\":\"https:\\\/\\\/youtu.be\\\/NdMRoZz3a3E\",\"video_loop\":true,\"video_playsinline\":true,\"video_autoplay\":\"\",\"video_width\":\"350\",\"video_height\":\"250\"}}]},{\"type\":\"column\",\"props\":{\"image_position\":\"center-center\",\"media_overlay_gradient\":\"\",\"width_medium\":\"1-3\"},\"children\":[{\"type\":\"video\",\"props\":{\"video_controls\":true,\"margin\":\"default\",\"video\":\"https:\\\/\\\/youtu.be\\\/2pFY3vsxBIU\",\"video_loop\":true,\"video_playsinline\":true,\"video_autoplay\":\"\",\"video_width\":\"350\",\"video_height\":\"250\"}}]},{\"type\":\"column\",\"props\":{\"image_position\":\"center-center\",\"media_overlay_gradient\":\"\",\"width_medium\":\"1-3\"},\"children\":[]}]}],\"name\":\"videos\"}],\"version\":\"2.4.16\"} --><\/p>\n","protected":false},"excerpt":{"rendered":"<p>Fortalecimiento de Capacidades Los procesos de desarrollo de capacidades y gesti\u00f3n del conocimiento son claves para potenciar y facilitar la implementaci\u00f3n de las medidas y acciones REDD+. Tienen por objetivos asegurar que los actores clave para las medidas y acciones REDD+ cuenten con las capacidades necesarias, e impulsar procesos de innovaci\u00f3n y gesti\u00f3n del conocimiento [&hellip;]<\/p>\n","protected":false},"author":1,"featured_media":0,"parent":1114,"menu_order":0,"comment_status":"closed","ping_status":"closed","template":"","meta":{"_monsterinsights_skip_tracking":false,"_monsterinsights_sitenote_active":false,"_monsterinsights_sitenote_note":"","_monsterinsights_sitenote_category":0,"footnotes":""},"class_list":["post-1700","page","type-page","status-publish","hentry"],"_links":{"self":[{"href":"https:\/\/reddecuador.ambiente.gob.ec\/redd\/index.php?rest_route=\/wp\/v2\/pages\/1700","targetHints":{"allow":["GET"]}}],"collection":[{"href":"https:\/\/reddecuador.ambiente.gob.ec\/redd\/index.php?rest_route=\/wp\/v2\/pages"}],"about":[{"href":"https:\/\/reddecuador.ambiente.gob.ec\/redd\/index.php?rest_route=\/wp\/v2\/types\/page"}],"author":[{"embeddable":true,"href":"https:\/\/reddecuador.ambiente.gob.ec\/redd\/index.php?rest_route=\/wp\/v2\/users\/1"}],"replies":[{"embeddable":true,"href":"https:\/\/reddecuador.ambiente.gob.ec\/redd\/index.php?rest_route=%2Fwp%2Fv2%2Fcomments&post=1700"}],"version-history":[{"count":22,"href":"https:\/\/reddecuador.ambiente.gob.ec\/redd\/index.php?rest_route=\/wp\/v2\/pages\/1700\/revisions"}],"predecessor-version":[{"id":2082,"href":"https:\/\/reddecuador.ambiente.gob.ec\/redd\/index.php?rest_route=\/wp\/v2\/pages\/1700\/revisions\/2082"}],"up":[{"embeddable":true,"href":"https:\/\/reddecuador.ambiente.gob.ec\/redd\/index.php?rest_route=\/wp\/v2\/pages\/1114"}],"wp:attachment":[{"href":"https:\/\/reddecuador.ambiente.gob.ec\/redd\/index.php?rest_route=%2Fwp%2Fv2%2Fmedia&parent=1700"}],"curies":[{"name":"wp","href":"https:\/\/api.w.org\/{rel}","templated":true}]}}