{"id":269,"date":"2020-02-06T19:49:06","date_gmt":"2020-02-06T19:49:06","guid":{"rendered":"http:\/\/geekecuador.com\/redd\/?page_id=269"},"modified":"2025-11-05T16:01:48","modified_gmt":"2025-11-05T16:01:48","slug":"contactos","status":"publish","type":"page","link":"https:\/\/reddecuador.ambiente.gob.ec\/redd\/?page_id=269","title":{"rendered":"Contactos"},"content":{"rendered":"<h4>\n<p><img loading=\"lazy\" decoding=\"async\" class=\"alignnone size-full wp-image-393\" src=\"\/redd\/wp-content\/uploads\/01bullet_blanca.png\" alt=\"\" width=\"12\" height=\"60\" \/> Contactos<\/p>\n<p><\/h4>\n<h1><span style=\"color: #800000;\">Ministerio del Ambiente, Agua y Transici\u00f3n Ecol\u00f3gica<\/span><\/h1>\n<div>\n<p>    <iframe src=\"https:\/\/www.google.com\/maps\/embed?pb=!1m18!1m12!1m3!1d3989.7919675817857!2d-78.4885198489203!3d-0.20824489984730407!2m3!1f0!2f0!3f0!3m2!1i1024!2i768!4f13.1!3m3!1m2!1s0x91d59a0e294bf633%3A0x144735ae05f2a969!2sMinisterio%20del%20Ambiente%20Ecuador!5e0!3m2!1ses!2sec!4v1595287822567!5m2!1ses!2sec\" width=\"800\" height=350\" frameborder=\"0\" style=\"border:0;\" allowfullscreen=\"\" aria-hidden=\"false\" tabindex=\"0\"><\/iframe>\n<\/div>\n<ul>\n<li>\n<div>\n<p>Calle Madrid 1159 y Andaluc\u00eda<\/p>\n<\/div>\n<\/li>\n<li>\n<div>\n<p>C\u00f3digo Postal: 170525<\/p>\n<\/div>\n<\/li>\n<li>\n<div>\n<p>Tel\u00e9fono: 593-2 3987600\u00a0 &#8211;\u00a0 Ext: 1315<\/p>\n<\/div>\n<\/li>\n<\/ul>\n<h5>Contactos<\/h5>\n<ul>\n<li>\n<div>\n<p>J\u00e9ssica Gallegos &#8211; Subsecretaria de Cambio Clim\u00e1tico<\/p>\n<\/div>\n<\/li>\n<li>\n<div>\n<p>Pa\u00fal Villac\u00eds &#8211; Director de Mitigaci\u00f3n de Cambio Clim\u00e1tico<\/p>\n<\/div>\n<\/li>\n<li>\n<div>\n<p>Santiago Cort\u00e9s &#8211; Especialista de Cambio Clim\u00e1tico y REDD+<\/p>\n<\/div>\n<\/li>\n<\/ul>\n<hr>\n<h1><img loading=\"lazy\" decoding=\"async\" class=\"alignnone size-full wp-image-311\" src=\"\/redd\/wp-content\/uploads\/01bullet_azul.png\" alt=\"\" width=\"12\" height=\"60\" \/> Mecanismo de Quejas <strong>REDD+\u00a0<\/strong><\/h1>\n<p><a href=\"https:\/\/form.jotform.com\/210984731577061\"><img decoding=\"async\" src=\"\/redd\/wp-content\/uploads\/Banner-v2_01.jpg\" alt=\"\"><\/a><br \/>\n<a href=\"http:\/\/maetransparente.ambiente.gob.ec\/otrs\/customer.pl\"><img decoding=\"async\" src=\"\/redd\/wp-content\/uploads\/Banner_02.jpg\" alt=\"\"><\/a><br \/>\n<a href=\"https:\/\/nextcloud.ambiente.gob.ec\/index.php\/s\/xfmqqHszqekKcqt\"><img decoding=\"async\" src=\"\/redd\/wp-content\/uploads\/Banner_03_-scaled.jpg\" alt=\"\"><\/a><\/p>\n<p><!--more--><br \/>\n<!-- {\"children\":[{\"name\":\"Hero\",\"type\":\"section\",\"props\":{\"animation\":\"slide-top-medium\",\"animation_delay\":\"200\",\"image\":\"wp-content\\\/uploads\\\/foto_ama.jpg\",\"image_parallax_easing\":\"0\",\"image_position\":\"center-center\",\"image_size\":\"cover\",\"media_blend_mode\":\"overlay\",\"media_overlay\":\"rgba(0, 0, 0, 0.34)\",\"padding\":\"none\",\"padding_remove_top\":true,\"style\":\"default\",\"title_breakpoint\":\"xl\",\"title_position\":\"top-left\",\"title_rotation\":\"left\",\"vertical_align\":\"\",\"width\":\"\"},\"children\":[{\"type\":\"row\",\"children\":[{\"type\":\"column\",\"props\":{\"image_position\":\"center-center\",\"position_sticky_breakpoint\":\"m\",\"width_medium\":\"1-1\"},\"children\":[{\"type\":\"headline\",\"props\":{\"content\":\"<br \\\/><br \\\/><img class=\\\"alignnone size-full wp-image-393\\\" src=\\\"wp-content\\\/uploads\\\/01bullet_blanca.png\\\" alt=\\\"\\\" width=\\\"12\\\" height=\\\"60\\\" \\\/> Contactos<br \\\/><br \\\/><br \\\/>\",\"css\":\".el-element {color: #fff;}\",\"text_align\":\"center\",\"title_element\":\"h4\",\"title_font_family\":\"primary\",\"title_style\":\"h4\"}}]}]}]},{\"type\":\"section\",\"props\":{\"css\":\".el-section {background-color:#E04403;}\",\"image_position\":\"center-center\",\"overlap\":false,\"padding\":\"xsmall\",\"padding_remove_bottom\":true,\"preserve_color\":false,\"style\":\"secondary\",\"title_breakpoint\":\"xl\",\"title_position\":\"top-left\",\"title_rotation\":\"left\",\"vertical_align\":\"\",\"width\":\"default\"},\"children\":[{\"type\":\"row\",\"children\":[{\"type\":\"column\",\"props\":{\"image_position\":\"center-center\",\"position_sticky_breakpoint\":\"m\"}}]}]},{\"type\":\"section\",\"props\":{\"animation\":\"slide-top-medium\",\"animation_delay\":\"200\",\"image_position\":\"center-center\",\"style\":\"default\",\"title_breakpoint\":\"xl\",\"title_position\":\"top-left\",\"title_rotation\":\"left\",\"vertical_align\":\"\",\"width\":\"large\"},\"children\":[{\"type\":\"row\",\"props\":{\"divider\":false,\"layout\":\"3-5,2-5\"},\"children\":[{\"type\":\"column\",\"props\":{\"image_position\":\"center-center\",\"position_sticky_breakpoint\":\"m\",\"width_medium\":\"3-5\"},\"children\":[{\"type\":\"headline\",\"props\":{\"content\":\"<span style=\\\"color: #800000;\\\">Ministerio del Ambiente, Agua y Transici\\u00f3n Ecol\\u00f3gica<\\\/span>\",\"text_align\":\"center\",\"title_element\":\"h1\",\"title_font_family\":\"primary\",\"title_style\":\"h5\"}},{\"type\":\"html\",\"props\":{\"content\":\"<iframe src=\\\"https:\\\/\\\/www.google.com\\\/maps\\\/embed?pb=!1m18!1m12!1m3!1d3989.7919675817857!2d-78.4885198489203!3d-0.20824489984730407!2m3!1f0!2f0!3f0!3m2!1i1024!2i768!4f13.1!3m3!1m2!1s0x91d59a0e294bf633%3A0x144735ae05f2a969!2sMinisterio%20del%20Ambiente%20Ecuador!5e0!3m2!1ses!2sec!4v1595287822567!5m2!1ses!2sec\\\" width=\\\"800\\\" height=350\\\" frameborder=\\\"0\\\" style=\\\"border:0;\\\" allowfullscreen=\\\"\\\" aria-hidden=\\\"false\\\" tabindex=\\\"0\\\"><\\\/iframe>\"}}]},{\"type\":\"column\",\"props\":{\"image_position\":\"center-center\",\"position_sticky_breakpoint\":\"m\",\"vertical_align\":\"middle\",\"width_medium\":\"2-5\"},\"children\":[{\"type\":\"list\",\"props\":{\"column_breakpoint\":\"m\",\"image_align\":\"left\",\"image_svg_color\":\"emphasis\",\"image_vertical_align\":true,\"list_element\":\"ul\",\"list_horizontal_separator\":\", \",\"list_type\":\"vertical\",\"show_image\":true,\"show_link\":true},\"children\":[{\"type\":\"list_item\",\"props\":{\"content\":\"\n\n<p>Calle Madrid 1159 y Andaluc\\u00eda<\\\/p>\",\"icon\":\"location\",\"icon_color\":\"primary\"}},{\"type\":\"list_item\",\"props\":{\"content\":\"\n\n<p>C\\u00f3digo Postal: 170525<\\\/p>\",\"icon\":\"search\",\"icon_color\":\"primary\"}},{\"type\":\"list_item\",\"props\":{\"content\":\"\n\n<p>Tel\\u00e9fono: 593-2 3987600\\u00a0 -\\u00a0 Ext: 1315<\\\/p>\",\"icon\":\"receiver\",\"icon_color\":\"primary\"}}]},{\"type\":\"headline\",\"props\":{\"content\":\"Contactos\",\"title_color\":\"primary\",\"title_element\":\"h5\",\"title_font_family\":\"primary\",\"title_style\":\"h5\"}},{\"type\":\"list\",\"props\":{\"column_breakpoint\":\"m\",\"image_align\":\"left\",\"image_svg_color\":\"emphasis\",\"image_vertical_align\":true,\"list_element\":\"ul\",\"list_horizontal_separator\":\", \",\"list_type\":\"vertical\",\"show_image\":true,\"show_link\":true},\"children\":[{\"type\":\"list_item\",\"props\":{\"content\":\"\n\n<p>J\\u00e9ssica Gallegos - Subsecretaria de Cambio Clim\\u00e1tico<\\\/p>\",\"icon\":\"user\",\"icon_color\":\"primary\"}},{\"type\":\"list_item\",\"props\":{\"content\":\"\n\n<p>Pa\\u00fal Villac\\u00eds - Director de Mitigaci\\u00f3n de Cambio Clim\\u00e1tico<\\\/p>\",\"icon\":\"user\",\"icon_color\":\"primary\"}},{\"type\":\"list_item\",\"props\":{\"content\":\"\n\n<p>Santiago Cort\\u00e9s - Especialista de Cambio Clim\\u00e1tico y REDD+<\\\/p>\",\"icon\":\"user\",\"icon_color\":\"primary\"}}]}]}]}]},{\"type\":\"section\",\"props\":{\"image_position\":\"center-center\",\"padding_remove_bottom\":true,\"padding_remove_horizontal\":true,\"style\":\"default\",\"title_breakpoint\":\"xl\",\"title_position\":\"top-left\",\"title_rotation\":\"left\",\"vertical_align\":\"\",\"width\":\"xsmall\"},\"children\":[{\"type\":\"row\",\"children\":[{\"type\":\"column\",\"props\":{\"image_position\":\"center-center\",\"position_sticky_breakpoint\":\"m\"},\"children\":[{\"type\":\"divider\",\"props\":{\"css\":\".el-element {\\nborder: 8px solid #8A8000;\\n}\\n\",\"divider_element\":\"hr\"}},{\"type\":\"headline\",\"props\":{\"content\":\"<img class=\\\"alignnone size-full wp-image-311\\\" src=\\\"wp-content\\\/uploads\\\/01bullet_azul.png\\\" alt=\\\"\\\" width=\\\"12\\\" height=\\\"60\\\" \\\/> Mecanismo de Quejas <strong>REDD+\\u00a0<\\\/strong>\",\"text_align\":\"center\",\"title_element\":\"h1\",\"title_style\":\"h4\"}},{\"type\":\"image\",\"props\":{\"image\":\"wp-content\\\/uploads\\\/Banner-v2_01.jpg\",\"image_svg_color\":\"emphasis\",\"link\":\"https:\\\/\\\/form.jotform.com\\\/210984731577061\",\"link_target\":\"blank\",\"margin\":\"default\"}}]}]}]},{\"type\":\"section\",\"props\":{\"image_position\":\"center-center\",\"padding_remove_bottom\":false,\"padding_remove_horizontal\":true,\"padding_remove_top\":true,\"style\":\"default\",\"title_breakpoint\":\"xl\",\"title_position\":\"top-left\",\"title_rotation\":\"left\",\"vertical_align\":\"\",\"width\":\"xsmall\"},\"children\":[{\"type\":\"row\",\"children\":[{\"type\":\"column\",\"props\":{\"image_position\":\"center-center\",\"position_sticky_breakpoint\":\"m\",\"width_medium\":\"1-2\"},\"children\":[{\"type\":\"image\",\"props\":{\"image\":\"wp-content\\\/uploads\\\/Banner_02.jpg\",\"image_svg_color\":\"emphasis\",\"link\":\"http:\\\/\\\/maetransparente.ambiente.gob.ec\\\/otrs\\\/customer.pl\",\"link_target\":\"blank\",\"margin\":\"default\"}}]},{\"type\":\"column\",\"props\":{\"image_position\":\"center-center\",\"position_sticky_breakpoint\":\"m\",\"width_medium\":\"1-2\"},\"children\":[{\"type\":\"image\",\"props\":{\"image\":\"wp-content\\\/uploads\\\/Banner_03_-scaled.jpg\",\"image_svg_color\":\"emphasis\",\"link\":\"https:\\\/\\\/nextcloud.ambiente.gob.ec\\\/index.php\\\/s\\\/xfmqqHszqekKcqt\",\"link_aria_label\":\"Manual\",\"link_target\":\"blank\",\"margin\":\"default\"}}]}],\"props\":{\"layout\":\"1-2,1-2\"}}]}],\"version\":\"4.4.9\",\"type\":\"layout\"} --><\/p>\n","protected":false},"excerpt":{"rendered":"<p>Contactos Ministerio del Ambiente, Agua y Transici\u00f3n Ecol\u00f3gica<\/p>\n","protected":false},"author":1,"featured_media":0,"parent":0,"menu_order":0,"comment_status":"closed","ping_status":"closed","template":"","meta":{"_monsterinsights_skip_tracking":false,"_monsterinsights_sitenote_active":false,"_monsterinsights_sitenote_note":"","_monsterinsights_sitenote_category":0,"footnotes":""},"class_list":["post-269","page","type-page","status-publish","hentry"],"_links":{"self":[{"href":"https:\/\/reddecuador.ambiente.gob.ec\/redd\/index.php?rest_route=\/wp\/v2\/pages\/269","targetHints":{"allow":["GET"]}}],"collection":[{"href":"https:\/\/reddecuador.ambiente.gob.ec\/redd\/index.php?rest_route=\/wp\/v2\/pages"}],"about":[{"href":"https:\/\/reddecuador.ambiente.gob.ec\/redd\/index.php?rest_route=\/wp\/v2\/types\/page"}],"author":[{"embeddable":true,"href":"https:\/\/reddecuador.ambiente.gob.ec\/redd\/index.php?rest_route=\/wp\/v2\/users\/1"}],"replies":[{"embeddable":true,"href":"https:\/\/reddecuador.ambiente.gob.ec\/redd\/index.php?rest_route=%2Fwp%2Fv2%2Fcomments&post=269"}],"version-history":[{"count":51,"href":"https:\/\/reddecuador.ambiente.gob.ec\/redd\/index.php?rest_route=\/wp\/v2\/pages\/269\/revisions"}],"predecessor-version":[{"id":2667,"href":"https:\/\/reddecuador.ambiente.gob.ec\/redd\/index.php?rest_route=\/wp\/v2\/pages\/269\/revisions\/2667"}],"wp:attachment":[{"href":"https:\/\/reddecuador.ambiente.gob.ec\/redd\/index.php?rest_route=%2Fwp%2Fv2%2Fmedia&parent=269"}],"curies":[{"name":"wp","href":"https:\/\/api.w.org\/{rel}","templated":true}]}}