{"id":562,"date":"2020-07-10T21:39:26","date_gmt":"2020-07-10T21:39:26","guid":{"rendered":"http:\/\/www.geekecuador.com\/redd\/?page_id=562"},"modified":"2021-06-21T13:47:14","modified_gmt":"2021-06-21T13:47:14","slug":"politicas-e-institucionalidad","status":"publish","type":"page","link":"https:\/\/reddecuador.ambiente.gob.ec\/redd\/?page_id=562","title":{"rendered":"Pol\u00edticas e Institucionalidad"},"content":{"rendered":"<h4><img loading=\"lazy\" decoding=\"async\" class=\"alignnone size-full wp-image-297\" src=\"\/redd\/wp-content\/uploads\/01bullet_naranja.png\" alt=\"\" width=\"12\" height=\"60\" \/>\u00a0Pol\u00edticas e Institucionalidad para <strong>REDD+<\/strong><\/h4>\n<div>\n<p style=\"text-align: justify;\">Considera pol\u00edticas transversales y fundamentales al Plan Nacional de Desarrollo, la Estrategia Territorial Nacional y los Planes de Desarrollo y Ordenamiento Territorial. La Estrategia Nacional de Cambio Clim\u00e1tico y su Plan de Acci\u00f3n son los instrumentos de pol\u00edtica en los cuales se inserta el PA REDD+. Considera, adem\u00e1s, otras pol\u00edticas, planes y programas relevantes para su articulaci\u00f3n e implementaci\u00f3n, como son:<\/p>\n<ul>\n<li style=\"text-align: justify;\">La Pol\u00edtica de Gobernanza del Patrimonio Natural, que incluye el Programa Nacional de Incentivos Socio Bosque.<\/li>\n<li style=\"text-align: justify;\">La Estrategia Nacional de Biodiversidad.<\/li>\n<li style=\"text-align: justify;\">La Agenda de Transformacio\u0301n Productiva.<\/li>\n<li style=\"text-align: justify;\">El Cambio de la Matriz Energe\u0301tica.<\/li>\n<li style=\"text-align: justify;\">El Plan Nacional de Restauracio\u0301n.<\/li>\n<\/ul>\n<\/div>\n<div>\n<div id=\"metaslider-id-1483\" style=\"width: 100%;\" class=\"ml-slider-3-102-0 metaslider metaslider-flex metaslider-1483 ml-slider ms-theme-default nav-hidden\" role=\"region\" aria-label=\"Pol\u00edticas e Institucionalidad\" data-height=\"450\" data-width=\"800\">\n    <div id=\"metaslider_container_1483\">\n        <div id=\"metaslider_1483\">\n            <ul class='slides'>\n                <li style=\"display: block; width: 100%;\" class=\"slide-1564 ms-image \" aria-roledescription=\"slide\" data-date=\"2020-10-12 13:41:50\" data-slide-type=\"image\"><img loading=\"lazy\" decoding=\"async\" src=\"https:\/\/reddecuador.ambiente.gob.ec\/redd\/wp-content\/uploads\/foto2-800x450.jpg\" height=\"450\" width=\"800\" alt=\"\" class=\"slider-1483 slide-1564 msDefaultImage\" title=\"foto2\" \/><\/li>\n                <li style=\"display: none; width: 100%;\" class=\"slide-1565 ms-image \" aria-roledescription=\"slide\" data-date=\"2020-10-12 13:41:50\" data-slide-type=\"image\"><img loading=\"lazy\" decoding=\"async\" src=\"https:\/\/reddecuador.ambiente.gob.ec\/redd\/wp-content\/uploads\/foto3-800x450.jpg\" height=\"450\" width=\"800\" alt=\"\" class=\"slider-1483 slide-1565 msDefaultImage\" title=\"foto3\" \/><\/li>\n                <li style=\"display: none; width: 100%;\" class=\"slide-1566 ms-image \" aria-roledescription=\"slide\" data-date=\"2020-10-12 13:41:50\" data-slide-type=\"image\"><img loading=\"lazy\" decoding=\"async\" src=\"https:\/\/reddecuador.ambiente.gob.ec\/redd\/wp-content\/uploads\/foto4-800x450.jpg\" height=\"450\" width=\"800\" alt=\"\" class=\"slider-1483 slide-1566 msDefaultImage\" title=\"foto4\" \/><\/li>\n                <li style=\"display: none; width: 100%;\" class=\"slide-1567 ms-image \" aria-roledescription=\"slide\" data-date=\"2020-10-12 13:41:50\" data-slide-type=\"image\"><img loading=\"lazy\" decoding=\"async\" src=\"https:\/\/reddecuador.ambiente.gob.ec\/redd\/wp-content\/uploads\/foto5-800x450.jpg\" height=\"450\" width=\"800\" alt=\"\" class=\"slider-1483 slide-1567 msDefaultImage\" title=\"foto5\" \/><\/li>\n            <\/ul>\n        <\/div>\n        \n    <\/div>\n<\/div><\/div>\n<h1><img loading=\"lazy\" decoding=\"async\" class=\"alignnone size-full wp-image-393\" src=\"\/redd\/wp-content\/uploads\/01bullet_blanca.png\" alt=\"\" width=\"12\" height=\"60\" \/> Objetivo<\/h1>\n<div>\n<p style=\"text-align: center;\"><strong>Apoyar en la articulaci\u00f3n de pol\u00edticas y normativa legal intersectorial y entre diferentes niveles de gobierno para transversalizar el cambio clim\u00e1tico y REDD+ en las pol\u00edticas p\u00fablicas nacionales, as\u00ed como en los principales instrumentos de ordenamiento territorial a nivel de los GAD y de las comunidades, pueblos y nacionalidades ind\u00edgenas.<\/strong><\/p>\n<\/div>\n<h4><img loading=\"lazy\" decoding=\"async\" class=\"alignnone size-full wp-image-297\" src=\"\/redd\/wp-content\/uploads\/01bullet_naranja.png\" alt=\"\" width=\"12\" height=\"60\" \/> Medidas que se <strong>deben impulsar<\/strong><\/h4>\n<div>\n<p>        <img decoding=\"async\" src=\"\/redd\/wp-content\/uploads\/interinstirucional_acc.jpg\" alt=\"\"><\/p>\n<h3>ARTICULACI\u00d3N POL\u00cdTICO-INSTITUCIONAL PARA LA IMPLEMENTACI\u00d3N DE MEDIDAS Y ACCIONES<\/h3>\n<div>\n<p style=\"text-align: justify;\"><em><strong>El Plan de Acci\u00f3n REDD+<\/strong><\/em> contempla los mecanismos e instrumentos para integrar a los sectores privado productivo y financiero en las iniciativas locales de los GAD y de comunidades, pueblos y nacionalidades. Igualmente, los proyectos de ganaderi\u0301a sostenible dentro del marco de la ATPA son esenciales para la implementacio\u0301n de REDD+ y requieren de acuerdos intersectoriales que incluyan, en primera instancia, el manejo responsable de recursos primordiales como el suelo y el agua.<\/p>\n<\/div>\n<\/div>\n<div>\n<p>        <img decoding=\"async\" src=\"\/redd\/wp-content\/uploads\/lega.jpg\" alt=\"\"><\/p>\n<h3>Legalizaci\u00f3n de tierras<\/h3>\n<div>\n<p style=\"text-align: justify;\">La legalizaci\u00f3n de tierras se refiere a fortalecer la tenencia y la seguridad en la propiedad de la tierra. La falta de garant\u00edas a la propiedad genera una visi\u00f3n cortoplacista en el aprovechamiento de los recursos naturales, en general, y del bosque, en particular (Morales et al. 2010; N\u00fa\u00f1ez et al. 2013). Tambi\u00e9n es perjudicial para la efectividad, la eficiencia y la equidad, y para la distribuci\u00f3n de los beneficios de<strong> REDD+<\/strong>, as\u00ed como una amenaza para la sostenibilidad de las comunidades forestales (Sunderlin et al. 2010).<\/p>\n<\/div>\n<\/div>\n<div>\n<p>        <img decoding=\"async\" src=\"\/redd\/wp-content\/uploads\/agricola.jpg\" alt=\"\"><\/p>\n<h3>Ordenamiento territorial y zonificaci\u00f3n de la frontera agr\u00edcola y forestal<\/h3>\n<div>\n<p style=\"text-align: justify;\">Esta medida pretende articular el ordenamiento territorial y la zonificaci\u00f3n consiguiente con los objetivos del <em><strong>Plan de Acci\u00f3n REDD+<\/strong><\/em>. Esto se puede concretar cuando los instrumentos de gesti\u00f3n como son el Plan de Desarrollo Nacional, los PDOT, los instrumentos de planificaci\u00f3n territorial de las comunidades, pueblos y nacionalidades o los planes de manejo integral de fincas se articulen y se alineen con los objetivos del Plan o contengan objetivos de desarrollo sostenible.<\/p>\n<\/div>\n<\/div>\n<div>\n<p>        <img decoding=\"async\" src=\"\/redd\/wp-content\/uploads\/tierras.jpg\" alt=\"\"><\/p>\n<h3>Control forestal y reformas normativas<\/h3>\n<div>\n<p style=\"text-align: justify;\">El MAATE, a trav\u00e9s de la Direcci\u00f3n Nacional Forestal, es la autoridad competente para ejercer control de la actividad maderera en las \u00e1reas de bosque natural, sistemas agroforestales y formaciones pioneras en todo el territorio nacional; la finalidad es controlar y evitar su aprovechamiento y traslado ilegales. Actualmente el MAATE tiene la disposici\u00f3n de reformar los acuerdos ministeriales sobre el manejo sostenible de los bosques para lograr su permanencia y la incorporaci\u00f3n de su valor agregado, mediante t\u00e9cnicas de manejo forestal aplicadas en bosque h\u00famedo, seco y andino.<\/p>\n<\/div>\n<\/div>\n<p><!--more--><br \/>\n<!-- {\"name\":\"base\",\"type\":\"layout\",\"children\":[{\"type\":\"section\",\"props\":{\"style\":\"muted\",\"width\":\"default\",\"vertical_align\":\"middle\",\"title_position\":\"top-left\",\"title_rotation\":\"left\",\"title_breakpoint\":\"xl\",\"image_position\":\"center-center\",\"padding\":\"xsmall\",\"animation\":\"slide-top-medium\",\"animation_delay\":\"200\"},\"children\":[{\"type\":\"row\",\"props\":{\"layout\":\"1-2,1-2\"},\"children\":[{\"type\":\"column\",\"props\":{\"image_position\":\"center-center\",\"media_overlay_gradient\":\"\",\"width_medium\":\"1-2\"},\"children\":[{\"type\":\"headline\",\"props\":{\"title_element\":\"h4\",\"title_style\":\"h4\",\"content\":\"<img class=\\\"alignnone size-full wp-image-297\\\" src=\\\"wp-content\\\/uploads\\\/01bullet_naranja.png\\\" alt=\\\"\\\" width=\\\"12\\\" height=\\\"60\\\" \\\/>\\u00a0Pol\\u00edticas e Institucionalidad para <strong>REDD+<\\\/strong>\"}},{\"type\":\"text\",\"props\":{\"margin\":\"default\",\"column_breakpoint\":\"m\",\"content\":\"\n\n<p style=\\\"text-align: justify;\\\">Considera pol\\u00edticas transversales y fundamentales al Plan Nacional de Desarrollo, la Estrategia Territorial Nacional y los Planes de Desarrollo y Ordenamiento Territorial. La Estrategia Nacional de Cambio Clim\\u00e1tico y su Plan de Acci\\u00f3n son los instrumentos de pol\\u00edtica en los cuales se inserta el PA REDD+. Considera, adem\\u00e1s, otras pol\\u00edticas, planes y programas relevantes para su articulaci\\u00f3n e implementaci\\u00f3n, como son:<\\\/p>\\n\n\n<ul>\\n\n\n<li style=\\\"text-align: justify;\\\">La Pol\\u00edtica de Gobernanza del Patrimonio Natural, que incluye el Programa Nacional de Incentivos Socio Bosque.<\\\/li>\\n\n\n<li style=\\\"text-align: justify;\\\">La Estrategia Nacional de Biodiversidad.<\\\/li>\\n\n\n<li style=\\\"text-align: justify;\\\">La Agenda de Transformacio\\u0301n Productiva.<\\\/li>\\n\n\n<li style=\\\"text-align: justify;\\\">El Cambio de la Matriz Energe\\u0301tica.<\\\/li>\\n\n\n<li style=\\\"text-align: justify;\\\">El Plan Nacional de Restauracio\\u0301n.<\\\/li>\\n<\\\/ul>\"}}]},{\"type\":\"column\",\"props\":{\"image_position\":\"center-center\",\"media_overlay_gradient\":\"\",\"width_medium\":\"1-2\"},\"children\":[{\"type\":\"html\",\"props\":{\"content\":\"[metaslider id=\\\"1483\\\"]\"}}]}]}]},{\"type\":\"section\",\"props\":{\"style\":\"muted\",\"width\":\"default\",\"vertical_align\":\"middle\",\"title_position\":\"top-left\",\"title_rotation\":\"left\",\"title_breakpoint\":\"xl\",\"image_position\":\"center-center\",\"css\":\".el-section {\\nbackground-color: #B85E21;}\",\"padding\":\"xsmall\",\"padding_remove_top\":false,\"padding_remove_bottom\":true},\"children\":[{\"type\":\"row\",\"children\":[{\"type\":\"column\",\"props\":{\"image_position\":\"center-center\",\"media_overlay_gradient\":\"\",\"width_medium\":\"\"},\"children\":[]}]}]},{\"type\":\"section\",\"props\":{\"style\":\"default\",\"width\":\"small\",\"vertical_align\":\"middle\",\"title_position\":\"top-left\",\"title_rotation\":\"left\",\"title_breakpoint\":\"xl\",\"image_position\":\"center-center\",\"image\":\"wp-content\\\/uploads\\\/objetivos.png\",\"media_overlay\":\"rgba(0, 0, 0, 0.58)\",\"animation\":\"slide-top-medium\",\"animation_delay\":\"200\",\"image_effect\":\"parallax\",\"image_parallax_bgy_start\":\"350\",\"image_parallax_easing\":\"-1\",\"image_size\":\"cover\"},\"children\":[{\"type\":\"row\",\"children\":[{\"type\":\"column\",\"props\":{\"image_position\":\"center-center\",\"media_overlay_gradient\":\"\"},\"children\":[{\"type\":\"headline\",\"props\":{\"title_element\":\"h1\",\"content\":\"<img class=\\\"alignnone size-full wp-image-393\\\" src=\\\"wp-content\\\/uploads\\\/01bullet_blanca.png\\\" alt=\\\"\\\" width=\\\"12\\\" height=\\\"60\\\" \\\/> Objetivo\",\"title_style\":\"h4\",\"text_align\":\"center\",\"css\":\".el-element {color: #fff;}\"}},{\"type\":\"text\",\"props\":{\"margin\":\"default\",\"column_breakpoint\":\"m\",\"content\":\"\n\n<p style=\\\"text-align: center;\\\"><strong>Apoyar en la articulaci\\u00f3n de pol\\u00edticas y normativa legal intersectorial y entre diferentes niveles de gobierno para transversalizar el cambio clim\\u00e1tico y REDD+ en las pol\\u00edticas p\\u00fablicas nacionales, as\\u00ed como en los principales instrumentos de ordenamiento territorial a nivel de los GAD y de las comunidades, pueblos y nacionalidades ind\\u00edgenas.<\\\/strong><\\\/p>\",\"css\":\".el-element {color: #fff;}\",\"text_size\":\"large\"}}]}]}]},{\"type\":\"section\",\"props\":{\"style\":\"default\",\"width\":\"default\",\"vertical_align\":\"middle\",\"title_position\":\"top-left\",\"title_rotation\":\"left\",\"title_breakpoint\":\"xl\",\"image_position\":\"center-center\",\"padding\":\"xsmall\",\"animation\":\"slide-top-medium\",\"animation_delay\":\"200\"},\"children\":[{\"type\":\"row\",\"children\":[{\"type\":\"column\",\"props\":{\"image_position\":\"center-center\",\"media_overlay_gradient\":\"\"},\"children\":[{\"type\":\"headline\",\"props\":{\"title_element\":\"h4\",\"content\":\"<img class=\\\"alignnone size-full wp-image-297\\\" src=\\\"wp-content\\\/uploads\\\/01bullet_naranja.png\\\" alt=\\\"\\\" width=\\\"12\\\" height=\\\"60\\\" \\\/> Medidas que se <strong>deben impulsar<\\\/strong>\",\"title_style\":\"h4\",\"text_align\":\"center\"}}]}]}]},{\"type\":\"section\",\"props\":{\"style\":\"default\",\"width\":\"large\",\"vertical_align\":\"middle\",\"title_position\":\"top-left\",\"title_rotation\":\"left\",\"title_breakpoint\":\"xl\",\"image_position\":\"center-center\",\"padding\":\"xsmall\",\"animation\":\"slide-top-medium\",\"animation_delay\":\"200\"},\"children\":[{\"type\":\"row\",\"props\":{\"layout\":\"1-2,1-2\"},\"children\":[{\"type\":\"column\",\"props\":{\"image_position\":\"center-center\",\"media_overlay_gradient\":\"\",\"width_medium\":\"1-2\"},\"children\":[{\"type\":\"panel\",\"props\":{\"link_text\":\"Read more\",\"title_hover_style\":\"reset\",\"title_element\":\"h3\",\"title_align\":\"top\",\"title_grid_width\":\"1-2\",\"title_grid_breakpoint\":\"m\",\"meta_style\":\"meta\",\"meta_align\":\"below-title\",\"content_column_breakpoint\":\"m\",\"icon_width\":80,\"image_align\":\"top\",\"image_grid_width\":\"1-2\",\"image_grid_breakpoint\":\"m\",\"image_svg_color\":\"emphasis\",\"link_style\":\"default\",\"margin\":\"default\",\"content\":\"\n\n<p style=\\\"text-align: justify;\\\"><em><strong>El Plan de Acci\\u00f3n REDD+<\\\/strong><\\\/em> contempla los mecanismos e instrumentos para integrar a los sectores privado productivo y financiero en las iniciativas locales de los GAD y de comunidades, pueblos y nacionalidades. Igualmente, los proyectos de ganaderi\\u0301a sostenible dentro del marco de la ATPA son esenciales para la implementacio\\u0301n de REDD+ y requieren de acuerdos intersectoriales que incluyan, en primera instancia, el manejo responsable de recursos primordiales como el suelo y el agua.<\\\/p>\",\"image\":\"wp-content\\\/uploads\\\/interinstirucional_acc.jpg\",\"panel_style\":\"card-secondary\",\"panel_card_image\":true,\"title\":\"ARTICULACI\\u00d3N POL\\u00cdTICO-INSTITUCIONAL PARA LA IMPLEMENTACI\\u00d3N DE MEDIDAS Y ACCIONES\",\"title_style\":\"h5\",\"title_font_family\":\"primary\",\"css\":\".el-element {background-color:#B85E21;}\\n.el-content {color: #fff;}\\n.el-title {text-align: center;\\n}\",\"title_decoration\":\"divider\",\"title_margin\":\"small\",\"content_margin\":\"small\",\"meta_element\":\"div\"}},{\"type\":\"panel\",\"props\":{\"link_text\":\"Read more\",\"title_hover_style\":\"reset\",\"title_element\":\"h3\",\"title_align\":\"top\",\"title_grid_width\":\"1-2\",\"title_grid_breakpoint\":\"m\",\"meta_style\":\"meta\",\"meta_align\":\"below-title\",\"content_column_breakpoint\":\"m\",\"icon_width\":80,\"image_align\":\"top\",\"image_grid_width\":\"1-2\",\"image_grid_breakpoint\":\"m\",\"image_svg_color\":\"emphasis\",\"link_style\":\"default\",\"margin\":\"default\",\"content\":\"\n\n<p style=\\\"text-align: justify;\\\">La legalizaci\\u00f3n de tierras se refiere a fortalecer la tenencia y la seguridad en la propiedad de la tierra. La falta de garant\\u00edas a la propiedad genera una visi\\u00f3n cortoplacista en el aprovechamiento de los recursos naturales, en general, y del bosque, en particular (Morales et al. 2010; N\\u00fa\\u00f1ez et al. 2013). Tambi\\u00e9n es perjudicial para la efectividad, la eficiencia y la equidad, y para la distribuci\\u00f3n de los beneficios de<strong> REDD+<\\\/strong>, as\\u00ed como una amenaza para la sostenibilidad de las comunidades forestales (Sunderlin et al. 2010).<\\\/p>\",\"image\":\"wp-content\\\/uploads\\\/lega.jpg\",\"panel_style\":\"card-secondary\",\"panel_card_image\":true,\"title\":\"Legalizaci\\u00f3n de tierras\",\"title_style\":\"h5\",\"title_font_family\":\"primary\",\"css\":\".el-element {background-color:#B85E21;}\\n.el-content {color: #fff;}\\n.el-title {text-align: center;\\n}\",\"title_decoration\":\"divider\",\"title_margin\":\"small\",\"content_margin\":\"small\",\"meta_element\":\"div\"}}]},{\"type\":\"column\",\"props\":{\"image_position\":\"center-center\",\"media_overlay_gradient\":\"\",\"width_medium\":\"1-2\"},\"children\":[{\"type\":\"panel\",\"props\":{\"link_text\":\"Read more\",\"title_hover_style\":\"reset\",\"title_element\":\"h3\",\"title_align\":\"top\",\"title_grid_width\":\"1-2\",\"title_grid_breakpoint\":\"m\",\"meta_style\":\"meta\",\"meta_align\":\"below-title\",\"content_column_breakpoint\":\"m\",\"icon_width\":80,\"image_align\":\"top\",\"image_grid_width\":\"1-2\",\"image_grid_breakpoint\":\"m\",\"image_svg_color\":\"emphasis\",\"link_style\":\"default\",\"margin\":\"default\",\"content\":\"\n\n<p style=\\\"text-align: justify;\\\">Esta medida pretende articular el ordenamiento territorial y la zonificaci\\u00f3n consiguiente con los objetivos del <em><strong>Plan de Acci\\u00f3n REDD+<\\\/strong><\\\/em>. Esto se puede concretar cuando los instrumentos de gesti\\u00f3n como son el Plan de Desarrollo Nacional, los PDOT, los instrumentos de planificaci\\u00f3n territorial de las comunidades, pueblos y nacionalidades o los planes de manejo integral de fincas se articulen y se alineen con los objetivos del Plan o contengan objetivos de desarrollo sostenible.<\\\/p>\",\"image\":\"wp-content\\\/uploads\\\/agricola.jpg\",\"panel_style\":\"card-secondary\",\"panel_card_image\":true,\"title\":\"Ordenamiento territorial y zonificaci\\u00f3n de la frontera agr\\u00edcola y forestal\",\"title_style\":\"h5\",\"title_font_family\":\"primary\",\"css\":\".el-element {background-color:#B85E21;}\\n.el-content {color: #fff;}\\n.el-title {text-align: center;\\n}\",\"title_decoration\":\"divider\",\"title_margin\":\"small\",\"content_margin\":\"small\",\"meta_element\":\"div\"}},{\"type\":\"panel\",\"props\":{\"link_text\":\"Read more\",\"title_hover_style\":\"reset\",\"title_element\":\"h3\",\"title_align\":\"top\",\"title_grid_width\":\"1-2\",\"title_grid_breakpoint\":\"m\",\"meta_style\":\"meta\",\"meta_align\":\"below-title\",\"content_column_breakpoint\":\"m\",\"icon_width\":80,\"image_align\":\"top\",\"image_grid_width\":\"1-2\",\"image_grid_breakpoint\":\"m\",\"image_svg_color\":\"emphasis\",\"link_style\":\"default\",\"margin\":\"default\",\"content\":\"\n\n<p style=\\\"text-align: justify;\\\">El MAATE, a trav\\u00e9s de la Direcci\\u00f3n Nacional Forestal, es la autoridad competente para ejercer control de la actividad maderera en las \\u00e1reas de bosque natural, sistemas agroforestales y formaciones pioneras en todo el territorio nacional; la finalidad es controlar y evitar su aprovechamiento y traslado ilegales. Actualmente el MAATE tiene la disposici\\u00f3n de reformar los acuerdos ministeriales sobre el manejo sostenible de los bosques para lograr su permanencia y la incorporaci\\u00f3n de su valor agregado, mediante t\\u00e9cnicas de manejo forestal aplicadas en bosque h\\u00famedo, seco y andino.<\\\/p>\",\"image\":\"wp-content\\\/uploads\\\/tierras.jpg\",\"panel_style\":\"card-secondary\",\"panel_card_image\":true,\"title\":\"Control forestal y reformas normativas\",\"title_style\":\"h5\",\"title_font_family\":\"primary\",\"css\":\".el-element {background-color:#B85E21;}\\n.el-content {color: #fff;}\\n.el-title {text-align: center;\\n}\",\"title_decoration\":\"divider\",\"title_margin\":\"small\",\"content_margin\":\"small\",\"meta_element\":\"div\"}}]}]}]}],\"version\":\"2.4.16\"} --><\/p>\n","protected":false},"excerpt":{"rendered":"<p>\u00a0Pol\u00edticas e Institucionalidad para REDD+ Considera pol\u00edticas transversales y fundamentales al Plan Nacional de Desarrollo, la Estrategia Territorial Nacional y los Planes de Desarrollo y Ordenamiento Territorial. La Estrategia Nacional de Cambio Clim\u00e1tico y su Plan de Acci\u00f3n son los instrumentos de pol\u00edtica en los cuales se inserta el PA REDD+. Considera, adem\u00e1s, otras pol\u00edticas, [&hellip;]<\/p>\n","protected":false},"author":1,"featured_media":0,"parent":560,"menu_order":0,"comment_status":"closed","ping_status":"closed","template":"","meta":{"_monsterinsights_skip_tracking":false,"_monsterinsights_sitenote_active":false,"_monsterinsights_sitenote_note":"","_monsterinsights_sitenote_category":0,"footnotes":""},"class_list":["post-562","page","type-page","status-publish","hentry"],"_links":{"self":[{"href":"https:\/\/reddecuador.ambiente.gob.ec\/redd\/index.php?rest_route=\/wp\/v2\/pages\/562","targetHints":{"allow":["GET"]}}],"collection":[{"href":"https:\/\/reddecuador.ambiente.gob.ec\/redd\/index.php?rest_route=\/wp\/v2\/pages"}],"about":[{"href":"https:\/\/reddecuador.ambiente.gob.ec\/redd\/index.php?rest_route=\/wp\/v2\/types\/page"}],"author":[{"embeddable":true,"href":"https:\/\/reddecuador.ambiente.gob.ec\/redd\/index.php?rest_route=\/wp\/v2\/users\/1"}],"replies":[{"embeddable":true,"href":"https:\/\/reddecuador.ambiente.gob.ec\/redd\/index.php?rest_route=%2Fwp%2Fv2%2Fcomments&post=562"}],"version-history":[{"count":64,"href":"https:\/\/reddecuador.ambiente.gob.ec\/redd\/index.php?rest_route=\/wp\/v2\/pages\/562\/revisions"}],"predecessor-version":[{"id":2043,"href":"https:\/\/reddecuador.ambiente.gob.ec\/redd\/index.php?rest_route=\/wp\/v2\/pages\/562\/revisions\/2043"}],"up":[{"embeddable":true,"href":"https:\/\/reddecuador.ambiente.gob.ec\/redd\/index.php?rest_route=\/wp\/v2\/pages\/560"}],"wp:attachment":[{"href":"https:\/\/reddecuador.ambiente.gob.ec\/redd\/index.php?rest_route=%2Fwp%2Fv2%2Fmedia&parent=562"}],"curies":[{"name":"wp","href":"https:\/\/api.w.org\/{rel}","templated":true}]}}