{"id":568,"date":"2020-07-10T21:41:24","date_gmt":"2020-07-10T21:41:24","guid":{"rendered":"http:\/\/www.geekecuador.com\/redd\/?page_id=568"},"modified":"2022-07-25T20:47:58","modified_gmt":"2022-07-25T20:47:58","slug":"restauracion-forestal","status":"publish","type":"page","link":"https:\/\/reddecuador.ambiente.gob.ec\/redd\/?page_id=568","title":{"rendered":"Restauraci\u00f3n Forestal"},"content":{"rendered":"<h4><img loading=\"lazy\" decoding=\"async\" class=\"alignnone size-full wp-image-683\" src=\"\/redd\/wp-content\/uploads\/01bullet_rojo.png\" alt=\"\" width=\"12\" height=\"60\" \/> Conservaci\u00f3n y Restauraci\u00f3n Forestal<\/h4>\n<div>\n<p style=\"text-align: justify;\">La Pol\u00edtica de Gobernanza del Patrimonio Natural tiene como objetivo orientar las acciones y estrategias que permitan su adecuada inserci\u00f3n en la din\u00e1mica econ\u00f3mica del pa\u00eds, respondiendo as\u00ed a los tres ejes fundamentales del Plan Nacional de Desarrollo (2013-2017). Uno de ellos es el de incentivos para la conservaci\u00f3n y uso sostenible del patrimonio natural que incluye:<\/p>\n<ul>\n<li style=\"text-align: justify;\">La conservaci\u00f3n de bosques y ecosistemas fr\u00e1giles (p\u00e1ramo y manglar).<\/li>\n<li style=\"text-align: justify;\">La restauraci\u00f3n activa y pasiva de ecosistemas degradados.<\/li>\n<li style=\"text-align: justify;\">La producci\u00f3n y comercio sostenible de la biodiversidad.<\/li>\n<li style=\"text-align: justify;\">La valoraci\u00f3n y uso sostenible de los servicios ambientales.<\/li>\n<li style=\"text-align: justify;\">La facilitaci\u00f3n en la adjudicaci\u00f3n de tierras para conservaci\u00f3n y uso sostenible.<\/li>\n<li style=\"text-align: justify;\">La articulaci\u00f3n con incentivos tributarios.<\/li>\n<\/ul>\n<\/div>\n<p><a href=\"http:\/\/certificacionpuntoverde.ambiente.gob.ec\/libraries\/EAlfresco.php\/?doc=9397b4b7-6914-4312-8f7e-d7a8450c6372\"><img decoding=\"async\" src=\"\/redd\/wp-content\/uploads\/descarga_plan_nacional_restauracion.jpg\" alt=\"\"><\/a><\/p>\n<h1><img loading=\"lazy\" decoding=\"async\" class=\"alignnone size-full wp-image-393\" src=\"\/redd\/wp-content\/uploads\/01bullet_blanca.png\" alt=\"\" width=\"12\" height=\"60\" \/> Objetivo<\/h1>\n<div>\n<p style=\"text-align: center;\"><strong>El objetivo del componente es aumentar los reservorios de carbono a trav\u00e9s del mantenimiento de las superficies bajo conservaci\u00f3n e incrementar las superficies bajo reforestaci\u00f3n en el marco de las metas establecidas en el Plan Nacional de Desarrollo (2013-2017) y los programas nacionales de conservaci\u00f3n y restauraci\u00f3n.<\/strong><\/p>\n<\/div>\n<h4><img loading=\"lazy\" decoding=\"async\" class=\"alignnone size-full wp-image-683\" src=\"\/redd\/wp-content\/uploads\/01bullet_rojo.png\" alt=\"\" width=\"12\" height=\"60\" \/>\u00a0Medidas que se <strong>deben impulsar<\/strong><\/h4>\n<div>\n<p>        <img decoding=\"async\" src=\"\/redd\/wp-content\/uploads\/interinstirucional_acc.jpg\" alt=\"\"><\/p>\n<h3>Conservaci\u00f3n de la biodiversidad, mantenimiento de los recursos h\u00eddricos y los ecosistemas<\/h3>\n<div>\n<p style=\"text-align: justify;\">En el marco de las pol\u00edticas de Patrimonio Natural, \u00c1reas Protegidas, Biodiversidad y otros cuerpos normativos relevantes, la integridad y la conectividad de los ecosistemas se consideran trascendentes para la captura y el almacenamiento de carbono. Constituyen factores que fortalecen la resiliencia ante el cambio clim\u00e1tico, articulan las \u00e1reas del Patrimonio de \u00c1reas Naturales del Estado (PANE) y los otros subsistemas del SNAP, y focalizan la atenci\u00f3n en los diferentes ecosistemas fr\u00e1giles, las zonas de amortiguamiento de las \u00e1reas protegidas, y las zonas con altos \u00edndices de biodiversidad y alta presi\u00f3n por actividades antr\u00f3picas.<\/p>\n<\/div>\n<\/div>\n<div>\n<p>        <img decoding=\"async\" src=\"\/redd\/wp-content\/uploads\/agricola.jpg\" alt=\"\"><\/p>\n<h3>Restauraci\u00f3n y reforestaci\u00f3n<\/h3>\n<div>\n<p style=\"text-align: justify;\">Dentro de las acciones de conservaci\u00f3n de los servicios ambientales se contemplan la restauraci\u00f3n y reforestaci\u00f3n con especies nativas en \u00e1reas degradadas, as\u00ed como tambi\u00e9n la reforestaci\u00f3n con fines comerciales, especialmente con especies nativas, para reducir la presi\u00f3n sobre los bosques nativos. La restauraci\u00f3n y la regeneraci\u00f3n natural de \u00e1reas son importantes para la provisi\u00f3n de alimentos y otros servicios relacionados con la biodiversidad, como es el abastecimiento de agua. Las plantaciones forestales son importantes para suplir la demanda de madera y as\u00ed reducir la presi\u00f3n sobre los bosques nativos. Se debe fomentar la reforestaci\u00f3n con fines comerciales sostenibles y libres de deforestaci\u00f3n.<\/p>\n<\/div>\n<\/div>\n<p><!--more--><br \/>\n<!-- {\"name\":\"base2\",\"type\":\"layout\",\"children\":[{\"type\":\"section\",\"props\":{\"style\":\"muted\",\"width\":\"default\",\"vertical_align\":\"middle\",\"title_position\":\"top-left\",\"title_rotation\":\"left\",\"title_breakpoint\":\"xl\",\"image_position\":\"center-center\",\"padding\":\"xsmall\",\"animation\":\"slide-top-medium\",\"animation_delay\":\"200\"},\"children\":[{\"type\":\"row\",\"props\":{\"layout\":\"1-2,1-2\"},\"children\":[{\"type\":\"column\",\"props\":{\"image_position\":\"center-center\",\"media_overlay_gradient\":\"\",\"width_medium\":\"1-2\"},\"children\":[{\"type\":\"headline\",\"props\":{\"title_element\":\"h4\",\"title_style\":\"h4\",\"content\":\"<img class=\\\"alignnone size-full wp-image-683\\\" src=\\\"wp-content\\\/uploads\\\/01bullet_rojo.png\\\" alt=\\\"\\\" width=\\\"12\\\" height=\\\"60\\\" \\\/> Conservaci\\u00f3n y Restauraci\\u00f3n Forestal\"}},{\"type\":\"text\",\"props\":{\"margin\":\"default\",\"column_breakpoint\":\"m\",\"content\":\"\n\n<p style=\\\"text-align: justify;\\\">La Pol\\u00edtica de Gobernanza del Patrimonio Natural tiene como objetivo orientar las acciones y estrategias que permitan su adecuada inserci\\u00f3n en la din\\u00e1mica econ\\u00f3mica del pa\\u00eds, respondiendo as\\u00ed a los tres ejes fundamentales del Plan Nacional de Desarrollo (2013-2017). Uno de ellos es el de incentivos para la conservaci\\u00f3n y uso sostenible del patrimonio natural que incluye:<\\\/p>\\n\n\n<ul>\\n\n\n<li style=\\\"text-align: justify;\\\">La conservaci\\u00f3n de bosques y ecosistemas fr\\u00e1giles (p\\u00e1ramo y manglar).<\\\/li>\\n\n\n<li style=\\\"text-align: justify;\\\">La restauraci\\u00f3n activa y pasiva de ecosistemas degradados.<\\\/li>\\n\n\n<li style=\\\"text-align: justify;\\\">La producci\\u00f3n y comercio sostenible de la biodiversidad.<\\\/li>\\n\n\n<li style=\\\"text-align: justify;\\\">La valoraci\\u00f3n y uso sostenible de los servicios ambientales.<\\\/li>\\n\n\n<li style=\\\"text-align: justify;\\\">La facilitaci\\u00f3n en la adjudicaci\\u00f3n de tierras para conservaci\\u00f3n y uso sostenible.<\\\/li>\\n\n\n<li style=\\\"text-align: justify;\\\">La articulaci\\u00f3n con incentivos tributarios.<\\\/li>\\n<\\\/ul>\"}}]},{\"type\":\"column\",\"props\":{\"image_position\":\"center-center\",\"media_overlay_gradient\":\"\",\"width_medium\":\"1-2\",\"vertical_align\":\"middle\"},\"children\":[{\"type\":\"image\",\"props\":{\"margin\":\"default\",\"image_svg_color\":\"emphasis\",\"image\":\"wp-content\\\/uploads\\\/descarga_plan_nacional_restauracion.jpg\",\"image_box_decoration\":\"mask\",\"text_align\":\"center\",\"link\":\"http:\\\/\\\/certificacionpuntoverde.ambiente.gob.ec\\\/libraries\\\/EAlfresco.php\\\/?doc=9397b4b7-6914-4312-8f7e-d7a8450c6372\",\"link_target\":\"blank\"}}]}]}]},{\"type\":\"section\",\"props\":{\"style\":\"muted\",\"width\":\"default\",\"vertical_align\":\"middle\",\"title_position\":\"top-left\",\"title_rotation\":\"left\",\"title_breakpoint\":\"xl\",\"image_position\":\"center-center\",\"css\":\".el-section {\\nbackground-color: #91373C;}\",\"padding\":\"xsmall\",\"padding_remove_top\":false,\"padding_remove_bottom\":true},\"children\":[{\"type\":\"row\",\"children\":[{\"type\":\"column\",\"props\":{\"image_position\":\"center-center\",\"media_overlay_gradient\":\"\",\"width_medium\":\"\"},\"children\":[]}]}]},{\"type\":\"section\",\"props\":{\"style\":\"default\",\"width\":\"small\",\"vertical_align\":\"middle\",\"title_position\":\"top-left\",\"title_rotation\":\"left\",\"title_breakpoint\":\"xl\",\"image_position\":\"center-center\",\"image\":\"wp-content\\\/uploads\\\/obje_restauracion.jpg\",\"media_overlay\":\"rgba(0, 0, 0, 0.44)\",\"animation\":\"slide-top-medium\",\"animation_delay\":\"200\",\"image_effect\":\"parallax\",\"image_parallax_bgy_start\":\"350\",\"image_parallax_easing\":\"-1\",\"image_size\":\"cover\"},\"children\":[{\"type\":\"row\",\"children\":[{\"type\":\"column\",\"props\":{\"image_position\":\"center-center\",\"media_overlay_gradient\":\"\"},\"children\":[{\"type\":\"headline\",\"props\":{\"title_element\":\"h1\",\"content\":\"<img class=\\\"alignnone size-full wp-image-393\\\" src=\\\"wp-content\\\/uploads\\\/01bullet_blanca.png\\\" alt=\\\"\\\" width=\\\"12\\\" height=\\\"60\\\" \\\/> Objetivo\",\"title_style\":\"h4\",\"text_align\":\"center\",\"css\":\".el-element {color: #fff;}\"}},{\"type\":\"text\",\"props\":{\"margin\":\"default\",\"column_breakpoint\":\"m\",\"content\":\"\n\n<p style=\\\"text-align: center;\\\"><strong>El objetivo del componente es aumentar los reservorios de carbono a trav\\u00e9s del mantenimiento de las superficies bajo conservaci\\u00f3n e incrementar las superficies bajo reforestaci\\u00f3n en el marco de las metas establecidas en el Plan Nacional de Desarrollo (2013-2017) y los programas nacionales de conservaci\\u00f3n y restauraci\\u00f3n.<\\\/strong><\\\/p>\",\"css\":\".el-element {color: #fff;}\",\"text_size\":\"large\"}}]}]}]},{\"type\":\"section\",\"props\":{\"style\":\"default\",\"width\":\"default\",\"vertical_align\":\"middle\",\"title_position\":\"top-left\",\"title_rotation\":\"left\",\"title_breakpoint\":\"xl\",\"image_position\":\"center-center\",\"padding\":\"xsmall\",\"animation\":\"slide-top-medium\",\"animation_delay\":\"200\"},\"children\":[{\"type\":\"row\",\"children\":[{\"type\":\"column\",\"props\":{\"image_position\":\"center-center\",\"media_overlay_gradient\":\"\"},\"children\":[{\"type\":\"headline\",\"props\":{\"title_element\":\"h4\",\"content\":\"<img class=\\\"alignnone size-full wp-image-683\\\" src=\\\"wp-content\\\/uploads\\\/01bullet_rojo.png\\\" alt=\\\"\\\" width=\\\"12\\\" height=\\\"60\\\" \\\/>\\u00a0Medidas que se <strong>deben impulsar<\\\/strong>\",\"title_style\":\"h4\",\"text_align\":\"center\"}}]}]}]},{\"type\":\"section\",\"props\":{\"style\":\"default\",\"width\":\"large\",\"vertical_align\":\"middle\",\"title_position\":\"top-left\",\"title_rotation\":\"left\",\"title_breakpoint\":\"xl\",\"image_position\":\"center-center\",\"padding\":\"xsmall\",\"animation\":\"slide-top-medium\",\"animation_delay\":\"200\"},\"children\":[{\"type\":\"row\",\"props\":{\"layout\":\"1-2,1-2\"},\"children\":[{\"type\":\"column\",\"props\":{\"image_position\":\"center-center\",\"media_overlay_gradient\":\"\",\"width_medium\":\"1-2\"},\"children\":[{\"type\":\"panel\",\"props\":{\"link_text\":\"Read more\",\"title_hover_style\":\"reset\",\"title_element\":\"h3\",\"title_align\":\"top\",\"title_grid_width\":\"1-2\",\"title_grid_breakpoint\":\"m\",\"meta_style\":\"meta\",\"meta_align\":\"below-title\",\"content_column_breakpoint\":\"m\",\"icon_width\":80,\"image_align\":\"top\",\"image_grid_width\":\"1-2\",\"image_grid_breakpoint\":\"m\",\"image_svg_color\":\"emphasis\",\"link_style\":\"default\",\"margin\":\"default\",\"content\":\"\n\n<p style=\\\"text-align: justify;\\\">En el marco de las pol\\u00edticas de Patrimonio Natural, \\u00c1reas Protegidas, Biodiversidad y otros cuerpos normativos relevantes, la integridad y la conectividad de los ecosistemas se consideran trascendentes para la captura y el almacenamiento de carbono. Constituyen factores que fortalecen la resiliencia ante el cambio clim\\u00e1tico, articulan las \\u00e1reas del Patrimonio de \\u00c1reas Naturales del Estado (PANE) y los otros subsistemas del SNAP, y focalizan la atenci\\u00f3n en los diferentes ecosistemas fr\\u00e1giles, las zonas de amortiguamiento de las \\u00e1reas protegidas, y las zonas con altos \\u00edndices de biodiversidad y alta presi\\u00f3n por actividades antr\\u00f3picas.<\\\/p>\",\"image\":\"wp-content\\\/uploads\\\/interinstirucional_acc.jpg\",\"panel_style\":\"card-secondary\",\"panel_card_image\":true,\"title\":\"Conservaci\\u00f3n de la biodiversidad, mantenimiento de los recursos h\\u00eddricos y los ecosistemas\",\"title_style\":\"h5\",\"title_font_family\":\"primary\",\"css\":\".el-element {background-color:#91373C;}\\n.el-content {color: #fff;}\\n.el-title {text-align: center;\\n}\",\"title_decoration\":\"divider\",\"title_margin\":\"small\",\"content_margin\":\"small\",\"meta_element\":\"div\"}}]},{\"type\":\"column\",\"props\":{\"image_position\":\"center-center\",\"media_overlay_gradient\":\"\",\"width_medium\":\"1-2\"},\"children\":[{\"type\":\"panel\",\"props\":{\"link_text\":\"Read more\",\"title_hover_style\":\"reset\",\"title_element\":\"h3\",\"title_align\":\"top\",\"title_grid_width\":\"1-2\",\"title_grid_breakpoint\":\"m\",\"meta_style\":\"meta\",\"meta_align\":\"below-title\",\"content_column_breakpoint\":\"m\",\"icon_width\":80,\"image_align\":\"top\",\"image_grid_width\":\"1-2\",\"image_grid_breakpoint\":\"m\",\"image_svg_color\":\"emphasis\",\"link_style\":\"default\",\"margin\":\"default\",\"content\":\"\n\n<p style=\\\"text-align: justify;\\\">Dentro de las acciones de conservaci\\u00f3n de los servicios ambientales se contemplan la restauraci\\u00f3n y reforestaci\\u00f3n con especies nativas en \\u00e1reas degradadas, as\\u00ed como tambi\\u00e9n la reforestaci\\u00f3n con fines comerciales, especialmente con especies nativas, para reducir la presi\\u00f3n sobre los bosques nativos. La restauraci\\u00f3n y la regeneraci\\u00f3n natural de \\u00e1reas son importantes para la provisi\\u00f3n de alimentos y otros servicios relacionados con la biodiversidad, como es el abastecimiento de agua. Las plantaciones forestales son importantes para suplir la demanda de madera y as\\u00ed reducir la presi\\u00f3n sobre los bosques nativos. Se debe fomentar la reforestaci\\u00f3n con fines comerciales sostenibles y libres de deforestaci\\u00f3n.<\\\/p>\",\"image\":\"wp-content\\\/uploads\\\/agricola.jpg\",\"panel_style\":\"card-secondary\",\"panel_card_image\":true,\"title\":\"Restauraci\\u00f3n y reforestaci\\u00f3n\",\"title_style\":\"h5\",\"title_font_family\":\"primary\",\"css\":\".el-element {background-color:#91373C;}\\n.el-content {color: #fff;}\\n.el-title {text-align: center;\\n}\",\"title_decoration\":\"divider\",\"title_margin\":\"small\",\"content_margin\":\"small\",\"meta_element\":\"div\"}}]}]}]}],\"version\":\"2.4.16\"} --><\/p>\n","protected":false},"excerpt":{"rendered":"<p>Conservaci\u00f3n y Restauraci\u00f3n Forestal La Pol\u00edtica de Gobernanza del Patrimonio Natural tiene como objetivo orientar las acciones y estrategias que permitan su adecuada inserci\u00f3n en la din\u00e1mica econ\u00f3mica del pa\u00eds, respondiendo as\u00ed a los tres ejes fundamentales del Plan Nacional de Desarrollo (2013-2017). Uno de ellos es el de incentivos para la conservaci\u00f3n y uso [&hellip;]<\/p>\n","protected":false},"author":1,"featured_media":0,"parent":560,"menu_order":0,"comment_status":"closed","ping_status":"closed","template":"","meta":{"_monsterinsights_skip_tracking":false,"_monsterinsights_sitenote_active":false,"_monsterinsights_sitenote_note":"","_monsterinsights_sitenote_category":0,"footnotes":""},"class_list":["post-568","page","type-page","status-publish","hentry"],"_links":{"self":[{"href":"https:\/\/reddecuador.ambiente.gob.ec\/redd\/index.php?rest_route=\/wp\/v2\/pages\/568","targetHints":{"allow":["GET"]}}],"collection":[{"href":"https:\/\/reddecuador.ambiente.gob.ec\/redd\/index.php?rest_route=\/wp\/v2\/pages"}],"about":[{"href":"https:\/\/reddecuador.ambiente.gob.ec\/redd\/index.php?rest_route=\/wp\/v2\/types\/page"}],"author":[{"embeddable":true,"href":"https:\/\/reddecuador.ambiente.gob.ec\/redd\/index.php?rest_route=\/wp\/v2\/users\/1"}],"replies":[{"embeddable":true,"href":"https:\/\/reddecuador.ambiente.gob.ec\/redd\/index.php?rest_route=%2Fwp%2Fv2%2Fcomments&post=568"}],"version-history":[{"count":25,"href":"https:\/\/reddecuador.ambiente.gob.ec\/redd\/index.php?rest_route=\/wp\/v2\/pages\/568\/revisions"}],"predecessor-version":[{"id":2309,"href":"https:\/\/reddecuador.ambiente.gob.ec\/redd\/index.php?rest_route=\/wp\/v2\/pages\/568\/revisions\/2309"}],"up":[{"embeddable":true,"href":"https:\/\/reddecuador.ambiente.gob.ec\/redd\/index.php?rest_route=\/wp\/v2\/pages\/560"}],"wp:attachment":[{"href":"https:\/\/reddecuador.ambiente.gob.ec\/redd\/index.php?rest_route=%2Fwp%2Fv2%2Fmedia&parent=568"}],"curies":[{"name":"wp","href":"https:\/\/api.w.org\/{rel}","templated":true}]}}