{"id":699,"date":"2020-07-17T16:47:29","date_gmt":"2020-07-17T16:47:29","guid":{"rendered":"http:\/\/www.geekecuador.com\/redd\/?page_id=699"},"modified":"2023-08-15T20:26:10","modified_gmt":"2023-08-15T20:26:10","slug":"programas-y-proyectos","status":"publish","type":"page","link":"https:\/\/reddecuador.ambiente.gob.ec\/redd\/?page_id=699","title":{"rendered":"Programas y Proyectos"},"content":{"rendered":"<h4><img loading=\"lazy\" decoding=\"async\" class=\"alignnone size-full wp-image-311\" src=\"\/redd\/wp-content\/uploads\/01bullet_azul.png\" alt=\"\" width=\"12\" height=\"60\" \/> <strong>Programas y Proyectos<\/strong><\/h4>\n<div>\n<p style=\"text-align: justify;\">Se priorizar\u00e1 la inversi\u00f3n de los recursos, con un enfoque multi-criterio, que considere las \u00e1reas con mayor potencial de reducci\u00f3n de emisiones, la incorporaci\u00f3n de los enfoques de g\u00e9nero, intercultural e intergeneracional, y el aporte al desarrollo sostenible mediante la generaci\u00f3n de cobeneficios sociales y ambientales para: la reducci\u00f3n de la pobreza, el mantenimiento de recursos h\u00eddricos, el mantenimiento de las culturas ancestrales y el mantenimiento de la biodiversidad.<\/p>\n<\/div>\n<p><img decoding=\"async\" src=\"\/redd\/wp-content\/uploads\/logo_redd.png\" alt=\"\"><br \/>\n<a href=\"https:\/\/www.proamazonia.org\/\"><img decoding=\"async\" src=\"\/redd\/wp-content\/uploads\/logo_proamazonia.jpg\" alt=\"\"><\/a><br \/>\n<a href=\"https:\/\/prem.fias.org.ec\/\"><img decoding=\"async\" src=\"\/redd\/wp-content\/uploads\/logo_rem.png\" alt=\"\"><\/a><\/p>\n<p><!--more--><br \/>\n<!-- {\"name\":\"que es\",\"type\":\"layout\",\"children\":[{\"type\":\"section\",\"props\":{\"style\":\"muted\",\"width\":\"default\",\"vertical_align\":\"middle\",\"title_position\":\"top-left\",\"title_rotation\":\"left\",\"title_breakpoint\":\"xl\",\"image_position\":\"center-center\",\"padding\":\"xsmall\",\"animation\":\"slide-top-medium\",\"animation_delay\":\"200\"},\"children\":[{\"type\":\"row\",\"props\":{\"layout\":\"1-2,1-2\"},\"children\":[{\"type\":\"column\",\"props\":{\"image_position\":\"center-center\",\"media_overlay_gradient\":\"\",\"width_medium\":\"1-2\"},\"children\":[{\"type\":\"headline\",\"props\":{\"title_element\":\"h4\",\"title_style\":\"h4\",\"content\":\"<img class=\\\"alignnone size-full wp-image-311\\\" src=\\\"wp-content\\\/uploads\\\/01bullet_azul.png\\\" alt=\\\"\\\" width=\\\"12\\\" height=\\\"60\\\" \\\/> <strong>Programas y Proyectos<\\\/strong>\"}},{\"type\":\"text\",\"props\":{\"margin\":\"default\",\"column_breakpoint\":\"m\",\"content\":\"\n\n<p style=\\\"text-align: justify;\\\">Se priorizar\\u00e1 la inversi\\u00f3n de los recursos, con un enfoque multi-criterio, que considere las \\u00e1reas con mayor potencial de reducci\\u00f3n de emisiones, la incorporaci\\u00f3n de los enfoques de g\\u00e9nero, intercultural e intergeneracional, y el aporte al desarrollo sostenible mediante la generaci\\u00f3n de cobeneficios sociales y ambientales para: la reducci\\u00f3n de la pobreza, el mantenimiento de recursos h\\u00eddricos, el mantenimiento de las culturas ancestrales y el mantenimiento de la biodiversidad.<\\\/p>\"}}]},{\"type\":\"column\",\"props\":{\"image_position\":\"center-center\",\"media_overlay_gradient\":\"\",\"width_medium\":\"1-2\",\"vertical_align\":\"middle\"},\"children\":[{\"type\":\"image\",\"props\":{\"margin\":\"default\",\"image_svg_color\":\"emphasis\",\"text_align\":\"center\",\"image\":\"wp-content\\\/uploads\\\/logo_redd.png\",\"image_width\":\"450\"}}]}]}]},{\"type\":\"section\",\"props\":{\"style\":\"secondary\",\"width\":\"default\",\"vertical_align\":\"middle\",\"title_position\":\"top-left\",\"title_rotation\":\"left\",\"title_breakpoint\":\"xl\",\"image_position\":\"center-center\",\"padding\":\"xsmall\"},\"children\":[{\"type\":\"row\",\"children\":[{\"type\":\"column\",\"props\":{\"image_position\":\"center-center\",\"media_overlay_gradient\":\"\",\"width_medium\":\"1-1\"},\"children\":[]}]}]},{\"type\":\"section\",\"props\":{\"style\":\"default\",\"width\":\"default\",\"vertical_align\":\"middle\",\"title_position\":\"top-left\",\"title_rotation\":\"left\",\"title_breakpoint\":\"xl\",\"image_position\":\"center-center\"},\"children\":[{\"type\":\"row\",\"props\":{\"layout\":\"1-2,1-2\"},\"children\":[{\"type\":\"column\",\"props\":{\"image_position\":\"center-center\",\"media_overlay_gradient\":\"\",\"width_medium\":\"1-2\",\"vertical_align\":\"middle\"},\"children\":[{\"type\":\"image\",\"props\":{\"margin\":\"default\",\"image_svg_color\":\"emphasis\",\"image\":\"wp-content\\\/uploads\\\/logo_proamazonia.jpg\",\"link\":\"https:\\\/\\\/www.proamazonia.org\\\/\",\"link_target\":\"blank\"}}]},{\"type\":\"column\",\"props\":{\"image_position\":\"center-center\",\"media_overlay_gradient\":\"\",\"width_medium\":\"1-2\"},\"children\":[{\"type\":\"image\",\"props\":{\"margin\":\"default\",\"image_svg_color\":\"emphasis\",\"image\":\"wp-content\\\/uploads\\\/logo_rem.png\",\"link\":\"https:\\\/\\\/prem.fias.org.ec\\\/\",\"link_target\":\"blank\"}}]}]}]}],\"version\":\"2.4.16\"} --><\/p>\n","protected":false},"excerpt":{"rendered":"<p>Programas y Proyectos Se priorizar\u00e1 la inversi\u00f3n de los recursos, con un enfoque multi-criterio, que considere las \u00e1reas con mayor potencial de reducci\u00f3n de emisiones, la incorporaci\u00f3n de los enfoques de g\u00e9nero, intercultural e intergeneracional, y el aporte al desarrollo sostenible mediante la generaci\u00f3n de cobeneficios sociales y ambientales para: la reducci\u00f3n de la pobreza, [&hellip;]<\/p>\n","protected":false},"author":1,"featured_media":0,"parent":0,"menu_order":0,"comment_status":"closed","ping_status":"closed","template":"","meta":{"_monsterinsights_skip_tracking":false,"_monsterinsights_sitenote_active":false,"_monsterinsights_sitenote_note":"","_monsterinsights_sitenote_category":0,"footnotes":""},"class_list":["post-699","page","type-page","status-publish","hentry"],"_links":{"self":[{"href":"https:\/\/reddecuador.ambiente.gob.ec\/redd\/index.php?rest_route=\/wp\/v2\/pages\/699","targetHints":{"allow":["GET"]}}],"collection":[{"href":"https:\/\/reddecuador.ambiente.gob.ec\/redd\/index.php?rest_route=\/wp\/v2\/pages"}],"about":[{"href":"https:\/\/reddecuador.ambiente.gob.ec\/redd\/index.php?rest_route=\/wp\/v2\/types\/page"}],"author":[{"embeddable":true,"href":"https:\/\/reddecuador.ambiente.gob.ec\/redd\/index.php?rest_route=\/wp\/v2\/users\/1"}],"replies":[{"embeddable":true,"href":"https:\/\/reddecuador.ambiente.gob.ec\/redd\/index.php?rest_route=%2Fwp%2Fv2%2Fcomments&post=699"}],"version-history":[{"count":15,"href":"https:\/\/reddecuador.ambiente.gob.ec\/redd\/index.php?rest_route=\/wp\/v2\/pages\/699\/revisions"}],"predecessor-version":[{"id":2377,"href":"https:\/\/reddecuador.ambiente.gob.ec\/redd\/index.php?rest_route=\/wp\/v2\/pages\/699\/revisions\/2377"}],"wp:attachment":[{"href":"https:\/\/reddecuador.ambiente.gob.ec\/redd\/index.php?rest_route=%2Fwp%2Fv2%2Fmedia&parent=699"}],"curies":[{"name":"wp","href":"https:\/\/api.w.org\/{rel}","templated":true}]}}