{"id":702,"date":"2020-07-17T16:52:55","date_gmt":"2020-07-17T16:52:55","guid":{"rendered":"http:\/\/www.geekecuador.com\/redd\/?page_id=702"},"modified":"2025-03-20T13:06:15","modified_gmt":"2025-03-20T13:06:15","slug":"contabilidad-de-reduccion-de-emisiones","status":"publish","type":"page","link":"https:\/\/reddecuador.ambiente.gob.ec\/redd\/?page_id=702","title":{"rendered":"Contabilidad de Reducci\u00f3n de Emisiones"},"content":{"rendered":"<h4>\n<p><img loading=\"lazy\" decoding=\"async\" class=\"alignnone size-full wp-image-393\" src=\"\/redd\/wp-content\/uploads\/01bullet_blanca.png\" alt=\"\" width=\"12\" height=\"60\" \/> Contabilidad de Reducci\u00f3n por Emisiones<\/p>\n<p><\/h4>\n<div>\n<p style=\"text-align: justify;\">El pa\u00eds ha desarrollado acciones con el objetivo de contabilizar o calcular a nivel nacional la reducci\u00f3n de emisiones de gases de efecto invernadero del sector forestal. Se presenta un registro de los pagos por resultados de REDD+ recibidos que es contrastado con la cantidad de reducci\u00f3n de emisiones contabilizada para un per\u00edodo espec\u00edfico.<\/p>\n<\/div>\n<div>\n<p style=\"text-align: justify;\">Esta informaci\u00f3n constituye un mecanismo de reporte para distintos contribuyentes, donantes y cooperantes nacionales o internacionales, lo cual es fundamental para evitar por un lado la doble contabilidad de reducci\u00f3n de emisiones y por otro la asignaci\u00f3n de pagos por resultados a cantidades de reducciones de emisiones previamente reconocidas.<\/p>\n<\/div>\n<hr>\n<div>\n<p style=\"text-align: center;\">Varios <strong>procesos y actividades proveen informaci\u00f3n para la contabilidad de reducci\u00f3n de emisiones<\/strong>\u00a0seg\u00fan las circunstancias y capacidades del pa\u00eds, entre estos cabe destacar:<\/p>\n<\/div>\n<div>\n<div>\n<p style=\"text-align: justify;\">Metodolog\u00edas definidas para estimaci\u00f3n de reducciones de emisiones a nivel nacional<\/p>\n<\/div>\n<\/div>\n<div>\n<div>\n<p style=\"text-align: justify;\">Actividades de ejecuci\u00f3n y seguimiento de financiamiento recibido.<\/p>\n<\/div>\n<\/div>\n<div>\n<div>\n<p style=\"text-align: justify;\">Comunicaciones Nacionales, Ecuador desarroll\u00f3 su Tercera Comunicaci\u00f3n Nacional, julio de 2017.<\/p>\n<\/div>\n<\/div>\n<div>\n<div>\n<p style=\"text-align: justify;\">Informe Bienal de Actualizaci\u00f3n y el Anexo T\u00e9cnico de REDD+, septiembre de 2016.<\/p>\n<\/div>\n<\/div>\n<div>\n<div>Procesos de seguimiento y control del Plan de Acci\u00f3n REDD+.<\/div>\n<\/div>\n<div>\n<div>Nivel de Referencia de Emisiones Forestales, al momento contamos para la actividad \u201cDeforestaci\u00f3n\u201d.<\/div>\n<\/div>\n<hr>\n<h1>Registro Nacional de la Contabilidad de Reducci\u00f3n de Emisiones por REDD+<\/h1>\n<div>\n<p style=\"text-align: justify;\">Esta herramienta tiene como objetivo contabilizar la Reducci\u00f3n de Emisiones (RE) por Deforestaci\u00f3n evitada bajo un contexto nacional, a partir de una L\u00ednea Base determinada, as\u00ed como dar seguimiento a los pagos por resultados recibidos por los diferentes contribuyentes.<\/p>\n<p style=\"text-align: justify;\">En esta, se incluir\u00e1 la siguiente informaci\u00f3n: periodo de reporte, RE para el periodo reportado, emisiones reducidas, remuneradas o reconocidas mediante pago por resultados (con desglose por contribuyente), la cantidad de RE desactivadas y la cantidad de RE disponibles, con su n\u00famero de serie respectiva.<\/p>\n<\/div>\n<p><a href=\"https:\/\/nextcloud.ambiente.gob.ec\/index.php\/s\/fj927crCzMpbz4r\"><img decoding=\"async\" src=\"\/redd\/wp-content\/uploads\/descarga_tabla.jpg\" alt=\"\"><\/a><\/p>\n<div>\n<p style=\"text-align: justify;\">El registro de contabilidad de reducci\u00f3n de emisiones y remuneraciones aqu\u00ed presentado, bajo ning\u00fan concepto implica una transferencia de dominio o enajenaci\u00f3n de las emisiones de gases de efecto invernadero reducidas por Ecuador en el marco de REDD+, ya que seg\u00fan la Constituci\u00f3n y la Ley, los servicios ambientales no son susceptibles de apropiaci\u00f3n.<\/p>\n<\/div>\n<ul>\n<li>\n<p><a href=\"https:\/\/nextcloud.ambiente.gob.ec\/index.php\/s\/rMFNBTF5Y9cjA5d\">Registro Nacional de la Contabilidad de RE en el marco del Programa Piloto de Pago por Resultados del GCF \u2013 2014.<\/a><\/p>\n<\/li>\n<li>\n<p><a href=\"https:\/\/nextcloud.ambiente.gob.ec\/index.php\/s\/AzbzHYmyFG8bj6L\">Registro Nacional de la Contabilidad de Reducci\u00f3n de Emisiones RE para REDD+ para nivel de pago intermedio REM 2019.<\/a><\/p>\n<\/li>\n<li>\n<p><a href=\"http:\/\/ide.ambiente.gob.ec:8080\/mapainteractivo\/\">Mapa Interactivo \u2013 Datos de Deforestaci\u00f3n.<\/a><\/p>\n<\/li>\n<li>\n<p><a href=\"https:\/\/nextcloud.ambiente.gob.ec\/index.php\/s\/DLTybXsEedmRTyf\"><\/p>\n<p><strong>Anexo 1.<\/strong> Informe de Reducci\u00f3n de Emisiones periodo 2015 \u2013 2016 (Habilitante pago REM 2018).<\/p>\n<p><\/a><\/p>\n<\/li>\n<li>\n<p><a href=\"https:\/\/nextcloud.ambiente.gob.ec\/index.php\/s\/fTaC6RQQmn7Xtfw\"><\/p>\n<p><strong>Anexo 2<\/strong>. Informe de Reducci\u00f3n de Emisiones por Deforestaci\u00f3n, pagos basados en resultados de REDD+ periodo 2017\u20132018.<\/p>\n<p><\/a><\/p>\n<\/li>\n<li>\n<p><a href=\"https:\/\/nextcloud.ambiente.gob.ec\/index.php\/s\/xfPMmxCzmdWLony\"><\/p>\n<p style=\"text-align: justify;\"><strong>Anexo 3.<\/strong> Reporte de Verificaci\u00f3n independiente de las Reducciones de Emisiones de Ecuador para el periodo 2015\u20132016 elegibles para Pagos Basados en los Resultados del Programa REM.<\/p>\n<p><\/a><\/p>\n<\/li>\n<li>\n<p><a href=\"https:\/\/nextcloud.ambiente.gob.ec\/index.php\/s\/jQnsHZLDPH986g6\"><\/p>\n<p style=\"text-align: justify;\"><strong>Anexo 4.<\/strong> Verificaci\u00f3n de Reducci\u00f3n de Emisiones por Deforestaci\u00f3n en el Ecuador para pagos basados en resultados de REDD+ periodo 2017 \u2013 2018 (Habilitante pago REM 2019).<\/p>\n<p><\/a><\/p>\n<\/li>\n<li>\n<p><a href=\"https:\/\/nextcloud.ambiente.gob.ec\/index.php\/s\/9RL9HNLarD6oknk\"><\/p>\n<p style=\"text-align: justify;\"><strong>Anexo 5.<\/strong> Informe de Deforestaci\u00f3n Ecuador Continental periodo 2014 \u2013 2016.<\/p>\n<p><\/a><\/p>\n<\/li>\n<li>\n<p><a href=\"https:\/\/nextcloud.ambiente.gob.ec\/index.php\/s\/ANQEAxDGHFRrY2q\"><\/p>\n<p style=\"text-align: justify;\"><strong>Anexo 6.<\/strong> Informe independiente de exactitud del mapa de cambios de cobertura y uso de la tierra para el per\u00edodo 2017 \u2013 2018 (Habilitante pago REM 2019).<\/p>\n<p><\/a><\/p>\n<\/li>\n<li>\n<p><a href=\"https:\/\/nextcloud.ambiente.gob.ec\/index.php\/s\/MWz8yNQposR95Mt\"><\/p>\n<p style=\"text-align: justify;\"><strong>Anexo 7.<\/strong> Informe de Reduccion de Emisiones periodo 2019<\/p>\n<p><\/a><\/p>\n<\/li>\n<li>\n<p><a href=\"https:\/\/nextcloud.ambiente.gob.ec\/index.php\/s\/QNyy8SoBmn2Cmp7\"><\/p>\n<p style=\"text-align: justify;\"><strong>Anexo 8.<\/strong> Reporte verificaci\u00f3n de las Reducciones de Emisiones de Ecuador periodo 2019<\/p>\n<p><\/a><\/p>\n<\/li>\n<\/ul>\n<p><!--more--><br \/>\n<!-- {\"type\":\"layout\",\"children\":[{\"name\":\"Hero\",\"type\":\"section\",\"props\":{\"animation\":\"slide-top-medium\",\"animation_delay\":\"200\",\"image\":\"wp-content\\\/uploads\\\/contabilidad_banner.png\",\"image_parallax_easing\":\"0\",\"image_position\":\"center-center\",\"image_size\":\"cover\",\"media_blend_mode\":\"overlay\",\"media_overlay\":\"rgba(0, 0, 0, 0.34)\",\"padding\":\"none\",\"padding_remove_top\":true,\"style\":\"default\",\"title_breakpoint\":\"xl\",\"title_position\":\"top-left\",\"title_rotation\":\"left\",\"vertical_align\":\"\",\"width\":\"\"},\"children\":[{\"type\":\"row\",\"children\":[{\"type\":\"column\",\"props\":{\"image_position\":\"center-center\",\"position_sticky_breakpoint\":\"m\",\"width_medium\":\"1-1\"},\"children\":[{\"type\":\"headline\",\"props\":{\"content\":\"<br \\\/><br \\\/><img class=\\\"alignnone size-full wp-image-393\\\" src=\\\"wp-content\\\/uploads\\\/01bullet_blanca.png\\\" alt=\\\"\\\" width=\\\"12\\\" height=\\\"60\\\" \\\/> Contabilidad de Reducci\\u00f3n por Emisiones<br \\\/><br \\\/><br \\\/>\",\"css\":\".el-element {color: #fff;}\",\"text_align\":\"center\",\"title_element\":\"h4\",\"title_font_family\":\"primary\",\"title_style\":\"h4\"}}]}]}]},{\"type\":\"section\",\"props\":{\"image_position\":\"center-center\",\"overlap\":false,\"padding\":\"xsmall\",\"padding_remove_bottom\":true,\"preserve_color\":false,\"style\":\"secondary\",\"title_breakpoint\":\"xl\",\"title_position\":\"top-left\",\"title_rotation\":\"left\",\"vertical_align\":\"\",\"width\":\"default\"},\"children\":[{\"type\":\"row\",\"children\":[{\"type\":\"column\",\"props\":{\"image_position\":\"center-center\",\"position_sticky_breakpoint\":\"m\"}}]}]},{\"name\":\"About\",\"type\":\"section\",\"props\":{\"animation\":\"slide-top-medium\",\"animation_delay\":\"200\",\"image_position\":\"center-center\",\"padding\":\"small\",\"padding_remove_bottom\":false,\"padding_remove_top\":false,\"style\":\"default\",\"title_breakpoint\":\"xl\",\"title_position\":\"top-left\",\"title_rotation\":\"left\",\"vertical_align\":\"\",\"width\":\"large\"},\"children\":[{\"type\":\"row\",\"props\":{\"column_gap\":\"large\",\"divider\":true,\"layout\":\"1-2,1-2\",\"margin\":\"large\"},\"children\":[{\"type\":\"column\",\"props\":{\"image_position\":\"center-center\",\"position_sticky_breakpoint\":\"m\",\"width_medium\":\"1-2\"},\"children\":[{\"type\":\"text\",\"props\":{\"animation\":\"slide-top-medium\",\"column_breakpoint\":\"m\",\"column_divider\":false,\"content\":\"\n\n<p style=\\\"text-align: justify;\\\">El pa\\u00eds ha desarrollado acciones con el objetivo de contabilizar o calcular a nivel nacional la reducci\\u00f3n de emisiones de gases de efecto invernadero del sector forestal. Se presenta un registro de los pagos por resultados de REDD+ recibidos que es contrastado con la cantidad de reducci\\u00f3n de emisiones contabilizada para un per\\u00edodo espec\\u00edfico.<\\\/p>\",\"margin\":\"\"}}]},{\"type\":\"column\",\"props\":{\"image_position\":\"center-center\",\"position_sticky_breakpoint\":\"m\",\"width_medium\":\"1-2\"},\"children\":[{\"type\":\"text\",\"props\":{\"animation\":\"slide-top-medium\",\"column_breakpoint\":\"m\",\"column_divider\":false,\"content\":\"\n\n<p style=\\\"text-align: justify;\\\">Esta informaci\\u00f3n constituye un mecanismo de reporte para distintos contribuyentes, donantes y cooperantes nacionales o internacionales, lo cual es fundamental para evitar por un lado la doble contabilidad de reducci\\u00f3n de emisiones y por otro la asignaci\\u00f3n de pagos por resultados a cantidades de reducciones de emisiones previamente reconocidas.<\\\/p>\",\"margin\":\"\"}}]}]}]},{\"type\":\"section\",\"props\":{\"animation\":\"slide-top-medium\",\"animation_delay\":\"200\",\"image_position\":\"center-center\",\"padding\":\"none\",\"padding_remove_top\":true,\"style\":\"default\",\"title_breakpoint\":\"xl\",\"title_position\":\"top-left\",\"title_rotation\":\"left\",\"vertical_align\":\"\",\"width\":\"large\"},\"children\":[{\"type\":\"row\",\"children\":[{\"type\":\"column\",\"props\":{\"image_position\":\"center-center\",\"position_sticky_breakpoint\":\"m\"},\"children\":[{\"type\":\"divider\",\"props\":{\"divider_element\":\"hr\",\"divider_style\":\"icon\"}}]}]},{\"type\":\"row\",\"props\":{\"margin\":\"medium\",\"margin_remove_top\":false},\"children\":[{\"type\":\"column\",\"props\":{\"image_position\":\"center-center\",\"position_sticky_breakpoint\":\"m\"},\"children\":[{\"type\":\"text\",\"props\":{\"column_breakpoint\":\"m\",\"content\":\"\n\n<p style=\\\"text-align: center;\\\">Varios <strong>procesos y actividades proveen informaci\\u00f3n para la contabilidad de reducci\\u00f3n de emisiones<\\\/strong>\\u00a0seg\\u00fan las circunstancias y capacidades del pa\\u00eds, entre estos cabe destacar:<\\\/p>\",\"margin\":\"default\",\"text_style\":\"large\"}}]}]},{\"type\":\"row\",\"props\":{\"layout\":\"1-2,1-2\",\"margin\":\"small\",\"margin_remove_top\":true},\"children\":[{\"type\":\"column\",\"props\":{\"image_position\":\"center-center\",\"position_sticky_breakpoint\":\"m\",\"width_medium\":\"1-2\"},\"children\":[{\"type\":\"list\",\"props\":{\"column_breakpoint\":\"m\",\"css\":\".el-item {background-color:#124734;\\ncolor:#fff;}\",\"image_align\":\"left\",\"image_svg_color\":\"emphasis\",\"image_vertical_align\":true,\"list_element\":\"ul\",\"list_horizontal_separator\":\", \",\"list_marker_color\":\"muted\",\"list_size\":\"large\",\"list_style\":\"striped\",\"list_type\":\"vertical\",\"show_image\":true,\"show_link\":true},\"children\":[{\"type\":\"list_item\",\"props\":{\"content\":\"\n\n<p style=\\\"text-align: justify;\\\">Metodolog\\u00edas definidas para estimaci\\u00f3n de reducciones de emisiones a nivel nacional<\\\/p>\",\"icon\":\"arrow-right\"}}]},{\"type\":\"list\",\"props\":{\"column_breakpoint\":\"m\",\"css\":\".el-item {background-color:#00609C;\\ncolor:#fff;}\",\"image_align\":\"left\",\"image_svg_color\":\"emphasis\",\"image_vertical_align\":true,\"list_element\":\"ul\",\"list_horizontal_separator\":\", \",\"list_marker_color\":\"secondary\",\"list_size\":\"large\",\"list_style\":\"striped\",\"list_type\":\"vertical\",\"show_image\":true,\"show_link\":true},\"children\":[{\"type\":\"list_item\",\"props\":{\"content\":\"\n\n<p style=\\\"text-align: justify;\\\">Actividades de ejecuci\\u00f3n y seguimiento de financiamiento recibido.<\\\/p>\",\"icon\":\"arrow-right\"}}]},{\"type\":\"list\",\"props\":{\"column_breakpoint\":\"m\",\"css\":\".el-item {background-color:#AC441E;\\ncolor:#fff;}\",\"image_align\":\"left\",\"image_svg_color\":\"emphasis\",\"image_vertical_align\":true,\"list_element\":\"ul\",\"list_horizontal_separator\":\", \",\"list_marker_color\":\"secondary\",\"list_size\":\"large\",\"list_style\":\"striped\",\"list_type\":\"vertical\",\"show_image\":true,\"show_link\":true},\"children\":[{\"type\":\"list_item\",\"props\":{\"content\":\"\n\n<p style=\\\"text-align: justify;\\\">Comunicaciones Nacionales, Ecuador desarroll\\u00f3 su Tercera Comunicaci\\u00f3n Nacional, julio de 2017.<\\\/p>\",\"icon\":\"arrow-right\"}}]}]},{\"type\":\"column\",\"props\":{\"image_position\":\"center-center\",\"position_sticky_breakpoint\":\"m\",\"width_medium\":\"1-2\"},\"children\":[{\"type\":\"list\",\"props\":{\"column_breakpoint\":\"m\",\"css\":\".el-item {background-color:#7A303F;\\ncolor:#fff;}\",\"image_align\":\"left\",\"image_svg_color\":\"emphasis\",\"image_vertical_align\":true,\"list_element\":\"ul\",\"list_horizontal_separator\":\", \",\"list_marker_color\":\"secondary\",\"list_size\":\"large\",\"list_style\":\"striped\",\"list_type\":\"vertical\",\"show_image\":true,\"show_link\":true},\"children\":[{\"type\":\"list_item\",\"props\":{\"content\":\"\n\n<p style=\\\"text-align: justify;\\\">Informe Bienal de Actualizaci\\u00f3n y el Anexo T\\u00e9cnico de REDD+, septiembre de 2016.<\\\/p>\",\"icon\":\"arrow-right\"}}]},{\"type\":\"list\",\"props\":{\"column_breakpoint\":\"m\",\"css\":\".el-item {background-color:#71A258;\\ncolor:#fff;}\",\"image_align\":\"left\",\"image_svg_color\":\"emphasis\",\"image_vertical_align\":true,\"list_element\":\"ul\",\"list_horizontal_separator\":\", \",\"list_marker_color\":\"secondary\",\"list_size\":\"large\",\"list_style\":\"striped\",\"list_type\":\"vertical\",\"show_image\":true,\"show_link\":true},\"children\":[{\"type\":\"list_item\",\"props\":{\"content\":\"Procesos de seguimiento y control del Plan de Acci\\u00f3n REDD+.\",\"icon\":\"arrow-right\"}}]},{\"type\":\"list\",\"props\":{\"column_breakpoint\":\"m\",\"css\":\".el-item {background-color:#003B4A;\\ncolor: #fff;}\",\"image_align\":\"left\",\"image_svg_color\":\"emphasis\",\"image_vertical_align\":true,\"list_element\":\"ul\",\"list_horizontal_separator\":\", \",\"list_marker_color\":\"secondary\",\"list_size\":\"large\",\"list_style\":\"striped\",\"list_type\":\"vertical\",\"show_image\":true,\"show_link\":true},\"children\":[{\"type\":\"list_item\",\"props\":{\"content\":\"Nivel de Referencia de Emisiones Forestales, al momento contamos para la actividad \\u201cDeforestaci\\u00f3n\\u201d.\",\"icon\":\"arrow-right\"}}]}]}]}]},{\"type\":\"section\",\"props\":{\"animation\":\"slide-top-medium\",\"animation_delay\":\"200\",\"image_position\":\"center-center\",\"padding\":\"small\",\"padding_remove_top\":false,\"style\":\"default\",\"title_breakpoint\":\"xl\",\"title_position\":\"top-left\",\"title_rotation\":\"left\",\"vertical_align\":\"\",\"width\":\"large\"},\"children\":[{\"type\":\"row\",\"children\":[{\"type\":\"column\",\"props\":{\"image_position\":\"center-center\",\"position_sticky_breakpoint\":\"m\"},\"children\":[{\"type\":\"divider\",\"props\":{\"divider_element\":\"hr\",\"divider_style\":\"icon\"}}]}]}]},{\"type\":\"section\",\"props\":{\"animation\":\"slide-top-medium\",\"animation_delay\":\"200\",\"image_position\":\"center-center\",\"padding\":\"xsmall\",\"padding_remove_top\":true,\"style\":\"default\",\"title_breakpoint\":\"xl\",\"title_position\":\"top-left\",\"title_rotation\":\"left\",\"vertical_align\":\"\",\"width\":\"large\"},\"children\":[{\"type\":\"row\",\"props\":{\"layout\":\"1-2,1-2\"},\"children\":[{\"type\":\"column\",\"props\":{\"image_position\":\"center-center\",\"position_sticky_breakpoint\":\"m\",\"vertical_align\":\"middle\",\"width_medium\":\"1-2\"},\"children\":[{\"type\":\"headline\",\"props\":{\"content\":\"Registro Nacional de la Contabilidad de Reducci\\u00f3n de Emisiones por REDD+\",\"text_align\":\"center\",\"title_color\":\"secondary\",\"title_element\":\"h1\",\"title_font_family\":\"primary\",\"title_style\":\"h5\"}},{\"type\":\"text\",\"props\":{\"column_breakpoint\":\"m\",\"content\":\"\n\n<p style=\\\"text-align: justify;\\\">Esta herramienta tiene como objetivo contabilizar la Reducci\\u00f3n de Emisiones (RE) por Deforestaci\\u00f3n evitada bajo un contexto nacional, a partir de una L\\u00ednea Base determinada, as\\u00ed como dar seguimiento a los pagos por resultados recibidos por los diferentes contribuyentes.<\\\/p>\\n\n\n<p style=\\\"text-align: justify;\\\">En esta, se incluir\\u00e1 la siguiente informaci\\u00f3n: periodo de reporte, RE para el periodo reportado, emisiones reducidas, remuneradas o reconocidas mediante pago por resultados (con desglose por contribuyente), la cantidad de RE desactivadas y la cantidad de RE disponibles, con su n\\u00famero de serie respectiva.<\\\/p>\",\"margin\":\"default\"}}]},{\"type\":\"column\",\"props\":{\"image_position\":\"center-center\",\"position_sticky_breakpoint\":\"m\",\"width_medium\":\"1-2\"},\"children\":[{\"type\":\"image\",\"props\":{\"image\":\"wp-content\\\/uploads\\\/descarga_tabla.jpg\",\"image_svg_color\":\"emphasis\",\"link\":\"https:\\\/\\\/nextcloud.ambiente.gob.ec\\\/index.php\\\/s\\\/fj927crCzMpbz4r\",\"link_target\":\"blank\",\"margin\":\"default\",\"text_align\":\"center\"}}]}]}]},{\"type\":\"section\",\"props\":{\"animation\":\"slide-top-medium\",\"animation_delay\":\"200\",\"image_position\":\"center-center\",\"padding\":\"small\",\"style\":\"secondary\",\"title_breakpoint\":\"xl\",\"title_position\":\"top-left\",\"title_rotation\":\"left\",\"vertical_align\":\"\",\"width\":\"large\"},\"children\":[{\"type\":\"row\",\"props\":{\"divider\":true,\"layout\":\"1-3,2-3\"},\"children\":[{\"type\":\"column\",\"props\":{\"image_position\":\"center-center\",\"position_sticky_breakpoint\":\"m\",\"vertical_align\":\"middle\",\"width_medium\":\"1-3\"},\"children\":[{\"type\":\"text\",\"props\":{\"column_breakpoint\":\"m\",\"content\":\"\n\n<p style=\\\"text-align: justify;\\\">El registro de contabilidad de reducci\\u00f3n de emisiones y remuneraciones aqu\\u00ed presentado, bajo ning\\u00fan concepto implica una transferencia de dominio o enajenaci\\u00f3n de las emisiones de gases de efecto invernadero reducidas por Ecuador en el marco de REDD+, ya que seg\\u00fan la Constituci\\u00f3n y la Ley, los servicios ambientales no son susceptibles de apropiaci\\u00f3n.<\\\/p>\",\"css\":\".el-element {color:#fff;}\",\"margin\":\"default\"}}]},{\"type\":\"column\",\"props\":{\"image_position\":\"center-center\",\"position_sticky_breakpoint\":\"m\",\"width_medium\":\"2-3\"},\"children\":[{\"type\":\"list\",\"props\":{\"column_breakpoint\":\"m\",\"image_align\":\"left\",\"image_svg_color\":\"emphasis\",\"image_vertical_align\":true,\"list_element\":\"ul\",\"list_horizontal_separator\":\", \",\"list_type\":\"vertical\",\"show_image\":true,\"show_link\":true},\"children\":[{\"type\":\"list_item\",\"props\":{\"content\":\"Registro Nacional de la Contabilidad de RE en el marco del Programa Piloto de Pago por Resultados del GCF \\u2013 2014.\",\"icon\":\"file-pdf\",\"link\":\"https:\\\/\\\/nextcloud.ambiente.gob.ec\\\/index.php\\\/s\\\/rMFNBTF5Y9cjA5d\",\"link_target\":true}},{\"type\":\"list_item\",\"props\":{\"content\":\"Registro Nacional de la Contabilidad de Reducci\\u00f3n de Emisiones RE para REDD+ para nivel de pago intermedio REM 2019.\",\"icon\":\"file-pdf\",\"link\":\"https:\\\/\\\/nextcloud.ambiente.gob.ec\\\/index.php\\\/s\\\/AzbzHYmyFG8bj6L\",\"link_target\":true}},{\"type\":\"list_item\",\"props\":{\"content\":\"Mapa Interactivo \\u2013 Datos de Deforestaci\\u00f3n.\",\"icon\":\"location\",\"link\":\"http:\\\/\\\/ide.ambiente.gob.ec:8080\\\/mapainteractivo\\\/\",\"link_target\":true}},{\"type\":\"list_item\",\"props\":{\"content\":\"\n\n<p><strong>Anexo 1.<\\\/strong> Informe de Reducci\\u00f3n de Emisiones periodo 2015 \\u2013 2016 (Habilitante pago REM 2018).<\\\/p>\",\"icon\":\"file-pdf\",\"link\":\"https:\\\/\\\/nextcloud.ambiente.gob.ec\\\/index.php\\\/s\\\/DLTybXsEedmRTyf\",\"link_target\":true}},{\"type\":\"list_item\",\"props\":{\"content\":\"\n\n<p><strong>Anexo 2<\\\/strong>. Informe de Reducci\\u00f3n de Emisiones por Deforestaci\\u00f3n, pagos basados en resultados de REDD+ periodo 2017\\u20132018.<\\\/p>\",\"icon\":\"file-pdf\",\"link\":\"https:\\\/\\\/nextcloud.ambiente.gob.ec\\\/index.php\\\/s\\\/fTaC6RQQmn7Xtfw\",\"link_target\":true}},{\"type\":\"list_item\",\"props\":{\"content\":\"\n\n<p style=\\\"text-align: justify;\\\"><strong>Anexo 3.<\\\/strong> Reporte de Verificaci\\u00f3n independiente de las Reducciones de Emisiones de Ecuador para el periodo 2015\\u20132016 elegibles para Pagos Basados en los Resultados del Programa REM.<\\\/p>\",\"icon\":\"file-pdf\",\"link\":\"https:\\\/\\\/nextcloud.ambiente.gob.ec\\\/index.php\\\/s\\\/xfPMmxCzmdWLony\",\"link_target\":true}},{\"type\":\"list_item\",\"props\":{\"content\":\"\n\n<p style=\\\"text-align: justify;\\\"><strong>Anexo 4.<\\\/strong> Verificaci\\u00f3n de Reducci\\u00f3n de Emisiones por Deforestaci\\u00f3n en el Ecuador para pagos basados en resultados de REDD+ periodo 2017 \\u2013 2018 (Habilitante pago REM 2019).<\\\/p>\",\"icon\":\"file-pdf\",\"link\":\"https:\\\/\\\/nextcloud.ambiente.gob.ec\\\/index.php\\\/s\\\/jQnsHZLDPH986g6\",\"link_target\":true}},{\"type\":\"list_item\",\"props\":{\"content\":\"\n\n<p style=\\\"text-align: justify;\\\"><strong>Anexo 5.<\\\/strong> Informe de Deforestaci\\u00f3n Ecuador Continental periodo 2014 \\u2013 2016.<\\\/p>\",\"icon\":\"file-pdf\",\"link\":\"https:\\\/\\\/nextcloud.ambiente.gob.ec\\\/index.php\\\/s\\\/9RL9HNLarD6oknk\",\"link_target\":true}},{\"type\":\"list_item\",\"props\":{\"content\":\"\n\n<p style=\\\"text-align: justify;\\\"><strong>Anexo 6.<\\\/strong> Informe independiente de exactitud del mapa de cambios de cobertura y uso de la tierra para el per\\u00edodo 2017 \\u2013 2018 (Habilitante pago REM 2019).<\\\/p>\",\"icon\":\"file-pdf\",\"link\":\"https:\\\/\\\/nextcloud.ambiente.gob.ec\\\/index.php\\\/s\\\/ANQEAxDGHFRrY2q\",\"link_target\":true}},{\"type\":\"list_item\",\"props\":{\"content\":\"\n\n<p style=\\\"text-align: justify;\\\"><strong>Anexo 7.<\\\/strong> Informe de Reduccion de Emisiones periodo 2019<\\\/p>\",\"icon\":\"file-pdf\",\"link\":\"https:\\\/\\\/nextcloud.ambiente.gob.ec\\\/index.php\\\/s\\\/MWz8yNQposR95Mt\",\"link_target\":true}},{\"type\":\"list_item\",\"props\":{\"content\":\"\n\n<p style=\\\"text-align: justify;\\\"><strong>Anexo 8.<\\\/strong> Reporte verificaci\\u00f3n de las Reducciones de Emisiones de Ecuador periodo 2019<\\\/p>\",\"icon\":\"file-pdf\",\"link\":\"https:\\\/\\\/nextcloud.ambiente.gob.ec\\\/index.php\\\/s\\\/QNyy8SoBmn2Cmp7\",\"link_target\":true}}]}]}]}]}],\"version\":\"4.4.9\"} --><\/p>\n","protected":false},"excerpt":{"rendered":"<p>Contabilidad de Reducci\u00f3n por Emisiones El pa\u00eds ha desarrollado acciones con el objetivo de contabilizar o calcular a nivel nacional la reducci\u00f3n de emisiones de gases de efecto invernadero del sector forestal. Se presenta un registro de los pagos por resultados de REDD+ recibidos que es contrastado con la cantidad de reducci\u00f3n de emisiones contabilizada [&hellip;]<\/p>\n","protected":false},"author":1,"featured_media":0,"parent":261,"menu_order":0,"comment_status":"closed","ping_status":"closed","template":"","meta":{"_monsterinsights_skip_tracking":false,"_monsterinsights_sitenote_active":false,"_monsterinsights_sitenote_note":"","_monsterinsights_sitenote_category":0,"footnotes":""},"class_list":["post-702","page","type-page","status-publish","hentry"],"_links":{"self":[{"href":"https:\/\/reddecuador.ambiente.gob.ec\/redd\/index.php?rest_route=\/wp\/v2\/pages\/702","targetHints":{"allow":["GET"]}}],"collection":[{"href":"https:\/\/reddecuador.ambiente.gob.ec\/redd\/index.php?rest_route=\/wp\/v2\/pages"}],"about":[{"href":"https:\/\/reddecuador.ambiente.gob.ec\/redd\/index.php?rest_route=\/wp\/v2\/types\/page"}],"author":[{"embeddable":true,"href":"https:\/\/reddecuador.ambiente.gob.ec\/redd\/index.php?rest_route=\/wp\/v2\/users\/1"}],"replies":[{"embeddable":true,"href":"https:\/\/reddecuador.ambiente.gob.ec\/redd\/index.php?rest_route=%2Fwp%2Fv2%2Fcomments&post=702"}],"version-history":[{"count":100,"href":"https:\/\/reddecuador.ambiente.gob.ec\/redd\/index.php?rest_route=\/wp\/v2\/pages\/702\/revisions"}],"predecessor-version":[{"id":2591,"href":"https:\/\/reddecuador.ambiente.gob.ec\/redd\/index.php?rest_route=\/wp\/v2\/pages\/702\/revisions\/2591"}],"up":[{"embeddable":true,"href":"https:\/\/reddecuador.ambiente.gob.ec\/redd\/index.php?rest_route=\/wp\/v2\/pages\/261"}],"wp:attachment":[{"href":"https:\/\/reddecuador.ambiente.gob.ec\/redd\/index.php?rest_route=%2Fwp%2Fv2%2Fmedia&parent=702"}],"curies":[{"name":"wp","href":"https:\/\/api.w.org\/{rel}","templated":true}]}}