{"id":707,"date":"2020-07-17T16:55:05","date_gmt":"2020-07-17T16:55:05","guid":{"rendered":"http:\/\/www.geekecuador.com\/redd\/?page_id=707"},"modified":"2021-06-22T03:53:06","modified_gmt":"2021-06-22T03:53:06","slug":"nivel-de-referencia","status":"publish","type":"page","link":"https:\/\/reddecuador.ambiente.gob.ec\/redd\/?page_id=707","title":{"rendered":"Nivel de Referencia"},"content":{"rendered":"<h4>\n<p><img loading=\"lazy\" decoding=\"async\" class=\"alignnone size-full wp-image-393\" src=\"\/redd\/wp-content\/uploads\/01bullet_blanca.png\" alt=\"\" width=\"12\" height=\"60\" \/> NIvel de Referencia<\/p>\n<p><\/h4>\n<h1><span style=\"color: #0a540a;\">Primer Nivel de Referencia de Emisiones Forestales por Deforestaci\u00f3n<\/span><\/h1>\n<div>\n<p style=\"text-align: justify;\">La Conferencia de las Partes (CP) de la CMNUCC ha establecido que los niveles de referencia de emisiones forestales y\/o los niveles de referencia forestales (NREF\/NRF) son: \u201c\u2026puntos de referencia para evaluar el desempe\u00f1o de cada pa\u00eds en la ejecuci\u00f3n de actividades de REDD+\u201d. Estos en conjunto constituyen uno de los pilares necesarios para culminar la fase de preparaci\u00f3n para REDD+.<\/p>\n<p style=\"text-align: justify;\">En t\u00e9rminos generales, los NREF\/NRF son elementos relevantes para evaluar el desempe\u00f1o de un pa\u00eds a la hora de contribuir a la mitigaci\u00f3n del cambio clim\u00e1tico a trav\u00e9s de acciones relacionadas con sus bosques. Estos a su vez deben ser establecidos de forma transparente, teniendo en cuenta datos hist\u00f3ricos y eventuales ajustes a las circunstancias nacionales.<\/p>\n<p style=\"text-align: justify;\">Desarrollar un NREF\/NRF no es un ejercicio independiente, sino que, est\u00e1 vinculado a un Sistema Nacional de Monitoreo de Bosques (SNMB) y a los datos e informaci\u00f3n que este aporta para la medici\u00f3n, reporte y verificaci\u00f3n (MRV) de emisiones forestales por fuentes y absorciones por sumideros. El SNMB podr\u00e1 evaluar los resultados de la implementaci\u00f3n de REDD+ y reportar sus emisiones y absorciones derivadas del sector forestal en sus Inventarios Nacionales de Gases de Efecto Invernadero.<\/p>\n<\/div>\n<div>\n<p style=\"text-align: center;\"><strong><span style=\"color: #993300;\">Ecuador fue el primer pa\u00eds a nivel mundial en presentar su Nivel de Referencia de Emisiones Forestales por Deforestaci\u00f3n (NREF-D) con alcance nacional.<\/span><\/strong><\/p>\n<\/div>\n<p><img decoding=\"async\" src=\"\/redd\/wp-content\/uploads\/kiritim_foto.png\" alt=\"\"><\/p>\n<hr>\n<p><img decoding=\"async\" src=\"\/redd\/wp-content\/uploads\/arbol1.png\" alt=\"\"><\/p>\n<h1><span style=\"color: #ff6600;\">Metodolog\u00eda<\/span><\/h1>\n<div>\n<p style=\"text-align: justify;\">El pa\u00eds utiliza un enfoque por pasos para el desarrollo de su NREF-D, de conformidad con la Decisi\u00f3n 12\/CP.17, p\u00e1rrafo 10, y ha presentado un NREF-D con un enfoque nacional, y se espera la incorporaci\u00f3n de otras actividades a futuro (estas son degradaci\u00f3n, conservaci\u00f3n, manejo forestal sostenible y aumento de contenidos de carbono). El enfoque por pasos permite al pa\u00eds mejorar el NREF-D mediante la incorporaci\u00f3n de mejores datos, metodolog\u00edas y reservorios adicionales.<\/p>\n<\/div>\n<div>\n<p><strong>El NREF-D del Ecuador incluye:<\/strong><\/p>\n<\/div>\n<ul>\n<li>\n<div>\n<p>Datos de actividad (tomados del Mapa Hist\u00f3rico de Deforestaci\u00f3n)<\/p>\n<\/div>\n<\/li>\n<li>\n<div>\n<p>Factores de emisi\u00f3n por tipo de bosque (tomados del Inventario Nacional Forestal)<\/p>\n<\/div>\n<\/li>\n<li>\n<div>\n<p>Contenidos de carbono por tipo de bosque<\/p>\n<\/div>\n<\/li>\n<\/ul>\n<div>\n<p style=\"text-align: justify;\">Se incluye adem\u00e1s el proceso de construcci\u00f3n del NREF-D incluyendo las metodolog\u00edas empleadas para el c\u00e1lculo de factores de emisi\u00f3n, para el c\u00e1lculo de promedios anuales de datos de actividad y el c\u00e1lculo del NREF-D como tal. A continuaci\u00f3n se presentan algunas caracter\u00edsticas y detalles importantes del NREF-D del pa\u00eds.<\/p>\n<\/div>\n<ul>\n<li>\n<h3>Deforestaci\u00f3n bruta<\/h3>\n<div>\n<p style=\"text-align: justify;\">Los datos de actividad utilizados para la construcci\u00f3n de NREF-D de Ecuador fueron extra\u00eddos de una serie temporal hist\u00f3rica de mapas de cobertura y uso de la tierra, desarrollados por el Ministerio del Ambiente (MAE) para los a\u00f1os 1990, 2000 y 2008. Los datos de actividad se estimaron siguiendo el enfoque 3 como se describe en las Gu\u00edas de Buenas pr\u00e1cticas del IPCC para el sector USCUSS (IPCC, 2003). Este enfoque toma en cuenta el uso de la tierra geogr\u00e1ficamente expl\u00edcito y los datos de cambio de uso del suelo para la estimaci\u00f3n de los datos de actividad. Siguiendo este enfoque, se generaron tres mapas wall-to-wall para todo el pa\u00eds mediante el an\u00e1lisis de sensores remotos para representar categor\u00edas de uso del suelo para los a\u00f1os de referencia 1990, 2000 y 2008.<\/p>\n<\/div>\n<\/li>\n<li>\n<h3>Factores de emisi\u00f3n<\/h3>\n<div>\n<p style=\"text-align: justify;\">Para estimar las emisiones hist\u00f3ricas, Ecuador propuso multiplicar la deforestaci\u00f3n bruta de cada tipo de bosque con los factores de emisi\u00f3n espec\u00edficos identificados de cada uno de los nueve estratos.<\/p>\n<\/div>\n<\/li>\n<\/ul>\n<p><img decoding=\"async\" src=\"\/redd\/wp-content\/uploads\/nivel_referencia-1.png\" alt=\"\"><\/p>\n<div>\n<p><a href=\"http:\/\/certificacionpuntoverde.ambiente.gob.ec\/libraries\/EAlfresco.php\/?doc=d973103b-3812-499e-b9c9-b7872174ea2d\"><\/p>\n<p>Descarga la informaci\u00f3n del Nivel de Referencia presentado a la CMNUCC<\/p>\n<p><\/a><\/p>\n<\/div>\n<div>\n<p style=\"text-align: center;\"><strong><span style=\"color: #993300;\">Ecuador fue el primer pa\u00eds a nivel mundial en presentar su Nivel de Referencia de Emisiones Forestales por Deforestaci\u00f3n (NREF-D) con alcance nacional.<\/span><\/strong><\/p>\n<\/div>\n<div>\n<p style=\"text-align: justify;\">Los Factores de Emisi\u00f3n para el NREF-D de Ecuador consisten en las reservas de carbono asociado al tipo de bosque. Se considera adem\u00e1s que la biomasa inmediatamente despu\u00e9s de la deforestaci\u00f3n es cero. Adem\u00e1s, el 100% de la oxidaci\u00f3n del carbono almacenado en la madera muerta y la hojarasca se asume en el momento de la conversi\u00f3n. Este supuesto se considera ya que la informaci\u00f3n disponible sobre el contenido de carbono del uso de la tierra despu\u00e9s de la deforestaci\u00f3n requiere de mayor investigaci\u00f3n.<\/p>\n<p style=\"text-align: justify;\">Resulta importante mencionar que la estratificaci\u00f3n por tipo de bosque, los datos de actividad y factores de emisi\u00f3n son consistentes con la estratificaci\u00f3n utilizada en el <a href=\"https:\/\/singei.ambiente.gob.ec:8443\/singei\/\" target=\"_blank\" rel=\"noopener\">Inventario Nacional de Gases de Efecto Invernadero (INGEI)<\/a>, el cual fue presentado en el Primer Informe Bienal de Actualizaci\u00f3n (IBA) y con la Tercera Comunicaci\u00f3n Nacional sobre Cambio Clim\u00e1tico del Ecuador. Los factores de emisi\u00f3n se calcularon considerando las Gu\u00edas de Buenas Pr\u00e1cticas del Planes Intergubernamental sobre Cambio Clim\u00e1tico (IPCC \u2013 GBP) 2003 y directrices del IPCC 2006, del sector uso de suelo, cambio de uso de suelo y silvicultura (USCUSS).<\/p>\n<p style=\"text-align: justify;\">Ecuador ha decidido utilizar el promedio de emisiones anuales de gases de efecto invernadero por deforestaci\u00f3n estimada para el per\u00edodo 2000-2008 en el contexto del nivel de referencia de emisiones forestales propuesto para REDD+ basada en pagos por resultados, en el per\u00edodo, hasta 2020.<\/p>\n<\/div>\n<p><!--more--><br \/>\n<!-- {\"children\":[{\"name\":\"Hero\",\"type\":\"section\",\"props\":{\"style\":\"default\",\"width\":\"\",\"vertical_align\":\"\",\"title_position\":\"top-left\",\"title_rotation\":\"left\",\"title_breakpoint\":\"xl\",\"image_position\":\"center-center\",\"padding_remove_top\":true,\"padding\":\"none\",\"image\":\"wp-content\\\/uploads\\\/foto_ama.jpg\",\"media_overlay\":\"rgba(0, 0, 0, 0.34)\",\"image_parallax_easing\":\"0\",\"media_blend_mode\":\"overlay\",\"animation\":\"slide-top-medium\",\"animation_delay\":\"200\",\"image_size\":\"cover\"},\"children\":[{\"name\":\"\",\"type\":\"row\",\"children\":[{\"name\":\"\",\"type\":\"column\",\"props\":{\"image_position\":\"center-center\",\"media_overlay_gradient\":\"\",\"width_medium\":\"1-1\"},\"children\":[{\"type\":\"headline\",\"props\":{\"title_element\":\"h4\",\"text_align\":\"center\",\"title_style\":\"h4\",\"title_font_family\":\"primary\",\"css\":\".el-element {color: #fff;}\",\"content\":\"<br \\\/><br \\\/><img class=\\\"alignnone size-full wp-image-393\\\" src=\\\"wp-content\\\/uploads\\\/01bullet_blanca.png\\\" alt=\\\"\\\" width=\\\"12\\\" height=\\\"60\\\" \\\/> NIvel de Referencia<br \\\/><br \\\/><br \\\/>\"}}]}]}]},{\"type\":\"section\",\"props\":{\"style\":\"secondary\",\"width\":\"default\",\"vertical_align\":\"middle\",\"title_position\":\"top-left\",\"title_rotation\":\"left\",\"title_breakpoint\":\"xl\",\"image_position\":\"center-center\",\"preserve_color\":false,\"overlap\":false,\"padding_remove_bottom\":true,\"padding\":\"xsmall\"},\"children\":[{\"type\":\"row\",\"children\":[{\"type\":\"column\",\"props\":{\"image_position\":\"center-center\",\"media_overlay_gradient\":\"\"},\"children\":[]}]}]},{\"name\":\"About\",\"type\":\"section\",\"props\":{\"style\":\"default\",\"width\":\"large\",\"vertical_align\":\"\",\"title_position\":\"top-left\",\"title_rotation\":\"left\",\"title_breakpoint\":\"xl\",\"image_position\":\"center-center\",\"padding\":\"small\",\"padding_remove_bottom\":false,\"padding_remove_top\":false,\"animation\":\"slide-top-medium\",\"animation_delay\":\"200\"},\"children\":[{\"name\":\"\",\"type\":\"row\",\"props\":{\"margin\":\"large\",\"layout\":\"1-2,1-2\",\"column_gap\":\"large\",\"divider\":true},\"children\":[{\"name\":\"\",\"type\":\"column\",\"props\":{\"image_position\":\"center-center\",\"media_overlay_gradient\":\"\",\"width_medium\":\"1-2\"},\"children\":[{\"type\":\"headline\",\"props\":{\"title_element\":\"h1\",\"content\":\"<span style=\\\"color: #0a540a;\\\">Primer Nivel de Referencia de Emisiones Forestales por Deforestaci\\u00f3n<\\\/span>\",\"title_style\":\"h5\",\"title_font_family\":\"primary\",\"text_align\":\"center\"}},{\"name\":\"\",\"type\":\"text\",\"props\":{\"margin\":\"\",\"column_breakpoint\":\"m\",\"content\":\"\n\n<p style=\\\"text-align: justify;\\\">La Conferencia de las Partes (CP) de la CMNUCC ha establecido que los niveles de referencia de emisiones forestales y\\\/o los niveles de referencia forestales (NREF\\\/NRF) son: \\u201c\\u2026puntos de referencia para evaluar el desempe\\u00f1o de cada pa\\u00eds en la ejecuci\\u00f3n de actividades de REDD+\\u201d. Estos en conjunto constituyen uno de los pilares necesarios para culminar la fase de preparaci\\u00f3n para REDD+.<\\\/p>\\n\n\n<p style=\\\"text-align: justify;\\\">En t\\u00e9rminos generales, los NREF\\\/NRF son elementos relevantes para evaluar el desempe\\u00f1o de un pa\\u00eds a la hora de contribuir a la mitigaci\\u00f3n del cambio clim\\u00e1tico a trav\\u00e9s de acciones relacionadas con sus bosques. Estos a su vez deben ser establecidos de forma transparente, teniendo en cuenta datos hist\\u00f3ricos y eventuales ajustes a las circunstancias nacionales.<\\\/p>\\n\n\n<p style=\\\"text-align: justify;\\\">Desarrollar un NREF\\\/NRF no es un ejercicio independiente, sino que, est\\u00e1 vinculado a un Sistema Nacional de Monitoreo de Bosques (SNMB) y a los datos e informaci\\u00f3n que este aporta para la medici\\u00f3n, reporte y verificaci\\u00f3n (MRV) de emisiones forestales por fuentes y absorciones por sumideros. El SNMB podr\\u00e1 evaluar los resultados de la implementaci\\u00f3n de REDD+ y reportar sus emisiones y absorciones derivadas del sector forestal en sus Inventarios Nacionales de Gases de Efecto Invernadero.<\\\/p>\",\"column_divider\":false}}]},{\"type\":\"column\",\"props\":{\"image_position\":\"center-center\",\"media_overlay_gradient\":\"\",\"width_medium\":\"1-2\"},\"children\":[{\"name\":\"\",\"type\":\"text\",\"props\":{\"margin\":\"\",\"column_breakpoint\":\"m\",\"content\":\"\n\n<p style=\\\"text-align: center;\\\"><strong><span style=\\\"color: #993300;\\\">Ecuador fue el primer pa\\u00eds a nivel mundial en presentar su Nivel de Referencia de Emisiones Forestales por Deforestaci\\u00f3n (NREF-D) con alcance nacional.<\\\/span><\\\/strong><\\\/p>\",\"column_divider\":false,\"text_size\":\"large\"}},{\"type\":\"image\",\"props\":{\"margin\":\"default\",\"image_svg_color\":\"emphasis\",\"image\":\"wp-content\\\/uploads\\\/kiritim_foto.png\"}}]}]}]},{\"type\":\"section\",\"props\":{\"style\":\"default\",\"width\":\"large\",\"vertical_align\":\"middle\",\"title_position\":\"top-left\",\"title_rotation\":\"left\",\"title_breakpoint\":\"xl\",\"image_position\":\"center-center\",\"padding\":\"none\",\"padding_remove_top\":true,\"animation\":\"slide-top-medium\",\"animation_delay\":\"200\"},\"children\":[{\"type\":\"row\",\"children\":[{\"type\":\"column\",\"props\":{\"image_position\":\"center-center\",\"media_overlay_gradient\":\"\"},\"children\":[{\"type\":\"divider\",\"props\":{\"divider_element\":\"hr\",\"divider_style\":\"icon\"}}]}]}]},{\"type\":\"section\",\"props\":{\"style\":\"default\",\"width\":\"large\",\"vertical_align\":\"middle\",\"title_position\":\"top-left\",\"title_rotation\":\"left\",\"title_breakpoint\":\"xl\",\"image_position\":\"center-center\",\"padding\":\"small\",\"animation\":\"slide-top-medium\",\"animation_delay\":\"200\"},\"children\":[{\"type\":\"row\",\"props\":{\"layout\":\"2-5,3-5\"},\"children\":[{\"type\":\"column\",\"props\":{\"image_position\":\"center-center\",\"media_overlay_gradient\":\"\",\"width_medium\":\"2-5\"},\"children\":[{\"type\":\"image\",\"props\":{\"margin\":\"default\",\"image_svg_color\":\"emphasis\",\"image\":\"wp-content\\\/uploads\\\/arbol1.png\"}}]},{\"type\":\"column\",\"props\":{\"image_position\":\"center-center\",\"media_overlay_gradient\":\"\",\"width_medium\":\"3-5\"},\"children\":[{\"type\":\"headline\",\"props\":{\"title_element\":\"h1\",\"content\":\"<span style=\\\"color: #ff6600;\\\">Metodolog\\u00eda<\\\/span>\",\"title_style\":\"h5\",\"title_font_family\":\"primary\",\"text_align\":\"left\"}},{\"type\":\"text\",\"props\":{\"margin\":\"default\",\"column_breakpoint\":\"m\",\"content\":\"\n\n<p style=\\\"text-align: justify;\\\">El pa\\u00eds utiliza un enfoque por pasos para el desarrollo de su NREF-D, de conformidad con la Decisi\\u00f3n 12\\\/CP.17, p\\u00e1rrafo 10, y ha presentado un NREF-D con un enfoque nacional, y se espera la incorporaci\\u00f3n de otras actividades a futuro (estas son degradaci\\u00f3n, conservaci\\u00f3n, manejo forestal sostenible y aumento de contenidos de carbono). El enfoque por pasos permite al pa\\u00eds mejorar el NREF-D mediante la incorporaci\\u00f3n de mejores datos, metodolog\\u00edas y reservorios adicionales.<\\\/p>\"}},{\"type\":\"text\",\"props\":{\"margin\":\"default\",\"column_breakpoint\":\"m\",\"content\":\"\n\n<p><strong>El NREF-D del Ecuador incluye:<\\\/strong><\\\/p>\"}},{\"type\":\"list\",\"props\":{\"show_image\":true,\"show_link\":true,\"list_element\":\"ul\",\"column_breakpoint\":\"m\",\"image_svg_color\":\"emphasis\",\"image_align\":\"left\",\"image_vertical_align\":true},\"children\":[{\"type\":\"list_item\",\"props\":{\"content\":\"\n\n<p>Datos de actividad (tomados del Mapa Hist\\u00f3rico de Deforestaci\\u00f3n)<\\\/p>\",\"icon\":\"search\",\"icon_color\":\"primary\"}},{\"type\":\"list_item\",\"props\":{\"content\":\"\n\n<p>Factores de emisi\\u00f3n por tipo de bosque (tomados del Inventario Nacional Forestal)<\\\/p>\",\"icon_color\":\"primary\",\"icon\":\"search\"}},{\"type\":\"list_item\",\"props\":{\"content\":\"\n\n<p>Contenidos de carbono por tipo de bosque<\\\/p>\",\"icon\":\"search\",\"icon_color\":\"primary\"}}]},{\"type\":\"text\",\"props\":{\"margin\":\"default\",\"column_breakpoint\":\"m\",\"content\":\"\n\n<p style=\\\"text-align: justify;\\\">Se incluye adem\\u00e1s el proceso de construcci\\u00f3n del NREF-D incluyendo las metodolog\\u00edas empleadas para el c\\u00e1lculo de factores de emisi\\u00f3n, para el c\\u00e1lculo de promedios anuales de datos de actividad y el c\\u00e1lculo del NREF-D como tal. A continuaci\\u00f3n se presentan algunas caracter\\u00edsticas y detalles importantes del NREF-D del pa\\u00eds.<\\\/p>\"}},{\"type\":\"accordion\",\"props\":{\"show_image\":true,\"show_link\":true,\"collapsible\":false,\"content_column_breakpoint\":\"m\",\"image_svg_color\":\"emphasis\",\"image_align\":\"top\",\"image_grid_width\":\"1-2\",\"image_grid_breakpoint\":\"m\",\"link_text\":\"Read more\",\"link_style\":\"default\",\"multiple\":false},\"children\":[{\"type\":\"accordion_item\",\"props\":{\"content\":\"\n\n<p style=\\\"text-align: justify;\\\">Los datos de actividad utilizados para la construcci\\u00f3n de NREF-D de Ecuador fueron extra\\u00eddos de una serie temporal hist\\u00f3rica de mapas de cobertura y uso de la tierra, desarrollados por el Ministerio del Ambiente (MAE) para los a\\u00f1os 1990, 2000 y 2008. Los datos de actividad se estimaron siguiendo el enfoque 3 como se describe en las Gu\\u00edas de Buenas pr\\u00e1cticas del IPCC para el sector USCUSS (IPCC, 2003). Este enfoque toma en cuenta el uso de la tierra geogr\\u00e1ficamente expl\\u00edcito y los datos de cambio de uso del suelo para la estimaci\\u00f3n de los datos de actividad. Siguiendo este enfoque, se generaron tres mapas wall-to-wall para todo el pa\\u00eds mediante el an\\u00e1lisis de sensores remotos para representar categor\\u00edas de uso del suelo para los a\\u00f1os de referencia 1990, 2000 y 2008.<\\\/p>\",\"title\":\"Deforestaci\\u00f3n bruta\"}},{\"type\":\"accordion_item\",\"props\":{\"title\":\"Factores de emisi\\u00f3n\",\"content\":\"\n\n<p style=\\\"text-align: justify;\\\">Para estimar las emisiones hist\\u00f3ricas, Ecuador propuso multiplicar la deforestaci\\u00f3n bruta de cada tipo de bosque con los factores de emisi\\u00f3n espec\\u00edficos identificados de cada uno de los nueve estratos.<\\\/p>\"}}]}]}]},{\"type\":\"row\",\"props\":{\"layout\":\"2-5,3-5\"},\"children\":[{\"type\":\"column\",\"props\":{\"image_position\":\"center-center\",\"media_overlay_gradient\":\"\",\"width_medium\":\"2-5\",\"vertical_align\":\"middle\"},\"children\":[{\"type\":\"image\",\"props\":{\"margin\":\"default\",\"image_svg_color\":\"emphasis\",\"image\":\"wp-content\\\/uploads\\\/nivel_referencia-1.png\"}},{\"type\":\"list\",\"props\":{\"show_image\":true,\"show_link\":true,\"list_element\":\"ul\",\"column_breakpoint\":\"m\",\"image_svg_color\":\"emphasis\",\"image_align\":\"left\",\"image_vertical_align\":true},\"children\":[{\"type\":\"list_item\",\"props\":{\"content\":\"\n\n<p>Descarga la informaci\\u00f3n del Nivel de Referencia presentado a la CMNUCC<\\\/p>\",\"icon\":\"cloud-download\",\"link\":\"http:\\\/\\\/certificacionpuntoverde.ambiente.gob.ec\\\/libraries\\\/EAlfresco.php\\\/?doc=d973103b-3812-499e-b9c9-b7872174ea2d\",\"link_target\":true}}]}]},{\"type\":\"column\",\"props\":{\"image_position\":\"center-center\",\"media_overlay_gradient\":\"\",\"width_medium\":\"3-5\"},\"children\":[{\"name\":\"\",\"type\":\"text\",\"props\":{\"margin\":\"\",\"column_breakpoint\":\"m\",\"animation\":\"none\",\"content\":\"\n\n<p style=\\\"text-align: center;\\\"><strong><span style=\\\"color: #993300;\\\">Ecuador fue el primer pa\\u00eds a nivel mundial en presentar su Nivel de Referencia de Emisiones Forestales por Deforestaci\\u00f3n (NREF-D) con alcance nacional.<\\\/span><\\\/strong><\\\/p>\",\"column_divider\":false,\"text_size\":\"large\"}},{\"type\":\"text\",\"props\":{\"margin\":\"default\",\"column_breakpoint\":\"m\",\"content\":\"\n\n<p style=\\\"text-align: justify;\\\">Los Factores de Emisi\\u00f3n para el NREF-D de Ecuador consisten en las reservas de carbono asociado al tipo de bosque. Se considera adem\\u00e1s que la biomasa inmediatamente despu\\u00e9s de la deforestaci\\u00f3n es cero. Adem\\u00e1s, el 100% de la oxidaci\\u00f3n del carbono almacenado en la madera muerta y la hojarasca se asume en el momento de la conversi\\u00f3n. Este supuesto se considera ya que la informaci\\u00f3n disponible sobre el contenido de carbono del uso de la tierra despu\\u00e9s de la deforestaci\\u00f3n requiere de mayor investigaci\\u00f3n.<\\\/p>\\n\n\n<p style=\\\"text-align: justify;\\\">Resulta importante mencionar que la estratificaci\\u00f3n por tipo de bosque, los datos de actividad y factores de emisi\\u00f3n son consistentes con la estratificaci\\u00f3n utilizada en el <a href=\\\"https:\\\/\\\/singei.ambiente.gob.ec:8443\\\/singei\\\/\\\" target=\\\"_blank\\\" rel=\\\"noopener\\\">Inventario Nacional de Gases de Efecto Invernadero (INGEI)<\\\/a>, el cual fue presentado en el Primer Informe Bienal de Actualizaci\\u00f3n (IBA) y con la Tercera Comunicaci\\u00f3n Nacional sobre Cambio Clim\\u00e1tico del Ecuador. Los factores de emisi\\u00f3n se calcularon considerando las Gu\\u00edas de Buenas Pr\\u00e1cticas del Planes Intergubernamental sobre Cambio Clim\\u00e1tico (IPCC \\u2013 GBP) 2003 y directrices del IPCC 2006, del sector uso de suelo, cambio de uso de suelo y silvicultura (USCUSS).<\\\/p>\\n\n\n<p style=\\\"text-align: justify;\\\">Ecuador ha decidido utilizar el promedio de emisiones anuales de gases de efecto invernadero por deforestaci\\u00f3n estimada para el per\\u00edodo 2000-2008 en el contexto del nivel de referencia de emisiones forestales propuesto para REDD+ basada en pagos por resultados, en el per\\u00edodo, hasta 2020.<\\\/p>\"}}]}]}]}],\"version\":\"2.4.16\",\"type\":\"layout\"} --><\/p>\n","protected":false},"excerpt":{"rendered":"<p>NIvel de Referencia Primer Nivel de Referencia de Emisiones Forestales por Deforestaci\u00f3n La Conferencia de las Partes (CP) de la CMNUCC ha establecido que los niveles de referencia de emisiones forestales y\/o los niveles de referencia forestales (NREF\/NRF) son: \u201c\u2026puntos de referencia para evaluar el desempe\u00f1o de cada pa\u00eds en la ejecuci\u00f3n de actividades de [&hellip;]<\/p>\n","protected":false},"author":1,"featured_media":0,"parent":261,"menu_order":0,"comment_status":"closed","ping_status":"closed","template":"","meta":{"_monsterinsights_skip_tracking":false,"_monsterinsights_sitenote_active":false,"_monsterinsights_sitenote_note":"","_monsterinsights_sitenote_category":0,"footnotes":""},"class_list":["post-707","page","type-page","status-publish","hentry"],"_links":{"self":[{"href":"https:\/\/reddecuador.ambiente.gob.ec\/redd\/index.php?rest_route=\/wp\/v2\/pages\/707","targetHints":{"allow":["GET"]}}],"collection":[{"href":"https:\/\/reddecuador.ambiente.gob.ec\/redd\/index.php?rest_route=\/wp\/v2\/pages"}],"about":[{"href":"https:\/\/reddecuador.ambiente.gob.ec\/redd\/index.php?rest_route=\/wp\/v2\/types\/page"}],"author":[{"embeddable":true,"href":"https:\/\/reddecuador.ambiente.gob.ec\/redd\/index.php?rest_route=\/wp\/v2\/users\/1"}],"replies":[{"embeddable":true,"href":"https:\/\/reddecuador.ambiente.gob.ec\/redd\/index.php?rest_route=%2Fwp%2Fv2%2Fcomments&post=707"}],"version-history":[{"count":48,"href":"https:\/\/reddecuador.ambiente.gob.ec\/redd\/index.php?rest_route=\/wp\/v2\/pages\/707\/revisions"}],"predecessor-version":[{"id":2056,"href":"https:\/\/reddecuador.ambiente.gob.ec\/redd\/index.php?rest_route=\/wp\/v2\/pages\/707\/revisions\/2056"}],"up":[{"embeddable":true,"href":"https:\/\/reddecuador.ambiente.gob.ec\/redd\/index.php?rest_route=\/wp\/v2\/pages\/261"}],"wp:attachment":[{"href":"https:\/\/reddecuador.ambiente.gob.ec\/redd\/index.php?rest_route=%2Fwp%2Fv2%2Fmedia&parent=707"}],"curies":[{"name":"wp","href":"https:\/\/api.w.org\/{rel}","templated":true}]}}