{"id":801,"date":"2020-08-10T00:30:03","date_gmt":"2020-08-10T00:30:03","guid":{"rendered":"http:\/\/www.geekecuador.com\/redd\/?page_id=801"},"modified":"2021-06-21T14:10:40","modified_gmt":"2021-06-21T14:10:40","slug":"sistema-nacional-de-monitoreo-de-bosques","status":"publish","type":"page","link":"https:\/\/reddecuador.ambiente.gob.ec\/redd\/?page_id=801","title":{"rendered":"Sistema Nacional de Monitoreo de Bosques"},"content":{"rendered":"<h4>\n<p><img loading=\"lazy\" decoding=\"async\" class=\"alignnone size-full wp-image-393\" src=\"\/redd\/wp-content\/uploads\/01bullet_blanca.png\" alt=\"\" width=\"12\" height=\"60\" \/> Sistema Nacional de Monitoreo de Bosques &#8211; SNMB<\/p>\n<p><\/h4>\n<div>\n<p style=\"text-align: justify;\">El Ministerio del Ambiente, Agua y Transici\u00f3n Ecol\u00f3gica se encuentra ejecutando actividades para el fortalecimiento del Sistema Nacional de Monitoreo de Bosques. Este sistema inici\u00f3 en 2013 con el equipo t\u00e9cnico e insumos generados por los proyectos:<\/p>\n<\/div>\n<ul>\n<li>\n<p>        <img decoding=\"async\" src=\"\/redd\/wp-content\/uploads\/mapa_deforestacion1.png\" alt=\"\"><\/p>\n<p><img decoding=\"async\" src=\"\/redd\/wp-content\/uploads\/mapa_deforestacion2.png\" alt=\"\"><\/p>\n<h3>Mapa hist\u00f3rico de deforestaci\u00f3n<\/h3>\n<p><a href=\"http:\/\/ide.ambiente.gob.ec:8080\/mapainteractivo\/\"><\/a><\/p>\n<\/li>\n<li>\n<p>        <img decoding=\"async\" src=\"\/redd\/wp-content\/uploads\/enf1.png\" alt=\"\"><\/p>\n<p><img decoding=\"async\" src=\"\/redd\/wp-content\/uploads\/enf2.png\" alt=\"\"><\/p>\n<h3>Evaluaci\u00f3n Nacional Forestal<\/h3>\n<p><a href=\"http:\/\/enf.ambiente.gob.ec\/web_enf\/\"><\/a><\/p>\n<\/li>\n<li>\n<p>        <img decoding=\"async\" src=\"\/redd\/wp-content\/uploads\/mapa_vegetacion1.png\" alt=\"\"><\/p>\n<p><img decoding=\"async\" src=\"\/redd\/wp-content\/uploads\/mapa_vegetacion2.png\" alt=\"\"><\/p>\n<h3>Mapa de vegetaci\u00f3n del Ecuador<\/h3>\n<p><a href=\"http:\/\/ide.ambiente.gob.ec:8080\/mapainteractivo\/\"><\/a><\/p>\n<\/li>\n<\/ul>\n<div>\n<p style=\"text-align: justify;\"><strong>El SNMB permite determinar el estado de los bosques, por medio de indicadores de cambio de uso y cobertura, adem\u00e1s del seguimiento y reporte de actividades REDD+<\/strong>. Al mismo tiempo, incorpora procesos de monitoreo y medici\u00f3n, as\u00ed como de reporte y verificaci\u00f3n (M-MRV), alineados a las circunstancias y capacidades nacionales y a las directrices de la Convenci\u00f3n Marco de las Naciones Unidas sobre el Cambio Clim\u00e1tico (CMNUCC).<\/p>\n<\/div>\n<div>\n<p style=\"text-align: justify;\">Este Sistema se convierte en un componente operativo del <a href=\"\/redd\/index.php?page_id=380\" target=\"_blank\" rel=\"noopener\">Plan de Acci\u00f3n REDD+<\/a>, el cual resulta indispensable para la implementaci\u00f3n de REDD+ en Ecuador, debido a que su principal funci\u00f3n es contar con informaci\u00f3n peri\u00f3dica sobre los resultados obtenidos a trav\u00e9s de las medidas y acciones nacionales, adem\u00e1s de proveer datos que sean medibles, reportables y verificables para estimaciones y reportes internacionales de las emisiones y, en un futuro, de las absorciones de gases de efecto invernadero forestales.<\/p>\n<\/div>\n<hr>\n<div>\n<p>.<\/p>\n<\/div>\n<p>\n    <a href=\"http:\/\/snmb.ambiente.gob.ec\/snmb\/\">Ir al SNMB<\/a>\n<\/p>\n<div>\n<p>.<\/p>\n<\/div>\n<p><!--more--><br \/>\n<!-- {\"type\":\"layout\",\"children\":[{\"name\":\"Hero\",\"type\":\"section\",\"props\":{\"style\":\"default\",\"width\":\"\",\"vertical_align\":\"\",\"title_position\":\"top-left\",\"title_rotation\":\"left\",\"title_breakpoint\":\"xl\",\"image_position\":\"center-center\",\"padding_remove_top\":true,\"padding\":\"none\",\"image\":\"wp-content\\\/uploads\\\/foto_ama.jpg\",\"media_overlay\":\"rgba(0, 0, 0, 0.34)\",\"image_parallax_easing\":\"0\",\"media_blend_mode\":\"overlay\",\"animation\":\"slide-top-medium\",\"animation_delay\":\"200\",\"image_size\":\"cover\"},\"children\":[{\"name\":\"\",\"type\":\"row\",\"children\":[{\"name\":\"\",\"type\":\"column\",\"props\":{\"image_position\":\"center-center\",\"media_overlay_gradient\":\"\",\"width_medium\":\"1-1\"},\"children\":[{\"type\":\"headline\",\"props\":{\"title_element\":\"h4\",\"text_align\":\"center\",\"title_style\":\"h4\",\"title_font_family\":\"primary\",\"css\":\".el-element {color: #fff;}\",\"content\":\"<br \\\/><br \\\/><img class=\\\"alignnone size-full wp-image-393\\\" src=\\\"wp-content\\\/uploads\\\/01bullet_blanca.png\\\" alt=\\\"\\\" width=\\\"12\\\" height=\\\"60\\\" \\\/> Sistema Nacional de Monitoreo de Bosques - SNMB<br \\\/><br \\\/><br \\\/>\"}}]}]}]},{\"type\":\"section\",\"props\":{\"style\":\"secondary\",\"width\":\"default\",\"vertical_align\":\"middle\",\"title_position\":\"top-left\",\"title_rotation\":\"left\",\"title_breakpoint\":\"xl\",\"image_position\":\"center-center\",\"preserve_color\":false,\"overlap\":false,\"padding_remove_bottom\":true,\"padding\":\"xsmall\"},\"children\":[{\"type\":\"row\",\"children\":[{\"type\":\"column\",\"props\":{\"image_position\":\"center-center\",\"media_overlay_gradient\":\"\"},\"children\":[]}]}]},{\"name\":\"About\",\"type\":\"section\",\"props\":{\"style\":\"default\",\"width\":\"large\",\"vertical_align\":\"\",\"title_position\":\"top-left\",\"title_rotation\":\"left\",\"title_breakpoint\":\"xl\",\"image_position\":\"center-center\",\"padding\":\"small\",\"padding_remove_bottom\":false,\"padding_remove_top\":false,\"animation\":\"slide-top-medium\",\"animation_delay\":\"200\"},\"children\":[{\"name\":\"\",\"type\":\"row\",\"props\":{\"margin\":\"large\",\"layout\":\"1-2,1-2\",\"column_gap\":\"large\",\"divider\":true},\"children\":[{\"name\":\"\",\"type\":\"column\",\"props\":{\"image_position\":\"center-center\",\"media_overlay_gradient\":\"\",\"width_medium\":\"1-2\",\"vertical_align\":\"middle\"},\"children\":[{\"name\":\"\",\"type\":\"text\",\"props\":{\"margin\":\"\",\"column_breakpoint\":\"m\",\"animation\":\"slide-top-medium\",\"content\":\"\n\n<p style=\\\"text-align: justify;\\\">El Ministerio del Ambiente, Agua y Transici\\u00f3n Ecol\\u00f3gica se encuentra ejecutando actividades para el fortalecimiento del Sistema Nacional de Monitoreo de Bosques. Este sistema inici\\u00f3 en 2013 con el equipo t\\u00e9cnico e insumos generados por los proyectos:<\\\/p>\",\"column_divider\":false}},{\"type\":\"gallery\",\"props\":{\"show_title\":false,\"show_meta\":true,\"show_content\":true,\"show_link\":true,\"show_hover_image\":true,\"grid_default\":\"1\",\"grid_medium\":\"3\",\"filter_style\":\"tab\",\"filter_all\":true,\"filter_position\":\"top\",\"filter_align\":\"left\",\"filter_grid_width\":\"auto\",\"filter_grid_breakpoint\":\"m\",\"overlay_mode\":\"cover\",\"overlay_hover\":true,\"overlay_style\":\"\",\"text_color\":\"light\",\"overlay_position\":\"center\",\"overlay_transition\":\"fade\",\"title_hover_style\":\"reset\",\"title_element\":\"h3\",\"meta_style\":\"meta\",\"meta_align\":\"below-title\",\"link_text\":\"\",\"link_style\":\"default\",\"text_align\":\"center\",\"margin\":\"default\",\"item_animation\":true,\"grid_row_align\":false,\"grid_large\":\"3\",\"grid_xlarge\":\"3\",\"overlay_link\":true,\"link_target\":true,\"meta_element\":\"div\"},\"children\":[{\"type\":\"gallery_item\",\"props\":{\"title\":\"Mapa hist\\u00f3rico de deforestaci\\u00f3n\",\"image\":\"wp-content\\\/uploads\\\/mapa_deforestacion1.png\",\"hover_image\":\"wp-content\\\/uploads\\\/mapa_deforestacion2.png\",\"link\":\"http:\\\/\\\/ide.ambiente.gob.ec:8080\\\/mapainteractivo\\\/\"}},{\"type\":\"gallery_item\",\"props\":{\"title\":\"Evaluaci\\u00f3n Nacional Forestal\",\"image\":\"wp-content\\\/uploads\\\/enf1.png\",\"hover_image\":\"wp-content\\\/uploads\\\/enf2.png\",\"link\":\"http:\\\/\\\/enf.ambiente.gob.ec\\\/web_enf\\\/\"}},{\"type\":\"gallery_item\",\"props\":{\"title\":\"Mapa de vegetaci\\u00f3n del Ecuador\",\"image\":\"wp-content\\\/uploads\\\/mapa_vegetacion1.png\",\"hover_image\":\"wp-content\\\/uploads\\\/mapa_vegetacion2.png\",\"link\":\"http:\\\/\\\/ide.ambiente.gob.ec:8080\\\/mapainteractivo\\\/\"}}]}]},{\"type\":\"column\",\"props\":{\"image_position\":\"center-center\",\"media_overlay_gradient\":\"\",\"width_medium\":\"1-2\"},\"children\":[{\"name\":\"\",\"type\":\"text\",\"props\":{\"margin\":\"\",\"column_breakpoint\":\"m\",\"animation\":\"slide-top-medium\",\"content\":\"\n\n<p style=\\\"text-align: justify;\\\"><strong>El SNMB permite determinar el estado de los bosques, por medio de indicadores de cambio de uso y cobertura, adem\\u00e1s del seguimiento y reporte de actividades REDD+<\\\/strong>. Al mismo tiempo, incorpora procesos de monitoreo y medici\\u00f3n, as\\u00ed como de reporte y verificaci\\u00f3n (M-MRV), alineados a las circunstancias y capacidades nacionales y a las directrices de la Convenci\\u00f3n Marco de las Naciones Unidas sobre el Cambio Clim\\u00e1tico (CMNUCC).<\\\/p>\",\"column_divider\":false}},{\"type\":\"text\",\"props\":{\"margin\":\"default\",\"column_breakpoint\":\"m\",\"content\":\"\n\n<p style=\\\"text-align: justify;\\\">Este Sistema se convierte en un componente operativo del <a href=\\\"index.php?page_id=380\\\" target=\\\"_blank\\\" rel=\\\"noopener\\\">Plan de Acci\\u00f3n REDD+<\\\/a>, el cual resulta indispensable para la implementaci\\u00f3n de REDD+ en Ecuador, debido a que su principal funci\\u00f3n es contar con informaci\\u00f3n peri\\u00f3dica sobre los resultados obtenidos a trav\\u00e9s de las medidas y acciones nacionales, adem\\u00e1s de proveer datos que sean medibles, reportables y verificables para estimaciones y reportes internacionales de las emisiones y, en un futuro, de las absorciones de gases de efecto invernadero forestales.<\\\/p>\",\"text_align\":\"center\",\"position_left\":\"-550\"}}]}]}]},{\"type\":\"section\",\"props\":{\"style\":\"default\",\"width\":\"large\",\"vertical_align\":\"middle\",\"title_position\":\"top-left\",\"title_rotation\":\"left\",\"title_breakpoint\":\"xl\",\"image_position\":\"center-center\",\"padding\":\"xsmall\",\"padding_remove_top\":true,\"animation\":\"slide-top-medium\",\"animation_delay\":\"200\"},\"children\":[{\"type\":\"row\",\"children\":[{\"type\":\"column\",\"props\":{\"image_position\":\"center-center\",\"media_overlay_gradient\":\"\"},\"children\":[{\"type\":\"divider\",\"props\":{\"divider_element\":\"hr\",\"divider_style\":\"icon\"}}]}]}]},{\"type\":\"section\",\"props\":{\"style\":\"default\",\"width\":\"large\",\"vertical_align\":\"middle\",\"title_position\":\"top-left\",\"title_rotation\":\"left\",\"title_breakpoint\":\"xl\",\"image_position\":\"center-center\",\"padding\":\"xsmall\",\"animation\":\"slide-top-medium\",\"animation_delay\":\"200\",\"image\":\"wp-content\\\/uploads\\\/nf2.jpg\",\"media_overlay\":\"rgba(0, 0, 0, 0.56)\",\"image_size\":\"cover\",\"image_effect\":\"parallax\",\"image_parallax_bgy_start\":\"-360\"},\"children\":[{\"type\":\"row\",\"children\":[{\"type\":\"column\",\"props\":{\"image_position\":\"center-center\",\"media_overlay_gradient\":\"\",\"width_medium\":\"\"},\"children\":[{\"type\":\"text\",\"props\":{\"margin\":\"default\",\"column_breakpoint\":\"m\",\"content\":\"\n\n<p>.<\\\/p>\"}},{\"type\":\"button\",\"props\":{\"grid_column_gap\":\"small\",\"grid_row_gap\":\"small\",\"margin\":\"default\",\"text_align\":\"center\",\"css\":\".el-content {color:#fff;}\"},\"children\":[{\"type\":\"button_item\",\"props\":{\"button_style\":\"default\",\"icon_align\":\"left\",\"icon\":\"forward\",\"content\":\"Ir al SNMB\",\"link\":\"http:\\\/\\\/snmb.ambiente.gob.ec\\\/snmb\\\/\",\"link_target\":\"blank\"}}]},{\"type\":\"text\",\"props\":{\"margin\":\"default\",\"column_breakpoint\":\"m\",\"content\":\"\n\n<p>.<\\\/p>\"}}]}],\"props\":{\"row_gap\":\"collapse\"}}]}],\"version\":\"2.4.16\"} --><\/p>\n","protected":false},"excerpt":{"rendered":"<p>Sistema Nacional de Monitoreo de Bosques &#8211; SNMB El Ministerio del Ambiente, Agua y Transici\u00f3n Ecol\u00f3gica se encuentra ejecutando actividades para el fortalecimiento del Sistema Nacional de Monitoreo de Bosques. Este sistema inici\u00f3 en 2013 con el equipo t\u00e9cnico e insumos generados por los proyectos: Mapa hist\u00f3rico de deforestaci\u00f3n Evaluaci\u00f3n Nacional Forestal Mapa de vegetaci\u00f3n [&hellip;]<\/p>\n","protected":false},"author":1,"featured_media":0,"parent":261,"menu_order":0,"comment_status":"closed","ping_status":"closed","template":"","meta":{"_monsterinsights_skip_tracking":false,"_monsterinsights_sitenote_active":false,"_monsterinsights_sitenote_note":"","_monsterinsights_sitenote_category":0,"footnotes":""},"class_list":["post-801","page","type-page","status-publish","hentry"],"_links":{"self":[{"href":"https:\/\/reddecuador.ambiente.gob.ec\/redd\/index.php?rest_route=\/wp\/v2\/pages\/801","targetHints":{"allow":["GET"]}}],"collection":[{"href":"https:\/\/reddecuador.ambiente.gob.ec\/redd\/index.php?rest_route=\/wp\/v2\/pages"}],"about":[{"href":"https:\/\/reddecuador.ambiente.gob.ec\/redd\/index.php?rest_route=\/wp\/v2\/types\/page"}],"author":[{"embeddable":true,"href":"https:\/\/reddecuador.ambiente.gob.ec\/redd\/index.php?rest_route=\/wp\/v2\/users\/1"}],"replies":[{"embeddable":true,"href":"https:\/\/reddecuador.ambiente.gob.ec\/redd\/index.php?rest_route=%2Fwp%2Fv2%2Fcomments&post=801"}],"version-history":[{"count":69,"href":"https:\/\/reddecuador.ambiente.gob.ec\/redd\/index.php?rest_route=\/wp\/v2\/pages\/801\/revisions"}],"predecessor-version":[{"id":2050,"href":"https:\/\/reddecuador.ambiente.gob.ec\/redd\/index.php?rest_route=\/wp\/v2\/pages\/801\/revisions\/2050"}],"up":[{"embeddable":true,"href":"https:\/\/reddecuador.ambiente.gob.ec\/redd\/index.php?rest_route=\/wp\/v2\/pages\/261"}],"wp:attachment":[{"href":"https:\/\/reddecuador.ambiente.gob.ec\/redd\/index.php?rest_route=%2Fwp%2Fv2%2Fmedia&parent=801"}],"curies":[{"name":"wp","href":"https:\/\/api.w.org\/{rel}","templated":true}]}}