{"id":909,"date":"2020-08-10T03:58:55","date_gmt":"2020-08-10T03:58:55","guid":{"rendered":"http:\/\/www.geekecuador.com\/redd\/?page_id=909"},"modified":"2023-12-18T19:51:25","modified_gmt":"2023-12-18T19:51:25","slug":"resumenes-de-informacion","status":"publish","type":"page","link":"https:\/\/reddecuador.ambiente.gob.ec\/redd\/?page_id=909","title":{"rendered":"Res\u00famenes de Informaci\u00f3n"},"content":{"rendered":"<h4>\n<p><img loading=\"lazy\" decoding=\"async\" class=\"alignnone size-full wp-image-393\" src=\"\/redd\/wp-content\/uploads\/01bullet_blanca.png\" alt=\"\" width=\"12\" height=\"60\" \/> Resumen de Informaci\u00f3n de Salvaguardas<\/p>\n<p><\/h4>\n<div>\n<p style=\"text-align: justify;\"><strong>El Resumen de Informaci\u00f3n de Salvaguardas<\/strong> es un reporte nacional peri\u00f3dico que informa acerca de los esfuerzos y acciones realizadas para abordar y respetar las salvaguardas para REDD+. Este es un requisito que los pa\u00edses en desarrollo deben implementar en relaci\u00f3n a las salvaguardas, que posibilita acceder a pagos basados en resultados de REDD+ bajo la <strong>Convenci\u00f3n Marco de las Naciones Unidas sobre el Cambio Clim\u00e1tico (CMNUCC). <\/strong><\/p>\n<\/div>\n<div>\n<p>    <img decoding=\"async\" src=\"\/redd\/wp-content\/uploads\/nativo.png\" alt=\"\"><\/p>\n<div>\n<p style=\"text-align: left;\"><span style=\"color: #008080;\"><strong>Ecuador fue el primer pa\u00eds a nivel mundial en presentar un Resumen de Informaci\u00f3n de Salvaguardas con alcance nacional, que incluy\u00f3 las orientaciones provistas en las decisiones de la CMNUCC relacionadas al tema.<\/strong><\/span><\/p>\n<\/div>\n<\/div>\n<div>\n<div id=\"metaslider-id-1605\" style=\"width: 100%;\" class=\"ml-slider-3-102-0 metaslider metaslider-flex metaslider-1605 ml-slider ms-theme-default nav-hidden\" role=\"region\" aria-label=\"Resumen de informaci\u00f3n\" data-height=\"450\" data-width=\"800\">\n    <div id=\"metaslider_container_1605\">\n        <div id=\"metaslider_1605\">\n            <ul class='slides'>\n                <li style=\"display: block; width: 100%;\" class=\"slide-1610 ms-image \" aria-roledescription=\"slide\" data-date=\"2020-10-12 14:17:45\" data-slide-type=\"image\"><img loading=\"lazy\" decoding=\"async\" src=\"https:\/\/reddecuador.ambiente.gob.ec\/redd\/wp-content\/uploads\/shsalfoto2-800x450.jpg\" height=\"450\" width=\"800\" alt=\"\" class=\"slider-1605 slide-1610 msDefaultImage\" title=\"shsalfoto2\" \/><\/li>\n                <li style=\"display: none; width: 100%;\" class=\"slide-1611 ms-image \" aria-roledescription=\"slide\" data-date=\"2020-10-12 14:17:45\" data-slide-type=\"image\"><img loading=\"lazy\" decoding=\"async\" src=\"https:\/\/reddecuador.ambiente.gob.ec\/redd\/wp-content\/uploads\/resumen_informacion-scaled-800x450.jpg\" height=\"450\" width=\"800\" alt=\"\" class=\"slider-1605 slide-1611 msDefaultImage\" title=\"resumen_informacion\" \/><\/li>\n                <li style=\"display: none; width: 100%;\" class=\"slide-1941 ms-image \" aria-roledescription=\"slide\" data-date=\"2021-01-18 14:54:29\" data-slide-type=\"image\"><img loading=\"lazy\" decoding=\"async\" src=\"https:\/\/reddecuador.ambiente.gob.ec\/redd\/wp-content\/uploads\/ri2-800x450.jpg\" height=\"450\" width=\"800\" alt=\"\" class=\"slider-1605 slide-1941 msDefaultImage\" title=\"ri2\" \/><\/li>\n            <\/ul>\n        <\/div>\n        \n    <\/div>\n<\/div><\/div>\n<hr>\n<div>\n<p style=\"text-align: justify;\">Este reporte del pa\u00eds contiene informaci\u00f3n sobre los elementos normativos y pol\u00edticos vigentes y relevantes para el abordaje y respeto de salvaguardas, as\u00ed como procesos y metodolog\u00edas desarrollados para promover y respaldar las salvaguardas. Posibilita evidenciar los grandes esfuerzos y avances desarrollados por el pa\u00eds en materia de REDD+ en general y sobretodo en relaci\u00f3n al abordaje de salvaguardas sociales y ambientales.<\/p>\n<\/div>\n<h1><span style=\"color: #993300;\"><strong>Los pasos para el desarrollo del resumen de informaci\u00f3n son:<\/strong><\/span><\/h1>\n<ul>\n<li>\n<div>Definici\u00f3n del formato para el reporte y selecci\u00f3n del periodo de reporte.<\/div>\n<\/li>\n<li>\n<div>Determinaci\u00f3n del alcance y tipo de informaci\u00f3n incluida en el resumen de informaci\u00f3n.<\/div>\n<\/li>\n<li>\n<div>Recopilaci\u00f3n de informaci\u00f3n para el reporte de las siete salvaguardas.<\/div>\n<\/li>\n<li>\n<div>An\u00e1lisis y sistematizaci\u00f3n de informaci\u00f3n.<\/div>\n<\/li>\n<li>\n<div>Revisi\u00f3n y recepci\u00f3n de aportes de actores.<\/div>\n<\/li>\n<\/ul>\n<div>\n<p style=\"text-align: justify;\">Es clave la cooperaci\u00f3n e involucramiento de diversos actores relevantes en el proceso de desarrollo de los res\u00famenes de informaci\u00f3n para enriquecer su contenido.<\/p>\n<\/div>\n<div>\n<p><span>Es clave la cooperaci\u00f3n e involucramiento de diversos actores relevantes en el proceso de desarrollo de los res\u00famenes de informaci\u00f3n para enriquecer su contenido.<\/span><\/p>\n<\/div>\n<ul>\n<li>\n<p><a href=\"http:\/\/certificacionpuntoverde.ambiente.gob.ec\/libraries\/EAlfresco.php\/?doc=07910a83-767f-487d-bdeb-5514d7825ca6\"><\/p>\n<p>Primer Resumen de Informaci\u00f3n del Abordaje y Respeto de Salvaguardas para REDD+ en Ecuador<\/p>\n<p><\/a><\/p>\n<\/li>\n<li>\n<p><a href=\"http:\/\/certificacionpuntoverde.ambiente.gob.ec\/libraries\/EAlfresco.php\/?doc=65f91904-e343-4c82-89f9-fef304186e2a\">Lecciones aprendidas \u2013 Primer Resumen de Informaci\u00f3n de Salvaguardas<\/a><\/p>\n<\/li>\n<li>\n<p><a href=\"http:\/\/certificacionpuntoverde.ambiente.gob.ec\/libraries\/EAlfresco.php\/?doc=101f5b08-c22b-446c-8d5b-486fdcb71207\">Lessons learned \u2013 First Summary of Information<\/a><\/p>\n<\/li>\n<li>\n<p><a href=\"http:\/\/certificacionpuntoverde.ambiente.gob.ec\/libraries\/EAlfresco.php\/?doc=c96566c0-af26-4f8b-b243-9d2a82a37b5e\"><\/p>\n<p>Segundo Resumen de Informaci\u00f3n del Abordaje y Respeto de Salvaguardas para REDD+ en Ecuador<\/p>\n<p><\/a><\/p>\n<\/li>\n<li>\n<p><a href=\"http:\/\/certificacionpuntoverde.ambiente.gob.ec\/libraries\/EAlfresco.php\/?doc=5843c6f6-afcc-4fac-9366-599ec74d3018\"><\/p>\n<p>Tercer Resumen de Informaci\u00f3n del Abordaje y Respeto de Salvaguardas para REDD+ en Ecuador<\/p>\n<p><\/a><\/p>\n<\/li>\n<\/ul>\n<p><!--more--><br \/>\n<!-- {\"children\":[{\"name\":\"Hero\",\"type\":\"section\",\"props\":{\"style\":\"default\",\"width\":\"\",\"vertical_align\":\"\",\"title_position\":\"top-left\",\"title_rotation\":\"left\",\"title_breakpoint\":\"xl\",\"image_position\":\"center-center\",\"padding_remove_top\":true,\"padding\":\"none\",\"image\":\"wp-content\\\/uploads\\\/foto_ama.jpg\",\"media_overlay\":\"rgba(0, 0, 0, 0.34)\",\"image_parallax_easing\":\"0\",\"media_blend_mode\":\"overlay\",\"animation\":\"slide-top-medium\",\"animation_delay\":\"200\",\"image_size\":\"cover\"},\"children\":[{\"name\":\"\",\"type\":\"row\",\"children\":[{\"name\":\"\",\"type\":\"column\",\"props\":{\"image_position\":\"center-center\",\"media_overlay_gradient\":\"\",\"width_medium\":\"1-1\"},\"children\":[{\"type\":\"headline\",\"props\":{\"title_element\":\"h4\",\"text_align\":\"center\",\"title_style\":\"h4\",\"title_font_family\":\"primary\",\"css\":\".el-element {color: #fff;}\",\"content\":\"<br \\\/><br \\\/><img class=\\\"alignnone size-full wp-image-393\\\" src=\\\"wp-content\\\/uploads\\\/01bullet_blanca.png\\\" alt=\\\"\\\" width=\\\"12\\\" height=\\\"60\\\" \\\/> Resumen de Informaci\\u00f3n de Salvaguardas<br \\\/><br \\\/><br \\\/>\"}}]}]}]},{\"type\":\"section\",\"props\":{\"style\":\"secondary\",\"width\":\"default\",\"vertical_align\":\"middle\",\"title_position\":\"top-left\",\"title_rotation\":\"left\",\"title_breakpoint\":\"xl\",\"image_position\":\"center-center\",\"preserve_color\":false,\"overlap\":false,\"padding_remove_bottom\":true,\"padding\":\"xsmall\",\"css\":\".el-section {background-color:#E04403;}\"},\"children\":[{\"type\":\"row\",\"children\":[{\"type\":\"column\",\"props\":{\"image_position\":\"center-center\",\"media_overlay_gradient\":\"\"},\"children\":[]}]}]},{\"name\":\"About\",\"type\":\"section\",\"props\":{\"style\":\"default\",\"width\":\"large\",\"vertical_align\":\"\",\"title_position\":\"top-left\",\"title_rotation\":\"left\",\"title_breakpoint\":\"xl\",\"image_position\":\"center-center\",\"padding\":\"small\",\"padding_remove_bottom\":false,\"padding_remove_top\":false,\"animation\":\"slide-top-medium\",\"animation_delay\":\"200\"},\"children\":[{\"name\":\"\",\"type\":\"row\",\"props\":{\"margin\":\"large\",\"layout\":\"1-2,1-2\",\"column_gap\":\"large\",\"divider\":true},\"children\":[{\"name\":\"\",\"type\":\"column\",\"props\":{\"image_position\":\"center-center\",\"media_overlay_gradient\":\"\",\"width_medium\":\"1-2\"},\"children\":[{\"name\":\"\",\"type\":\"text\",\"props\":{\"margin\":\"\",\"column_breakpoint\":\"m\",\"content\":\"\n\n<p style=\\\"text-align: justify;\\\"><strong>El Resumen de Informaci\\u00f3n de Salvaguardas<\\\/strong> es un reporte nacional peri\\u00f3dico que informa acerca de los esfuerzos y acciones realizadas para abordar y respetar las salvaguardas para REDD+. Este es un requisito que los pa\\u00edses en desarrollo deben implementar en relaci\\u00f3n a las salvaguardas, que posibilita acceder a pagos basados en resultados de REDD+ bajo la <strong>Convenci\\u00f3n Marco de las Naciones Unidas sobre el Cambio Clim\\u00e1tico (CMNUCC). <\\\/strong><\\\/p>\",\"column_divider\":false}},{\"type\":\"list\",\"props\":{\"show_image\":true,\"show_link\":true,\"list_element\":\"ul\",\"column_breakpoint\":\"m\",\"image_svg_color\":\"emphasis\",\"image_align\":\"left\",\"image_vertical_align\":true,\"image_width\":\"200\",\"list_style\":\"striped\",\"list_size\":\"large\",\"margin\":\"medium\",\"list_marker_color\":\"\"},\"children\":[{\"type\":\"list_item\",\"props\":{\"content\":\"\n\n<p style=\\\"text-align: left;\\\"><span style=\\\"color: #008080;\\\"><strong>Ecuador fue el primer pa\\u00eds a nivel mundial en presentar un Resumen de Informaci\\u00f3n de Salvaguardas con alcance nacional, que incluy\\u00f3 las orientaciones provistas en las decisiones de la CMNUCC relacionadas al tema.<\\\/strong><\\\/span><\\\/p>\",\"image\":\"wp-content\\\/uploads\\\/nativo.png\"}}]}]},{\"type\":\"column\",\"props\":{\"image_position\":\"center-center\",\"media_overlay_gradient\":\"\",\"width_medium\":\"1-2\",\"vertical_align\":\"middle\"},\"children\":[{\"type\":\"html\",\"props\":{\"content\":\"[metaslider id=\\\"1605\\\"]\"}}]}]}]},{\"type\":\"section\",\"props\":{\"style\":\"default\",\"width\":\"large\",\"vertical_align\":\"middle\",\"title_position\":\"top-left\",\"title_rotation\":\"left\",\"title_breakpoint\":\"xl\",\"image_position\":\"center-center\",\"padding\":\"xsmall\",\"padding_remove_top\":true,\"animation\":\"slide-top-medium\",\"animation_delay\":\"200\"},\"children\":[{\"type\":\"row\",\"children\":[{\"type\":\"column\",\"props\":{\"image_position\":\"center-center\",\"media_overlay_gradient\":\"\"},\"children\":[{\"type\":\"divider\",\"props\":{\"divider_element\":\"hr\",\"divider_style\":\"icon\"}}]}]}]},{\"type\":\"section\",\"props\":{\"style\":\"default\",\"width\":\"large\",\"vertical_align\":\"middle\",\"title_position\":\"top-left\",\"title_rotation\":\"left\",\"title_breakpoint\":\"xl\",\"image_position\":\"center-center\",\"padding\":\"xsmall\",\"animation\":\"slide-top-medium\",\"animation_delay\":\"200\"},\"children\":[{\"type\":\"row\",\"children\":[{\"type\":\"column\",\"props\":{\"image_position\":\"center-center\",\"media_overlay_gradient\":\"\"},\"children\":[{\"type\":\"text\",\"props\":{\"margin\":\"default\",\"column_breakpoint\":\"m\",\"content\":\"\n\n<p style=\\\"text-align: justify;\\\">Este reporte del pa\\u00eds contiene informaci\\u00f3n sobre los elementos normativos y pol\\u00edticos vigentes y relevantes para el abordaje y respeto de salvaguardas, as\\u00ed como procesos y metodolog\\u00edas desarrollados para promover y respaldar las salvaguardas. Posibilita evidenciar los grandes esfuerzos y avances desarrollados por el pa\\u00eds en materia de REDD+ en general y sobretodo en relaci\\u00f3n al abordaje de salvaguardas sociales y ambientales.<\\\/p>\"}}]}]}]},{\"type\":\"section\",\"props\":{\"style\":\"default\",\"width\":\"large\",\"vertical_align\":\"middle\",\"title_position\":\"top-left\",\"title_rotation\":\"left\",\"title_breakpoint\":\"xl\",\"image_position\":\"center-center\",\"padding\":\"xsmall\",\"padding_remove_top\":true,\"animation\":\"slide-top-medium\",\"animation_delay\":\"200\"},\"children\":[{\"type\":\"row\",\"children\":[{\"type\":\"column\",\"props\":{\"image_position\":\"center-center\",\"media_overlay_gradient\":\"\",\"width_medium\":\"\"},\"children\":[{\"type\":\"headline\",\"props\":{\"title_element\":\"h1\",\"content\":\"<span style=\\\"color: #993300;\\\"><strong>Los pasos para el desarrollo del resumen de informaci\\u00f3n son:<\\\/strong><\\\/span>\",\"title_style\":\"h5\",\"title_font_family\":\"primary\",\"text_align\":\"center\"}},{\"type\":\"list\",\"props\":{\"show_image\":true,\"show_link\":true,\"list_element\":\"ul\",\"column_breakpoint\":\"m\",\"image_svg_color\":\"emphasis\",\"image_align\":\"left\",\"image_vertical_align\":true,\"position\":\"relative\",\"position_right\":\"-220\"},\"children\":[{\"type\":\"list_item\",\"props\":{\"content\":\"Definici\\u00f3n del formato para el reporte y selecci\\u00f3n del periodo de reporte.\",\"icon\":\"check\",\"link_target\":true,\"link\":\"\"}},{\"type\":\"list_item\",\"props\":{\"content\":\"Determinaci\\u00f3n del alcance y tipo de informaci\\u00f3n incluida en el resumen de informaci\\u00f3n.\",\"icon\":\"check\",\"link_target\":false,\"link\":\"\"}},{\"type\":\"list_item\",\"props\":{\"content\":\"Recopilaci\\u00f3n de informaci\\u00f3n para el reporte de las siete salvaguardas.\",\"icon\":\"check\"}},{\"type\":\"list_item\",\"props\":{\"content\":\"An\\u00e1lisis y sistematizaci\\u00f3n de informaci\\u00f3n.\",\"icon\":\"check\"}},{\"type\":\"list_item\",\"props\":{\"content\":\"Revisi\\u00f3n y recepci\\u00f3n de aportes de actores.\",\"icon\":\"check\"}}]},{\"type\":\"text\",\"props\":{\"margin\":\"default\",\"column_breakpoint\":\"m\",\"content\":\"\n\n<p style=\\\"text-align: justify;\\\">Es clave la cooperaci\\u00f3n e involucramiento de diversos actores relevantes en el proceso de desarrollo de los res\\u00famenes de informaci\\u00f3n para enriquecer su contenido.<\\\/p>\"}}]}],\"props\":{\"row_gap\":\"collapse\"}}]},{\"type\":\"section\",\"props\":{\"style\":\"secondary\",\"width\":\"large\",\"vertical_align\":\"middle\",\"title_position\":\"top-left\",\"title_rotation\":\"left\",\"title_breakpoint\":\"xl\",\"image_position\":\"center-center\",\"padding\":\"small\",\"animation\":\"slide-top-medium\",\"animation_delay\":\"200\"},\"children\":[{\"type\":\"row\",\"props\":{\"layout\":\"1-3,2-3\",\"divider\":true},\"children\":[{\"type\":\"column\",\"props\":{\"image_position\":\"center-center\",\"media_overlay_gradient\":\"\",\"width_medium\":\"1-3\",\"vertical_align\":\"middle\"},\"children\":[{\"type\":\"text\",\"props\":{\"margin\":\"default\",\"column_breakpoint\":\"m\",\"content\":\"\n\n<p><span>Es clave la cooperaci\\u00f3n e involucramiento de diversos actores relevantes en el proceso de desarrollo de los res\\u00famenes de informaci\\u00f3n para enriquecer su contenido.<\\\/span><\\\/p>\"}}]},{\"type\":\"column\",\"props\":{\"image_position\":\"center-center\",\"media_overlay_gradient\":\"\",\"width_medium\":\"2-3\",\"vertical_align\":\"middle\"},\"children\":[{\"type\":\"list\",\"props\":{\"show_image\":true,\"show_link\":true,\"list_element\":\"ul\",\"column_breakpoint\":\"m\",\"image_svg_color\":\"emphasis\",\"image_align\":\"left\",\"image_vertical_align\":true},\"children\":[{\"type\":\"list_item\",\"props\":{\"content\":\"\n\n<p>Primer Resumen de Informaci\\u00f3n del Abordaje y Respeto de Salvaguardas para REDD+ en Ecuador<\\\/p>\",\"icon\":\"cloud-download\",\"link_target\":true,\"link\":\"http:\\\/\\\/certificacionpuntoverde.ambiente.gob.ec\\\/libraries\\\/EAlfresco.php\\\/?doc=07910a83-767f-487d-bdeb-5514d7825ca6\"}},{\"type\":\"list_item\",\"props\":{\"content\":\"Lecciones aprendidas \\u2013 Primer Resumen de Informaci\\u00f3n de Salvaguardas\",\"icon\":\"cloud-download\",\"link_target\":true,\"link\":\"http:\\\/\\\/certificacionpuntoverde.ambiente.gob.ec\\\/libraries\\\/EAlfresco.php\\\/?doc=65f91904-e343-4c82-89f9-fef304186e2a\"}},{\"type\":\"list_item\",\"props\":{\"content\":\"Lessons learned \\u2013 First Summary of Information\",\"icon\":\"cloud-download\",\"link\":\"http:\\\/\\\/certificacionpuntoverde.ambiente.gob.ec\\\/libraries\\\/EAlfresco.php\\\/?doc=101f5b08-c22b-446c-8d5b-486fdcb71207\",\"link_target\":true}},{\"type\":\"list_item\",\"props\":{\"content\":\"\n\n<p>Segundo Resumen de Informaci\\u00f3n del Abordaje y Respeto de Salvaguardas para REDD+ en Ecuador<\\\/p>\",\"icon\":\"cloud-download\",\"link\":\"http:\\\/\\\/certificacionpuntoverde.ambiente.gob.ec\\\/libraries\\\/EAlfresco.php\\\/?doc=c96566c0-af26-4f8b-b243-9d2a82a37b5e\",\"link_target\":true}},{\"type\":\"list_item\",\"props\":{\"content\":\"\n\n<p>Tercer Resumen de Informaci\\u00f3n del Abordaje y Respeto de Salvaguardas para REDD+ en Ecuador<\\\/p>\",\"icon\":\"cloud-download\",\"link\":\"http:\\\/\\\/certificacionpuntoverde.ambiente.gob.ec\\\/libraries\\\/EAlfresco.php\\\/?doc=5843c6f6-afcc-4fac-9366-599ec74d3018\",\"link_target\":false}}]}]}]},{\"type\":\"row\",\"children\":[{\"type\":\"column\",\"props\":{\"image_position\":\"center-center\",\"media_overlay_gradient\":\"\"},\"children\":[]}]}]}],\"version\":\"2.4.16\",\"type\":\"layout\"} --><\/p>\n","protected":false},"excerpt":{"rendered":"<p>Resumen de Informaci\u00f3n de Salvaguardas El Resumen de Informaci\u00f3n de Salvaguardas es un reporte nacional peri\u00f3dico que informa acerca de los esfuerzos y acciones realizadas para abordar y respetar las salvaguardas para REDD+. Este es un requisito que los pa\u00edses en desarrollo deben implementar en relaci\u00f3n a las salvaguardas, que posibilita acceder a pagos basados [&hellip;]<\/p>\n","protected":false},"author":1,"featured_media":0,"parent":263,"menu_order":0,"comment_status":"closed","ping_status":"closed","template":"","meta":{"_monsterinsights_skip_tracking":false,"_monsterinsights_sitenote_active":false,"_monsterinsights_sitenote_note":"","_monsterinsights_sitenote_category":0,"footnotes":""},"class_list":["post-909","page","type-page","status-publish","hentry"],"_links":{"self":[{"href":"https:\/\/reddecuador.ambiente.gob.ec\/redd\/index.php?rest_route=\/wp\/v2\/pages\/909","targetHints":{"allow":["GET"]}}],"collection":[{"href":"https:\/\/reddecuador.ambiente.gob.ec\/redd\/index.php?rest_route=\/wp\/v2\/pages"}],"about":[{"href":"https:\/\/reddecuador.ambiente.gob.ec\/redd\/index.php?rest_route=\/wp\/v2\/types\/page"}],"author":[{"embeddable":true,"href":"https:\/\/reddecuador.ambiente.gob.ec\/redd\/index.php?rest_route=\/wp\/v2\/users\/1"}],"replies":[{"embeddable":true,"href":"https:\/\/reddecuador.ambiente.gob.ec\/redd\/index.php?rest_route=%2Fwp%2Fv2%2Fcomments&post=909"}],"version-history":[{"count":66,"href":"https:\/\/reddecuador.ambiente.gob.ec\/redd\/index.php?rest_route=\/wp\/v2\/pages\/909\/revisions"}],"predecessor-version":[{"id":2430,"href":"https:\/\/reddecuador.ambiente.gob.ec\/redd\/index.php?rest_route=\/wp\/v2\/pages\/909\/revisions\/2430"}],"up":[{"embeddable":true,"href":"https:\/\/reddecuador.ambiente.gob.ec\/redd\/index.php?rest_route=\/wp\/v2\/pages\/263"}],"wp:attachment":[{"href":"https:\/\/reddecuador.ambiente.gob.ec\/redd\/index.php?rest_route=%2Fwp%2Fv2%2Fmedia&parent=909"}],"curies":[{"name":"wp","href":"https:\/\/api.w.org\/{rel}","templated":true}]}}